{"id":10191,"date":"2020-08-26T15:14:05","date_gmt":"2020-08-26T13:14:05","guid":{"rendered":"https:\/\/www.miniwelt24.de\/produkt\/kibri-38994-h0-set-rund-um-den-bahnhof\/"},"modified":"2024-03-11T11:00:25","modified_gmt":"2024-03-11T10:00:25","slug":"kibri-38994-h0-set-rund-um-den-bahnhof","status":"publish","type":"product","link":"https:\/\/www.miniwelt24.de\/vorruebergehend-geschlossen\/produkt\/kibri-38994-h0-set-rund-um-den-bahnhof\/","title":{"rendered":"Kibri 38994 &#8211; H0 Set Rund um den Bahnhof"},"content":{"rendered":"<p>Bausatz. Diese 3 Geb\u00e4ude aus dem Bahnhofsumfeld sind perfekt aufeinander abgestimmt. Die kompakten Abmessungen lassen viel Raum zur individuellen Aufstellung. Bestehend aus G\u00fcterschuppen, Stellwerk und Bahnsteig. Ma\u00dfe: G\u00fcterschuppen L 19 x B 15 x H 11 cm, Stellwerk L 12 x B 5,5 x H 11 cm, Bahnsteig L 101,5 x B 3,8 x H 6 cm. Schwierigkeitsgrad: 2 (Fortgeschrittene).<\/p>\n","protected":false},"excerpt":{"rendered":"<p>H0 Set Rund um den Bahnhof<\/p>\n","protected":false},"featured_media":31181,"template":"","meta":[],"product_brand":[],"product_cat":[343],"product_tag":[3406,5605,5253],"class_list":{"0":"post-10191","1":"product","2":"type-product","3":"status-publish","4":"has-post-thumbnail","6":"product_cat-haeuser-u-figuren","7":"product_tag-bausatz","8":"product_tag-kibri","9":"product_tag-modellauto","10":"product_shipping_class-dhl-paket","12":"first","13":"instock","14":"taxable","15":"shipping-taxable","16":"purchasable","17":"product-type-simple"},"_links":{"self":[{"href":"https:\/\/www.miniwelt24.de\/vorruebergehend-geschlossen\/wp-json\/wp\/v2\/product\/10191","targetHints":{"allow":["GET"]}}],"collection":[{"href":"https:\/\/www.miniwelt24.de\/vorruebergehend-geschlossen\/wp-json\/wp\/v2\/product"}],"about":[{"href":"https:\/\/www.miniwelt24.de\/vorruebergehend-geschlossen\/wp-json\/wp\/v2\/types\/product"}],"wp:featuredmedia":[{"embeddable":true,"href":"https:\/\/www.miniwelt24.de\/vorruebergehend-geschlossen\/wp-json\/wp\/v2\/media\/31181"}],"wp:attachment":[{"href":"https:\/\/www.miniwelt24.de\/vorruebergehend-geschlossen\/wp-json\/wp\/v2\/media?parent=10191"}],"wp:term":[{"taxonomy":"product_brand","embeddable":true,"href":"https:\/\/www.miniwelt24.de\/vorruebergehend-geschlossen\/wp-json\/wp\/v2\/product_brand?post=10191"},{"taxonomy":"product_cat","embeddable":true,"href":"https:\/\/www.miniwelt24.de\/vorruebergehend-geschlossen\/wp-json\/wp\/v2\/product_cat?post=10191"},{"taxonomy":"product_tag","embeddable":true,"href":"https:\/\/www.miniwelt24.de\/vorruebergehend-geschlossen\/wp-json\/wp\/v2\/product_tag?post=10191"}],"curies":[{"name":"wp","href":"https:\/\/api.w.org\/{rel}","templated":true}]}}