{"id":10210,"date":"2020-08-26T15:14:34","date_gmt":"2020-08-26T13:14:34","guid":{"rendered":"https:\/\/www.miniwelt24.de\/produkt\/kibri-39153-h0-leuchtturm-hiddensee-mit-n\/"},"modified":"2024-03-11T11:00:25","modified_gmt":"2024-03-11T10:00:25","slug":"kibri-39153-h0-leuchtturm-hiddensee-mit-nebengebaeude","status":"publish","type":"product","link":"https:\/\/www.miniwelt24.de\/vorruebergehend-geschlossen\/produkt\/kibri-39153-h0-leuchtturm-hiddensee-mit-nebengebaeude\/","title":{"rendered":"Kibri 39153 &#8211; H0 Leuchtturm Hiddensee mit Nebengeb\u00e4ude"},"content":{"rendered":"<p>Bausatz. Mit Stecksystem. Hergestellt im Zweifarben-Spritzgie\u00dfverfahren. Ma\u00dfe: Leuchtturm: \u00d8 5,8 x H 22,3 cm, Nebengeb\u00e4ude L 11 x B 10,5 x H 9,5 cm. Schwierigkeitsgrad: 2 (Fortgeschrittene).<\/p>\n","protected":false},"excerpt":{"rendered":"<p>H0 Leuchtturm Hiddensee mit Nebengeb\u00e4ude<\/p>\n","protected":false},"featured_media":14288,"template":"","meta":[],"product_brand":[],"product_cat":[343],"product_tag":[3406,5605,5253],"class_list":{"0":"post-10210","1":"product","2":"type-product","3":"status-publish","4":"has-post-thumbnail","6":"product_cat-haeuser-u-figuren","7":"product_tag-bausatz","8":"product_tag-kibri","9":"product_tag-modellauto","10":"product_shipping_class-dhl-paket","12":"first","13":"instock","14":"taxable","15":"shipping-taxable","16":"purchasable","17":"product-type-simple"},"_links":{"self":[{"href":"https:\/\/www.miniwelt24.de\/vorruebergehend-geschlossen\/wp-json\/wp\/v2\/product\/10210","targetHints":{"allow":["GET"]}}],"collection":[{"href":"https:\/\/www.miniwelt24.de\/vorruebergehend-geschlossen\/wp-json\/wp\/v2\/product"}],"about":[{"href":"https:\/\/www.miniwelt24.de\/vorruebergehend-geschlossen\/wp-json\/wp\/v2\/types\/product"}],"wp:featuredmedia":[{"embeddable":true,"href":"https:\/\/www.miniwelt24.de\/vorruebergehend-geschlossen\/wp-json\/wp\/v2\/media\/14288"}],"wp:attachment":[{"href":"https:\/\/www.miniwelt24.de\/vorruebergehend-geschlossen\/wp-json\/wp\/v2\/media?parent=10210"}],"wp:term":[{"taxonomy":"product_brand","embeddable":true,"href":"https:\/\/www.miniwelt24.de\/vorruebergehend-geschlossen\/wp-json\/wp\/v2\/product_brand?post=10210"},{"taxonomy":"product_cat","embeddable":true,"href":"https:\/\/www.miniwelt24.de\/vorruebergehend-geschlossen\/wp-json\/wp\/v2\/product_cat?post=10210"},{"taxonomy":"product_tag","embeddable":true,"href":"https:\/\/www.miniwelt24.de\/vorruebergehend-geschlossen\/wp-json\/wp\/v2\/product_tag?post=10210"}],"curies":[{"name":"wp","href":"https:\/\/api.w.org\/{rel}","templated":true}]}}