{"id":10458,"date":"2020-08-31T14:48:05","date_gmt":"2020-08-31T12:48:05","guid":{"rendered":"https:\/\/www.miniwelt24.de\/produkt\/maerklin-29133-maerklin-start-up-startpackung-mein-start-mit-maerklin\/"},"modified":"2024-03-11T11:00:36","modified_gmt":"2024-03-11T10:00:36","slug":"maerklin-29133-maerklin-start-up-startpackung-mein-start-mit-maerklin","status":"publish","type":"product","link":"https:\/\/www.miniwelt24.de\/vorruebergehend-geschlossen\/produkt\/maerklin-29133-maerklin-start-up-startpackung-mein-start-mit-maerklin\/","title":{"rendered":"M\u00e4rklin 29133 &#8211; M\u00e4rklin Start up &#8211; Startpackung &#8220;Mein Start mit M\u00e4rklin&#8221;"},"content":{"rendered":"<p>Art,-Nr.&nbsp;&nbsp;&nbsp;&nbsp;&nbsp; <span class=\"entry--content\" itemprop=\"sku\">29133 <\/span><br \/>\nSpur:&nbsp;&nbsp;&nbsp;&nbsp;&nbsp;&nbsp;&nbsp;&nbsp;&nbsp; H0 \/ 1:87<\/p>\n<p>M&auml;rklin Start up &#8211; Startpackung &quot;Mein Start mit M&auml;rklin&quot;<\/p>\n<p><b>Vorbild:<\/b> Tenderlokomotive, Niederbordwagen Kklm 505 zum Transport einer Planierraupe und ein Kippwagen.<\/p>\n<p>Die kindlich gehaltene Tenderlokomotive ist zugstart und l&auml;sst sich dank des M&auml;rklin Power Control Stick punktgenau mit unterschiedlichen Geschwindigkeiten steuern. Und f&uuml;r einen zus&auml;tzlichen Spielspa&szlig; sorgen der in beide Richtungen kippbare Kippwagen und die Planierraupe als Beladung des Niederbordwagens. Im Set enthalten: Neben dem Zug und seine Beladung ist im Gesamtset der kindgerechte M&auml;rklin Power Control Stick, die ben&ouml;tigten Batterien und alle Gleise f&uuml;r einen Gleisaufbau von 112 x 76 cm enthalten.<\/p>\n<p><b>Highlights<\/b><\/p>\n<ul>\n<li>Modelleisenbahn H0 Start-Set &quot;Mein Start mit M&auml;rklin&quot;. Im Starter-Set enthalten sind eine Tenderlokomotive, Niederbordwagen Kklm 505 zum Transport einer Planierraupe und ein Kippwagen.<\/li>\n<li>Zus&auml;tzliche Ausstattung im Modellbahn Startset: Digital-Decoder und Spezialmotor. Antrieb auf 1 Achse inklusive Haftreifen. Lichtwechsel m&ouml;glich. Lok mit Kupplungshaken. Alle Wagen sind mit Relex-Kupplungen ausgestattet. Lokomotive mit Fahrlicht<\/li>\n<li>Fahrgestell der Modelleisenbahn Lokomotive aus Metall.<\/li>\n<li>Steuerung &uuml;ber den robusten M&auml;rklin Power Control Stick:Freie Beweglichkeit rund um die Anlage durch das kabellose IR-Steuerger&auml;t und aufbaufreundliche C-Gleis-Anlage.<\/li>\n<li>Neben dem Zug und seine Beladung ist im Gesamtset der kindgerechte M&auml;rklin Power Control Stick, die ben&ouml;tigten Batterien und alle Gleise f&uuml;r einen Gleisaufbau von 112 x 76 cm enthalten..<\/li>\n<li>F&uuml;r einen zus&auml;tzlichen Spielspa&szlig; sorgen der in beide Richtungen kippbare Kippwagen und die Planierraupe als Beladung des Niederbordwagens.<\/li>\n<li>All in One Set Modelleisenbahn Startset &ndash; Mit Lokomotive, G&uuml;terwagen und Komplettzubeh&ouml;r.<\/li>\n<\/ul>\n<div class=\"columns medium-6 medium-offset-1\"><span class=\"w2\">Nicht f&uuml;r Kinder unter 3 Jahren<\/span><\/div>\n","protected":false},"excerpt":{"rendered":"<p>M\u00e4rklin Start up &#8211; Startpackung &#8220;Mein Start mit M\u00e4rklin&#8221;<\/p>\n","protected":false},"featured_media":31189,"template":"","meta":[],"product_brand":[],"product_cat":[442],"product_tag":[5540,5593,5247],"class_list":{"0":"post-10458","1":"product","2":"type-product","3":"status-publish","4":"has-post-thumbnail","6":"product_cat-startpackungen","7":"product_tag-h0","8":"product_tag-maerklin","9":"product_tag-modellbahn","10":"product_shipping_class-dhl-paket","12":"first","13":"instock","14":"taxable","15":"shipping-taxable","16":"purchasable","17":"product-type-simple"},"_links":{"self":[{"href":"https:\/\/www.miniwelt24.de\/vorruebergehend-geschlossen\/wp-json\/wp\/v2\/product\/10458","targetHints":{"allow":["GET"]}}],"collection":[{"href":"https:\/\/www.miniwelt24.de\/vorruebergehend-geschlossen\/wp-json\/wp\/v2\/product"}],"about":[{"href":"https:\/\/www.miniwelt24.de\/vorruebergehend-geschlossen\/wp-json\/wp\/v2\/types\/product"}],"wp:featuredmedia":[{"embeddable":true,"href":"https:\/\/www.miniwelt24.de\/vorruebergehend-geschlossen\/wp-json\/wp\/v2\/media\/31189"}],"wp:attachment":[{"href":"https:\/\/www.miniwelt24.de\/vorruebergehend-geschlossen\/wp-json\/wp\/v2\/media?parent=10458"}],"wp:term":[{"taxonomy":"product_brand","embeddable":true,"href":"https:\/\/www.miniwelt24.de\/vorruebergehend-geschlossen\/wp-json\/wp\/v2\/product_brand?post=10458"},{"taxonomy":"product_cat","embeddable":true,"href":"https:\/\/www.miniwelt24.de\/vorruebergehend-geschlossen\/wp-json\/wp\/v2\/product_cat?post=10458"},{"taxonomy":"product_tag","embeddable":true,"href":"https:\/\/www.miniwelt24.de\/vorruebergehend-geschlossen\/wp-json\/wp\/v2\/product_tag?post=10458"}],"curies":[{"name":"wp","href":"https:\/\/api.w.org\/{rel}","templated":true}]}}