{"id":17622,"date":"2020-10-16T22:22:23","date_gmt":"2020-10-16T20:22:23","guid":{"rendered":"https:\/\/www.miniwelt24.de\/produkt\/ammo-by-mig-amig0004-ral-6011-b-resedagruen\/"},"modified":"2024-03-11T11:02:35","modified_gmt":"2024-03-11T10:02:35","slug":"ammo-by-mig-amig0004-ral-6011-b-resedagruen","status":"publish","type":"product","link":"https:\/\/www.miniwelt24.de\/vorruebergehend-geschlossen\/produkt\/ammo-by-mig-amig0004-ral-6011-b-resedagruen\/","title":{"rendered":"Ammo by Mig AMIG0004 &#8211; RAL 6011 B RESEDAGR\u00dcN"},"content":{"rendered":"<p>RAL 6011B Resedagr\u00fcn f\u00fcr deutsche Fahrzeuge im Jahr 1945. Am Ende des Jahres 1944 f\u00fchrte die deutsche Armee neue Varianten der Farben auf ihren Fahrzeugen, wie diese hellgr\u00fcne Farbe verwendet. Zum ersten Mal wird Modellierer in der Lage sp\u00e4te Krieg deutsche Panzer ohne komplexe Mischungen aufgrund unserer gr\u00fcndlichen Recherche zu malen. Acryl &#8211; Authentische Farbe f\u00fcr maximale B\u00fcrste formuliert und Airbrush-Leistung mit dem Ma\u00dfstab Reduktionseffekt, die uns erlauben, die richtigen Farben in Modellbaus\u00e4tze zu erhalten. 17ml Glas. Wasserl\u00f6sliche, geruchlos und ungiftig. Sch\u00fctteln gr\u00fcndlich vor jedem Gebrauch. Wir empfehlen A.MIG-2000 Acryl Verd\u00fcnner zum Verd\u00fcnnen. Trocknet vollst\u00e4ndig in 24 Stunden.<\/p>\n","protected":false},"excerpt":{"rendered":"<p>Ammo by Mig AMIG0004 &#8211; RAL 6011 B RESEDAGR\u00dcN<\/p>\n","protected":false},"featured_media":17795,"template":"","meta":[],"product_brand":[],"product_cat":[4541],"product_tag":[4542,5516,4543],"class_list":{"0":"post-17622","1":"product","2":"type-product","3":"status-publish","4":"has-post-thumbnail","6":"product_cat-farben-pinsel-zubehoer","7":"product_tag-acrylfarbe","8":"product_tag-modellbaufarbe","9":"product_tag-wasserbasis","10":"product_shipping_class-warensendung","12":"first","13":"outofstock","14":"taxable","15":"shipping-taxable","16":"purchasable","17":"product-type-simple"},"_links":{"self":[{"href":"https:\/\/www.miniwelt24.de\/vorruebergehend-geschlossen\/wp-json\/wp\/v2\/product\/17622","targetHints":{"allow":["GET"]}}],"collection":[{"href":"https:\/\/www.miniwelt24.de\/vorruebergehend-geschlossen\/wp-json\/wp\/v2\/product"}],"about":[{"href":"https:\/\/www.miniwelt24.de\/vorruebergehend-geschlossen\/wp-json\/wp\/v2\/types\/product"}],"wp:featuredmedia":[{"embeddable":true,"href":"https:\/\/www.miniwelt24.de\/vorruebergehend-geschlossen\/wp-json\/wp\/v2\/media\/17795"}],"wp:attachment":[{"href":"https:\/\/www.miniwelt24.de\/vorruebergehend-geschlossen\/wp-json\/wp\/v2\/media?parent=17622"}],"wp:term":[{"taxonomy":"product_brand","embeddable":true,"href":"https:\/\/www.miniwelt24.de\/vorruebergehend-geschlossen\/wp-json\/wp\/v2\/product_brand?post=17622"},{"taxonomy":"product_cat","embeddable":true,"href":"https:\/\/www.miniwelt24.de\/vorruebergehend-geschlossen\/wp-json\/wp\/v2\/product_cat?post=17622"},{"taxonomy":"product_tag","embeddable":true,"href":"https:\/\/www.miniwelt24.de\/vorruebergehend-geschlossen\/wp-json\/wp\/v2\/product_tag?post=17622"}],"curies":[{"name":"wp","href":"https:\/\/api.w.org\/{rel}","templated":true}]}}