{"id":17656,"date":"2020-10-16T22:24:47","date_gmt":"2020-10-16T20:24:47","guid":{"rendered":"https:\/\/www.miniwelt24.de\/produkt\/ammo-by-mig-amig0047-satin-white\/"},"modified":"2024-03-11T11:03:00","modified_gmt":"2024-03-11T10:03:00","slug":"ammo-by-mig-amig0047-satin-white","status":"publish","type":"product","link":"https:\/\/www.miniwelt24.de\/vorruebergehend-geschlossen\/produkt\/ammo-by-mig-amig0047-satin-white\/","title":{"rendered":"Ammo by Mig AMIG0047 &#8211; SATIN WHITE"},"content":{"rendered":"<p>Acryl Satin wei\u00dfe Farbe f\u00fcr maximale B\u00fcrste formuliert und Airbrush-Leistung &#8211; 17ml.Water l\u00f6slich, geruchlos und ungiftig. Sch\u00fctteln gr\u00fcndlich vor jedem Gebrauch. Wir empfehlen A.MIG-2000 Acryl Verd\u00fcnner zum Verd\u00fcnnen. Trocknet vollst\u00e4ndig in 24 Stunden.<\/p>\n","protected":false},"excerpt":{"rendered":"<p>Ammo by Mig AMIG0047 &#8211; SATIN WHITE<\/p>\n","protected":false},"featured_media":17829,"template":"","meta":[],"product_brand":[],"product_cat":[4541],"product_tag":[4542,5516,4543],"class_list":{"0":"post-17656","1":"product","2":"type-product","3":"status-publish","4":"has-post-thumbnail","6":"product_cat-farben-pinsel-zubehoer","7":"product_tag-acrylfarbe","8":"product_tag-modellbaufarbe","9":"product_tag-wasserbasis","10":"product_shipping_class-warensendung","12":"first","13":"outofstock","14":"taxable","15":"shipping-taxable","16":"purchasable","17":"product-type-simple"},"_links":{"self":[{"href":"https:\/\/www.miniwelt24.de\/vorruebergehend-geschlossen\/wp-json\/wp\/v2\/product\/17656","targetHints":{"allow":["GET"]}}],"collection":[{"href":"https:\/\/www.miniwelt24.de\/vorruebergehend-geschlossen\/wp-json\/wp\/v2\/product"}],"about":[{"href":"https:\/\/www.miniwelt24.de\/vorruebergehend-geschlossen\/wp-json\/wp\/v2\/types\/product"}],"wp:featuredmedia":[{"embeddable":true,"href":"https:\/\/www.miniwelt24.de\/vorruebergehend-geschlossen\/wp-json\/wp\/v2\/media\/17829"}],"wp:attachment":[{"href":"https:\/\/www.miniwelt24.de\/vorruebergehend-geschlossen\/wp-json\/wp\/v2\/media?parent=17656"}],"wp:term":[{"taxonomy":"product_brand","embeddable":true,"href":"https:\/\/www.miniwelt24.de\/vorruebergehend-geschlossen\/wp-json\/wp\/v2\/product_brand?post=17656"},{"taxonomy":"product_cat","embeddable":true,"href":"https:\/\/www.miniwelt24.de\/vorruebergehend-geschlossen\/wp-json\/wp\/v2\/product_cat?post=17656"},{"taxonomy":"product_tag","embeddable":true,"href":"https:\/\/www.miniwelt24.de\/vorruebergehend-geschlossen\/wp-json\/wp\/v2\/product_tag?post=17656"}],"curies":[{"name":"wp","href":"https:\/\/api.w.org\/{rel}","templated":true}]}}