{"id":17660,"date":"2020-10-16T22:25:05","date_gmt":"2020-10-16T20:25:05","guid":{"rendered":"https:\/\/www.miniwelt24.de\/produkt\/ammo-by-mig-amig0052-deep-green\/"},"modified":"2024-03-11T11:03:06","modified_gmt":"2024-03-11T10:03:06","slug":"ammo-by-mig-amig0052-deep-green","status":"publish","type":"product","link":"https:\/\/www.miniwelt24.de\/vorruebergehend-geschlossen\/produkt\/ammo-by-mig-amig0052-deep-green\/","title":{"rendered":"Ammo by Mig AMIG0052 &#8211; DEEP GREEN"},"content":{"rendered":"<p>Vielseitig tiefgr\u00fcne Farbe f\u00fcr moderne Tarnung, russische Fahrzeuge und verschiedene Themen, darunter T-72, T-80, T-62 und BMP-2, BMP1 und BTR-80. Diese Farbe ist Acryl und formuliert und verschiedene f\u00fcr maximale Leistung sowohl mit Pinsel und Airbrush. Der Ma\u00dfstab Reduction-Effekt erm\u00f6glicht es uns, die richtige Farbe auf unsere Modelle anzuwenden. Wasserl\u00f6sliche, geruchlos und ungiftig. Gut sch\u00fctteln vor jedem Gebrauch. Jedes Gef\u00e4\u00df enth\u00e4lt einen Edelstahl Agitator Mischung zu erleichtern. Wir empfehlen A.MIG -2000 Acryl Verd\u00fcnner f\u00fcr die korrekte Verd\u00fcnnung. Trocknet vollst\u00e4ndig innerhalb von 24 Stunden<\/p>\n","protected":false},"excerpt":{"rendered":"<p>Ammo by Mig AMIG0052 &#8211; DEEP GREEN<\/p>\n","protected":false},"featured_media":17833,"template":"","meta":[],"product_brand":[],"product_cat":[4582,4541],"product_tag":[4542,5516,4543],"class_list":{"0":"post-17660","1":"product","2":"type-product","3":"status-publish","4":"has-post-thumbnail","6":"product_cat-ammo-by-mig","7":"product_cat-farben-pinsel-zubehoer","8":"product_tag-acrylfarbe","9":"product_tag-modellbaufarbe","10":"product_tag-wasserbasis","11":"product_shipping_class-warensendung","13":"first","14":"instock","15":"taxable","16":"shipping-taxable","17":"purchasable","18":"product-type-simple"},"_links":{"self":[{"href":"https:\/\/www.miniwelt24.de\/vorruebergehend-geschlossen\/wp-json\/wp\/v2\/product\/17660","targetHints":{"allow":["GET"]}}],"collection":[{"href":"https:\/\/www.miniwelt24.de\/vorruebergehend-geschlossen\/wp-json\/wp\/v2\/product"}],"about":[{"href":"https:\/\/www.miniwelt24.de\/vorruebergehend-geschlossen\/wp-json\/wp\/v2\/types\/product"}],"wp:featuredmedia":[{"embeddable":true,"href":"https:\/\/www.miniwelt24.de\/vorruebergehend-geschlossen\/wp-json\/wp\/v2\/media\/17833"}],"wp:attachment":[{"href":"https:\/\/www.miniwelt24.de\/vorruebergehend-geschlossen\/wp-json\/wp\/v2\/media?parent=17660"}],"wp:term":[{"taxonomy":"product_brand","embeddable":true,"href":"https:\/\/www.miniwelt24.de\/vorruebergehend-geschlossen\/wp-json\/wp\/v2\/product_brand?post=17660"},{"taxonomy":"product_cat","embeddable":true,"href":"https:\/\/www.miniwelt24.de\/vorruebergehend-geschlossen\/wp-json\/wp\/v2\/product_cat?post=17660"},{"taxonomy":"product_tag","embeddable":true,"href":"https:\/\/www.miniwelt24.de\/vorruebergehend-geschlossen\/wp-json\/wp\/v2\/product_tag?post=17660"}],"curies":[{"name":"wp","href":"https:\/\/api.w.org\/{rel}","templated":true}]}}