{"id":17679,"date":"2020-10-16T22:26:49","date_gmt":"2020-10-16T20:26:49","guid":{"rendered":"https:\/\/www.miniwelt24.de\/produkt\/ammo-by-mig-amig0082-us-apc-interior-green\/"},"modified":"2024-03-11T11:03:17","modified_gmt":"2024-03-11T10:03:17","slug":"ammo-by-mig-amig0082-us-apc-interior-green","status":"publish","type":"product","link":"https:\/\/www.miniwelt24.de\/vorruebergehend-geschlossen\/produkt\/ammo-by-mig-amig0082-us-apc-interior-green\/","title":{"rendered":"Ammo by Mig AMIG0082 &#8211; US APC INTERIOR GREEN"},"content":{"rendered":"<p>Diese hellgr\u00fcne Farbe hat als Hauptzweck die Malerei des Interieurs f\u00fcr die nordamerikanischen moderne Fahrzeuge Anwesenden einschlie\u00dflich. Authentische Farbe f\u00fcr maximale Pinsel und Airbrush-Leistung mit dem Ma\u00dfstab Reduktionseffekt formuliert, die uns erlauben, die richtigen Farben in Modellbaus\u00e4tze zu erhalten. 17ml Glas. Wasserl\u00f6sliche, geruchlos und ungiftig. Sch\u00fctteln gr\u00fcndlich vor jedem Gebrauch. Wir empfehlen A.MIG-2000 Acryl Verd\u00fcnner zum Verd\u00fcnnen. Trocknet vollst\u00e4ndig in 24 Stunden.<\/p>\n","protected":false},"excerpt":{"rendered":"<p>Ammo by Mig AMIG0082 &#8211; US APC INTERIOR GREEN<\/p>\n","protected":false},"featured_media":17852,"template":"","meta":[],"product_brand":[],"product_cat":[4582,4541],"product_tag":[4542,5516,4543],"class_list":{"0":"post-17679","1":"product","2":"type-product","3":"status-publish","4":"has-post-thumbnail","6":"product_cat-ammo-by-mig","7":"product_cat-farben-pinsel-zubehoer","8":"product_tag-acrylfarbe","9":"product_tag-modellbaufarbe","10":"product_tag-wasserbasis","11":"product_shipping_class-warensendung","13":"first","14":"instock","15":"taxable","16":"shipping-taxable","17":"purchasable","18":"product-type-simple"},"_links":{"self":[{"href":"https:\/\/www.miniwelt24.de\/vorruebergehend-geschlossen\/wp-json\/wp\/v2\/product\/17679","targetHints":{"allow":["GET"]}}],"collection":[{"href":"https:\/\/www.miniwelt24.de\/vorruebergehend-geschlossen\/wp-json\/wp\/v2\/product"}],"about":[{"href":"https:\/\/www.miniwelt24.de\/vorruebergehend-geschlossen\/wp-json\/wp\/v2\/types\/product"}],"wp:featuredmedia":[{"embeddable":true,"href":"https:\/\/www.miniwelt24.de\/vorruebergehend-geschlossen\/wp-json\/wp\/v2\/media\/17852"}],"wp:attachment":[{"href":"https:\/\/www.miniwelt24.de\/vorruebergehend-geschlossen\/wp-json\/wp\/v2\/media?parent=17679"}],"wp:term":[{"taxonomy":"product_brand","embeddable":true,"href":"https:\/\/www.miniwelt24.de\/vorruebergehend-geschlossen\/wp-json\/wp\/v2\/product_brand?post=17679"},{"taxonomy":"product_cat","embeddable":true,"href":"https:\/\/www.miniwelt24.de\/vorruebergehend-geschlossen\/wp-json\/wp\/v2\/product_cat?post=17679"},{"taxonomy":"product_tag","embeddable":true,"href":"https:\/\/www.miniwelt24.de\/vorruebergehend-geschlossen\/wp-json\/wp\/v2\/product_tag?post=17679"}],"curies":[{"name":"wp","href":"https:\/\/api.w.org\/{rel}","templated":true}]}}