{"id":1768,"date":"2020-02-06T19:57:28","date_gmt":"2020-02-06T18:57:28","guid":{"rendered":"https:\/\/www.miniwelt24.de\/produkt\/vollmer-42419-h0-maronistand\/"},"modified":"2024-03-11T10:50:59","modified_gmt":"2024-03-11T09:50:59","slug":"vollmer-42419-h0-maronistand","status":"publish","type":"product","link":"https:\/\/www.miniwelt24.de\/vorruebergehend-geschlossen\/produkt\/vollmer-42419-h0-maronistand\/","title":{"rendered":"Vollmer 42419 &#8211; H0 Maronistand"},"content":{"rendered":"<p>Wenn die Tage im Herbst und Winter k\u00e4lter werden, dann findet man in den Fu\u00dfg\u00e4ngerzonen und auf Weihnachtsm\u00e4rkten Maronist\u00e4nde. Die hei\u00dfen Esskastanien in T\u00fcten w\u00e4rmen die kalten Finger und die kleine k\u00f6stliche Mahlzeit wird w\u00e4hrend des Einkaufsbummels vernascht. Dieser nette Maronistand hat sogar einen Bezug zur (Modell-)Eisenbahn und ist eine ideale Erg\u00e4nzung zum Vollmer Weihnachtsdorf Art. 42413. Ma\u00dfe: L 4,5 x B 3,5 x H 4 cm.<\/p>\n","protected":false},"excerpt":{"rendered":"<p>H0 Maronistand<\/p>\n","protected":false},"featured_media":12289,"template":"","meta":[],"product_brand":[],"product_cat":[343],"product_tag":[5247,5586],"class_list":{"0":"post-1768","1":"product","2":"type-product","3":"status-publish","4":"has-post-thumbnail","6":"product_cat-haeuser-u-figuren","7":"product_tag-modellbahn","8":"product_tag-vollmer","9":"product_shipping_class-dhl-paket","11":"first","12":"outofstock","13":"taxable","14":"shipping-taxable","15":"purchasable","16":"product-type-simple"},"_links":{"self":[{"href":"https:\/\/www.miniwelt24.de\/vorruebergehend-geschlossen\/wp-json\/wp\/v2\/product\/1768","targetHints":{"allow":["GET"]}}],"collection":[{"href":"https:\/\/www.miniwelt24.de\/vorruebergehend-geschlossen\/wp-json\/wp\/v2\/product"}],"about":[{"href":"https:\/\/www.miniwelt24.de\/vorruebergehend-geschlossen\/wp-json\/wp\/v2\/types\/product"}],"wp:featuredmedia":[{"embeddable":true,"href":"https:\/\/www.miniwelt24.de\/vorruebergehend-geschlossen\/wp-json\/wp\/v2\/media\/12289"}],"wp:attachment":[{"href":"https:\/\/www.miniwelt24.de\/vorruebergehend-geschlossen\/wp-json\/wp\/v2\/media?parent=1768"}],"wp:term":[{"taxonomy":"product_brand","embeddable":true,"href":"https:\/\/www.miniwelt24.de\/vorruebergehend-geschlossen\/wp-json\/wp\/v2\/product_brand?post=1768"},{"taxonomy":"product_cat","embeddable":true,"href":"https:\/\/www.miniwelt24.de\/vorruebergehend-geschlossen\/wp-json\/wp\/v2\/product_cat?post=1768"},{"taxonomy":"product_tag","embeddable":true,"href":"https:\/\/www.miniwelt24.de\/vorruebergehend-geschlossen\/wp-json\/wp\/v2\/product_tag?post=1768"}],"curies":[{"name":"wp","href":"https:\/\/api.w.org\/{rel}","templated":true}]}}