{"id":17682,"date":"2020-10-16T22:27:09","date_gmt":"2020-10-16T20:27:09","guid":{"rendered":"https:\/\/www.miniwelt24.de\/produkt\/ammo-by-mig-amig0087-ral-6014-gelboliv\/"},"modified":"2024-03-11T11:03:22","modified_gmt":"2024-03-11T10:03:22","slug":"ammo-by-mig-amig0087-ral-6014-gelboliv","status":"publish","type":"product","link":"https:\/\/www.miniwelt24.de\/vorruebergehend-geschlossen\/produkt\/ammo-by-mig-amig0087-ral-6014-gelboliv\/","title":{"rendered":"Ammo by Mig AMIG0087 &#8211; RAL 6014 GELBOLIV"},"content":{"rendered":"<p>RAL 6014 Gelboliv Farbe. Diese Farbe wurde von der Bundeswehr seit Jahrzehnten auf Fahrzeugen wie Leopard und viele andere. Authentische Farbe f\u00fcr maximale Pinsel und Airbrush-Leistung mit dem Ma\u00dfstab Reduktionseffekt formuliert, die uns erlauben, die richtigen Farben in Modellbaus\u00e4tze zu erhalten. 17ml Glas. Wasserl\u00f6sliche, geruchlos und ungiftig. Sch\u00fctteln gr\u00fcndlich vor jedem Gebrauch. Wir empfehlen A.MIG-2000 Acryl Verd\u00fcnner zum Verd\u00fcnnen. Trocknet vollst\u00e4ndig in 24 Stunden.<\/p>\n","protected":false},"excerpt":{"rendered":"<p>Ammo by Mig AMIG0087 &#8211; RAL 6014 GELBOLIV<\/p>\n","protected":false},"featured_media":17855,"template":"","meta":[],"product_brand":[],"product_cat":[4541],"product_tag":[4542,5516,4543],"class_list":{"0":"post-17682","1":"product","2":"type-product","3":"status-publish","4":"has-post-thumbnail","6":"product_cat-farben-pinsel-zubehoer","7":"product_tag-acrylfarbe","8":"product_tag-modellbaufarbe","9":"product_tag-wasserbasis","10":"product_shipping_class-warensendung","12":"first","13":"outofstock","14":"taxable","15":"shipping-taxable","16":"purchasable","17":"product-type-simple"},"_links":{"self":[{"href":"https:\/\/www.miniwelt24.de\/vorruebergehend-geschlossen\/wp-json\/wp\/v2\/product\/17682","targetHints":{"allow":["GET"]}}],"collection":[{"href":"https:\/\/www.miniwelt24.de\/vorruebergehend-geschlossen\/wp-json\/wp\/v2\/product"}],"about":[{"href":"https:\/\/www.miniwelt24.de\/vorruebergehend-geschlossen\/wp-json\/wp\/v2\/types\/product"}],"wp:featuredmedia":[{"embeddable":true,"href":"https:\/\/www.miniwelt24.de\/vorruebergehend-geschlossen\/wp-json\/wp\/v2\/media\/17855"}],"wp:attachment":[{"href":"https:\/\/www.miniwelt24.de\/vorruebergehend-geschlossen\/wp-json\/wp\/v2\/media?parent=17682"}],"wp:term":[{"taxonomy":"product_brand","embeddable":true,"href":"https:\/\/www.miniwelt24.de\/vorruebergehend-geschlossen\/wp-json\/wp\/v2\/product_brand?post=17682"},{"taxonomy":"product_cat","embeddable":true,"href":"https:\/\/www.miniwelt24.de\/vorruebergehend-geschlossen\/wp-json\/wp\/v2\/product_cat?post=17682"},{"taxonomy":"product_tag","embeddable":true,"href":"https:\/\/www.miniwelt24.de\/vorruebergehend-geschlossen\/wp-json\/wp\/v2\/product_tag?post=17682"}],"curies":[{"name":"wp","href":"https:\/\/api.w.org\/{rel}","templated":true}]}}