{"id":17684,"date":"2020-10-16T22:27:21","date_gmt":"2020-10-16T20:27:21","guid":{"rendered":"https:\/\/www.miniwelt24.de\/produkt\/ammo-by-mig-amig0102-ochre-brown\/"},"modified":"2024-03-11T11:03:23","modified_gmt":"2024-03-11T10:03:23","slug":"ammo-by-mig-amig0102-ochre-brown","status":"publish","type":"product","link":"https:\/\/www.miniwelt24.de\/vorruebergehend-geschlossen\/produkt\/ammo-by-mig-amig0102-ochre-brown\/","title":{"rendered":"Ammo by Mig AMIG0102 &#8211; OCHRE BROWN"},"content":{"rendered":"<p>Neue Sandfarbe in vielen russischen Fahrzeugen, einschlie\u00dflich T90 MBT und T14 Armata. Diese authentische Farbe wird von russischen Experten und tats\u00e4chlichen Vehikeln formuliert. Versatile Farbe n\u00fctzlich f\u00fcr Gem\u00e4lde ist jedes Fahrzeug oder Gegenstand in Sand oder Erde Color.This Lack Acryl und f\u00fcr maximale Leistung formuliert sowohl mit Pinsel und Airbrush. Wasserl\u00f6sliche, geruchlos und ungiftig. Gut sch\u00fctteln vor jedem Gebrauch. Jedes Gef\u00e4\u00df enth\u00e4lt ein Edelstahl-R\u00fchrwerk Mischung zu erleichtern. Wir empfehlen A.MIG-2000 Acryl Verd\u00fcnner f\u00fcr die korrekte Verd\u00fcnnung. Trocknet vollst\u00e4ndig in 24 Stunden.<\/p>\n","protected":false},"excerpt":{"rendered":"<p>Ammo by Mig AMIG0102 &#8211; OCHRE BROWN<\/p>\n","protected":false},"featured_media":17857,"template":"","meta":[],"product_brand":[],"product_cat":[4582,4541],"product_tag":[4542,5516,4543],"class_list":{"0":"post-17684","1":"product","2":"type-product","3":"status-publish","4":"has-post-thumbnail","6":"product_cat-ammo-by-mig","7":"product_cat-farben-pinsel-zubehoer","8":"product_tag-acrylfarbe","9":"product_tag-modellbaufarbe","10":"product_tag-wasserbasis","11":"product_shipping_class-warensendung","13":"first","14":"instock","15":"taxable","16":"shipping-taxable","17":"purchasable","18":"product-type-simple"},"_links":{"self":[{"href":"https:\/\/www.miniwelt24.de\/vorruebergehend-geschlossen\/wp-json\/wp\/v2\/product\/17684","targetHints":{"allow":["GET"]}}],"collection":[{"href":"https:\/\/www.miniwelt24.de\/vorruebergehend-geschlossen\/wp-json\/wp\/v2\/product"}],"about":[{"href":"https:\/\/www.miniwelt24.de\/vorruebergehend-geschlossen\/wp-json\/wp\/v2\/types\/product"}],"wp:featuredmedia":[{"embeddable":true,"href":"https:\/\/www.miniwelt24.de\/vorruebergehend-geschlossen\/wp-json\/wp\/v2\/media\/17857"}],"wp:attachment":[{"href":"https:\/\/www.miniwelt24.de\/vorruebergehend-geschlossen\/wp-json\/wp\/v2\/media?parent=17684"}],"wp:term":[{"taxonomy":"product_brand","embeddable":true,"href":"https:\/\/www.miniwelt24.de\/vorruebergehend-geschlossen\/wp-json\/wp\/v2\/product_brand?post=17684"},{"taxonomy":"product_cat","embeddable":true,"href":"https:\/\/www.miniwelt24.de\/vorruebergehend-geschlossen\/wp-json\/wp\/v2\/product_cat?post=17684"},{"taxonomy":"product_tag","embeddable":true,"href":"https:\/\/www.miniwelt24.de\/vorruebergehend-geschlossen\/wp-json\/wp\/v2\/product_tag?post=17684"}],"curies":[{"name":"wp","href":"https:\/\/api.w.org\/{rel}","templated":true}]}}