{"id":17686,"date":"2020-10-16T22:27:32","date_gmt":"2020-10-16T20:27:32","guid":{"rendered":"https:\/\/www.miniwelt24.de\/produkt\/ammo-by-mig-amig0110-scc-1a-british-brown-1941-42\/"},"modified":"2024-03-11T11:03:24","modified_gmt":"2024-03-11T10:03:24","slug":"ammo-by-mig-amig0110-scc-1a-british-brown-1941-42","status":"publish","type":"product","link":"https:\/\/www.miniwelt24.de\/vorruebergehend-geschlossen\/produkt\/ammo-by-mig-amig0110-scc-1a-british-brown-1941-42\/","title":{"rendered":"Ammo by Mig AMIG0110 &#8211; SCC 1A (BRITISH BROWN 1941-42)"},"content":{"rendered":"<p>Brown Farbe SCC 1A. Diese Farbe wurde von der britischen Armee in der Europ\u00e4ischen Front (ETO) zwischen 1941 und 1942, als Tarnung \u00fcber SCC 2 und KHAKI GREEN 3 Farben verwendet. Authentische Farbe f\u00fcr maximale Pinsel und Airbrush-Leistung mit dem Ma\u00dfstab Reduktionseffekt formuliert, die uns erlauben, die richtigen Farben in Modellbaus\u00e4tze zu erhalten. 17ml Glas. Wasserl\u00f6sliche, geruchlos und ungiftig. Sch\u00fctteln gr\u00fcndlich vor jedem Gebrauch. Wir empfehlen A.MIG-2000 Acryl Verd\u00fcnner zum Verd\u00fcnnen. Trocknet vollst\u00e4ndig in 24 Stunden.<\/p>\n","protected":false},"excerpt":{"rendered":"<p>Ammo by Mig AMIG0110 &#8211; SCC 1A (BRITISH BROWN 1941-42)<\/p>\n","protected":false},"featured_media":17859,"template":"","meta":[],"product_brand":[],"product_cat":[4582,4541],"product_tag":[4542,5516,4543],"class_list":{"0":"post-17686","1":"product","2":"type-product","3":"status-publish","4":"has-post-thumbnail","6":"product_cat-ammo-by-mig","7":"product_cat-farben-pinsel-zubehoer","8":"product_tag-acrylfarbe","9":"product_tag-modellbaufarbe","10":"product_tag-wasserbasis","11":"product_shipping_class-warensendung","13":"first","14":"instock","15":"taxable","16":"shipping-taxable","17":"purchasable","18":"product-type-simple"},"_links":{"self":[{"href":"https:\/\/www.miniwelt24.de\/vorruebergehend-geschlossen\/wp-json\/wp\/v2\/product\/17686","targetHints":{"allow":["GET"]}}],"collection":[{"href":"https:\/\/www.miniwelt24.de\/vorruebergehend-geschlossen\/wp-json\/wp\/v2\/product"}],"about":[{"href":"https:\/\/www.miniwelt24.de\/vorruebergehend-geschlossen\/wp-json\/wp\/v2\/types\/product"}],"wp:featuredmedia":[{"embeddable":true,"href":"https:\/\/www.miniwelt24.de\/vorruebergehend-geschlossen\/wp-json\/wp\/v2\/media\/17859"}],"wp:attachment":[{"href":"https:\/\/www.miniwelt24.de\/vorruebergehend-geschlossen\/wp-json\/wp\/v2\/media?parent=17686"}],"wp:term":[{"taxonomy":"product_brand","embeddable":true,"href":"https:\/\/www.miniwelt24.de\/vorruebergehend-geschlossen\/wp-json\/wp\/v2\/product_brand?post=17686"},{"taxonomy":"product_cat","embeddable":true,"href":"https:\/\/www.miniwelt24.de\/vorruebergehend-geschlossen\/wp-json\/wp\/v2\/product_cat?post=17686"},{"taxonomy":"product_tag","embeddable":true,"href":"https:\/\/www.miniwelt24.de\/vorruebergehend-geschlossen\/wp-json\/wp\/v2\/product_tag?post=17686"}],"curies":[{"name":"wp","href":"https:\/\/api.w.org\/{rel}","templated":true}]}}