{"id":17712,"date":"2020-10-16T22:29:20","date_gmt":"2020-10-16T20:29:20","guid":{"rendered":"https:\/\/www.miniwelt24.de\/produkt\/ammo-by-mig-amig0203-fs-36375-light-compass-ghost-gray\/"},"modified":"2024-03-11T11:03:46","modified_gmt":"2024-03-11T10:03:46","slug":"ammo-by-mig-amig0203-fs-36375-light-compass-ghost-gray","status":"publish","type":"product","link":"https:\/\/www.miniwelt24.de\/vorruebergehend-geschlossen\/produkt\/ammo-by-mig-amig0203-fs-36375-light-compass-ghost-gray\/","title":{"rendered":"Ammo by Mig AMIG0203 &#8211; FS 36375 LIGHT COMPASS GHOST GRAY"},"content":{"rendered":"<p>Federal Standard 36375. Diese sehr allgemeine Farbe wird von vielen Luftwaffen verwendet. Einige der Hauptnutzer sind: USAF f\u00fcr F15, A10 und vieles mehr. Die meisten USN Flugzeuge. Russische MiG-21 fr\u00fch, MiG 23 fr\u00fch, MiG 25, MiG 31, Su-24, Tu-22M und andere. Die meisten israelischen Flugzeug Air Force. Diese Farbe kann auch f\u00fcr eine maximalen Pinsel und Airbrush-Leistung mit dem Ma\u00dfstab Reduktionseffekt formuliert Verwendung auf Sci-Fi und viele anderen subjects.Authentic Farbe sein, die uns die richtigen Farben in Modellbaus\u00e4tze erhalten erm\u00f6glichen. 17ml Glas. Wasserl\u00f6sliche, geruchlos und ungiftig. Sch\u00fctteln gr\u00fcndlich vor jedem Gebrauch. Wir empfehlen A.MIG-2000 Acryl Verd\u00fcnner zum Verd\u00fcnnen. Trocknet vollst\u00e4ndig in 24 Stunden.<\/p>\n","protected":false},"excerpt":{"rendered":"<p>Ammo by Mig AMIG0203 &#8211; FS 36375 LIGHT COMPASS GHOST GRAY<\/p>\n","protected":false},"featured_media":17885,"template":"","meta":[],"product_brand":[],"product_cat":[4541],"product_tag":[4542,5516,4543],"class_list":{"0":"post-17712","1":"product","2":"type-product","3":"status-publish","4":"has-post-thumbnail","6":"product_cat-farben-pinsel-zubehoer","7":"product_tag-acrylfarbe","8":"product_tag-modellbaufarbe","9":"product_tag-wasserbasis","10":"product_shipping_class-warensendung","12":"first","13":"outofstock","14":"taxable","15":"shipping-taxable","16":"purchasable","17":"product-type-simple"},"_links":{"self":[{"href":"https:\/\/www.miniwelt24.de\/vorruebergehend-geschlossen\/wp-json\/wp\/v2\/product\/17712","targetHints":{"allow":["GET"]}}],"collection":[{"href":"https:\/\/www.miniwelt24.de\/vorruebergehend-geschlossen\/wp-json\/wp\/v2\/product"}],"about":[{"href":"https:\/\/www.miniwelt24.de\/vorruebergehend-geschlossen\/wp-json\/wp\/v2\/types\/product"}],"wp:featuredmedia":[{"embeddable":true,"href":"https:\/\/www.miniwelt24.de\/vorruebergehend-geschlossen\/wp-json\/wp\/v2\/media\/17885"}],"wp:attachment":[{"href":"https:\/\/www.miniwelt24.de\/vorruebergehend-geschlossen\/wp-json\/wp\/v2\/media?parent=17712"}],"wp:term":[{"taxonomy":"product_brand","embeddable":true,"href":"https:\/\/www.miniwelt24.de\/vorruebergehend-geschlossen\/wp-json\/wp\/v2\/product_brand?post=17712"},{"taxonomy":"product_cat","embeddable":true,"href":"https:\/\/www.miniwelt24.de\/vorruebergehend-geschlossen\/wp-json\/wp\/v2\/product_cat?post=17712"},{"taxonomy":"product_tag","embeddable":true,"href":"https:\/\/www.miniwelt24.de\/vorruebergehend-geschlossen\/wp-json\/wp\/v2\/product_tag?post=17712"}],"curies":[{"name":"wp","href":"https:\/\/api.w.org\/{rel}","templated":true}]}}