{"id":17714,"date":"2020-10-16T22:29:37","date_gmt":"2020-10-16T20:29:37","guid":{"rendered":"https:\/\/www.miniwelt24.de\/produkt\/ammo-by-mig-amig0208-fs-36320-dark-compass-ghost-gray\/"},"modified":"2024-03-11T11:03:47","modified_gmt":"2024-03-11T10:03:47","slug":"ammo-by-mig-amig0208-fs-36320-dark-compass-ghost-gray","status":"publish","type":"product","link":"https:\/\/www.miniwelt24.de\/vorruebergehend-geschlossen\/produkt\/ammo-by-mig-amig0208-fs-36320-dark-compass-ghost-gray\/","title":{"rendered":"Ammo by Mig AMIG0208 &#8211; FS 36320 DARK COMPASS GHOST GRAY"},"content":{"rendered":"<p>Federal Standard 36320 ist eine gemeinsame Farbe von USN und USAF auf vielen verschiedenen Flugzeugen verwendet, zum Beispiel F-15, A-10, F-16 zu sp\u00e4t und taktische Systeme, F-18 aktuelles Schema und andere. Auch n\u00fctzlich f\u00fcr andere Themen wie Science-Fiction, mechas oder ships.Authentic Farbe f\u00fcr maximale B\u00fcrste formuliert und Airbrush-Leistung mit dem Ma\u00dfstab Reduktionseffekt, die uns erlauben, die richtigen Farben in Modellbaus\u00e4tze zu erhalten. 17ml Glas. Wasserl\u00f6sliche, geruchlos und ungiftig. Sch\u00fctteln gr\u00fcndlich vor jedem Gebrauch. Wir empfehlen A.MIG-2000 Acryl Verd\u00fcnner zum Verd\u00fcnnen. Trocknet vollst\u00e4ndig in 24 Stunden.<\/p>\n","protected":false},"excerpt":{"rendered":"<p>Ammo by Mig AMIG0208 &#8211; FS 36320 DARK COMPASS GHOST GRAY<\/p>\n","protected":false},"featured_media":17887,"template":"","meta":[],"product_brand":[],"product_cat":[4541],"product_tag":[4542,5516,4543],"class_list":{"0":"post-17714","1":"product","2":"type-product","3":"status-publish","4":"has-post-thumbnail","6":"product_cat-farben-pinsel-zubehoer","7":"product_tag-acrylfarbe","8":"product_tag-modellbaufarbe","9":"product_tag-wasserbasis","10":"product_shipping_class-warensendung","12":"first","13":"outofstock","14":"taxable","15":"shipping-taxable","16":"purchasable","17":"product-type-simple"},"_links":{"self":[{"href":"https:\/\/www.miniwelt24.de\/vorruebergehend-geschlossen\/wp-json\/wp\/v2\/product\/17714","targetHints":{"allow":["GET"]}}],"collection":[{"href":"https:\/\/www.miniwelt24.de\/vorruebergehend-geschlossen\/wp-json\/wp\/v2\/product"}],"about":[{"href":"https:\/\/www.miniwelt24.de\/vorruebergehend-geschlossen\/wp-json\/wp\/v2\/types\/product"}],"wp:featuredmedia":[{"embeddable":true,"href":"https:\/\/www.miniwelt24.de\/vorruebergehend-geschlossen\/wp-json\/wp\/v2\/media\/17887"}],"wp:attachment":[{"href":"https:\/\/www.miniwelt24.de\/vorruebergehend-geschlossen\/wp-json\/wp\/v2\/media?parent=17714"}],"wp:term":[{"taxonomy":"product_brand","embeddable":true,"href":"https:\/\/www.miniwelt24.de\/vorruebergehend-geschlossen\/wp-json\/wp\/v2\/product_brand?post=17714"},{"taxonomy":"product_cat","embeddable":true,"href":"https:\/\/www.miniwelt24.de\/vorruebergehend-geschlossen\/wp-json\/wp\/v2\/product_cat?post=17714"},{"taxonomy":"product_tag","embeddable":true,"href":"https:\/\/www.miniwelt24.de\/vorruebergehend-geschlossen\/wp-json\/wp\/v2\/product_tag?post=17714"}],"curies":[{"name":"wp","href":"https:\/\/api.w.org\/{rel}","templated":true}]}}