{"id":17724,"date":"2020-10-16T22:30:23","date_gmt":"2020-10-16T20:30:23","guid":{"rendered":"https:\/\/www.miniwelt24.de\/produkt\/ammo-by-mig-amig0224-fs35260-sky-line-blue-a-ii\/"},"modified":"2024-03-11T11:03:55","modified_gmt":"2024-03-11T10:03:55","slug":"ammo-by-mig-amig0224-fs35260-sky-line-blue-a-ii","status":"publish","type":"product","link":"https:\/\/www.miniwelt24.de\/vorruebergehend-geschlossen\/produkt\/ammo-by-mig-amig0224-fs35260-sky-line-blue-a-ii\/","title":{"rendered":"Ammo by Mig AMIG0224 &#8211; FS35260 Sky Line Blue A II"},"content":{"rendered":"<p>Wurde f\u00fcr die authentischsten Farbe f\u00fcr moderne Flugzeuge, einschlie\u00dflich der popul\u00e4ren SU-33 genau untersucht und wiedergegeben werden. Die ideale Farbe f\u00fcr Mechas und Roboter, diese vielseitige Farbe ist n\u00fctzlich f\u00fcr die Science-Fiction, zivile, moderne Tarnung, und eine Vielzahl von Themen. Diese Farbe isacrylic und f\u00fcr maximale Leistung sowohl mit Pinsel und Airbrush formuliert. Der Ma\u00dfstab Reduction-Effekt erm\u00f6glicht es uns, die richtige Farbe auf unsere Modelle anzuwenden. Wasserl\u00f6sliche, geruchlos und ungiftig. Gut sch\u00fctteln vor jedem Gebrauch. Jedes Gef\u00e4\u00df enth\u00e4lt einen Edelstahl Agitator Mischung zu erleichtern. Wir empfehlen A.MIG-2000 Acryl Verd\u00fcnner f\u00fcr die korrekte Verd\u00fcnnung. Trocknet vollst\u00e4ndig in 24 Stunden.<\/p>\n","protected":false},"excerpt":{"rendered":"<p>Ammo by Mig AMIG0224 &#8211; FS35260 Sky Line Blue A II<\/p>\n","protected":false},"featured_media":17897,"template":"","meta":[],"product_brand":[],"product_cat":[4582,4541],"product_tag":[4542,5516,4543],"class_list":{"0":"post-17724","1":"product","2":"type-product","3":"status-publish","4":"has-post-thumbnail","6":"product_cat-ammo-by-mig","7":"product_cat-farben-pinsel-zubehoer","8":"product_tag-acrylfarbe","9":"product_tag-modellbaufarbe","10":"product_tag-wasserbasis","11":"product_shipping_class-warensendung","13":"first","14":"instock","15":"taxable","16":"shipping-taxable","17":"purchasable","18":"product-type-simple"},"_links":{"self":[{"href":"https:\/\/www.miniwelt24.de\/vorruebergehend-geschlossen\/wp-json\/wp\/v2\/product\/17724","targetHints":{"allow":["GET"]}}],"collection":[{"href":"https:\/\/www.miniwelt24.de\/vorruebergehend-geschlossen\/wp-json\/wp\/v2\/product"}],"about":[{"href":"https:\/\/www.miniwelt24.de\/vorruebergehend-geschlossen\/wp-json\/wp\/v2\/types\/product"}],"wp:featuredmedia":[{"embeddable":true,"href":"https:\/\/www.miniwelt24.de\/vorruebergehend-geschlossen\/wp-json\/wp\/v2\/media\/17897"}],"wp:attachment":[{"href":"https:\/\/www.miniwelt24.de\/vorruebergehend-geschlossen\/wp-json\/wp\/v2\/media?parent=17724"}],"wp:term":[{"taxonomy":"product_brand","embeddable":true,"href":"https:\/\/www.miniwelt24.de\/vorruebergehend-geschlossen\/wp-json\/wp\/v2\/product_brand?post=17724"},{"taxonomy":"product_cat","embeddable":true,"href":"https:\/\/www.miniwelt24.de\/vorruebergehend-geschlossen\/wp-json\/wp\/v2\/product_cat?post=17724"},{"taxonomy":"product_tag","embeddable":true,"href":"https:\/\/www.miniwelt24.de\/vorruebergehend-geschlossen\/wp-json\/wp\/v2\/product_tag?post=17724"}],"curies":[{"name":"wp","href":"https:\/\/api.w.org\/{rel}","templated":true}]}}