{"id":17741,"date":"2020-10-16T22:32:01","date_gmt":"2020-10-16T20:32:01","guid":{"rendered":"https:\/\/www.miniwelt24.de\/produkt\/ammo-by-mig-amig0254-rlm-75-grauviolett\/"},"modified":"2024-03-11T11:04:09","modified_gmt":"2024-03-11T10:04:09","slug":"ammo-by-mig-amig0254-rlm-75-grauviolett","status":"publish","type":"product","link":"https:\/\/www.miniwelt24.de\/vorruebergehend-geschlossen\/produkt\/ammo-by-mig-amig0254-rlm-75-grauviolett\/","title":{"rendered":"Ammo by Mig AMIG0254 &#8211; RLM 75 Grauviolett"},"content":{"rendered":"<p>RLM 75 Grauviolett war eine der Farben auf den oberen Fl\u00e4chen der Luftwaffe K\u00e4mpfers in den mittleren Jahren des Zweiten Weltkrieges, in der Regel in Kombination mit RLM 74 GRAUGR\u00fcN verwendet. Unter den Flugzeugen mit dieser Farbe getarnt sind zwei der ber\u00fchmtesten K\u00e4mpfer der gesamten Geschichte des Kampfes der Luftfahrt: Die Fw 190 und Bf 109. Diese Farbe ist Acryl und f\u00fcr maximale Leistung formuliert sowohl mit Pinsel und Airbrush, pr\u00e4zise und leicht f\u00fcr Skala aufgehellt Reduktionseffekt. Wasserl\u00f6sliche, geruchlos und ungiftig. Gut sch\u00fctteln vor jedem Gebrauch. Jedes Gef\u00e4\u00df enth\u00e4lt ein Edelstahl-R\u00fchrwerk Mischung zu erleichtern. Wir empfehlen A.MIG-2000 Acryl Verd\u00fcnner f\u00fcr die korrekte Verd\u00fcnnung. Trocknet vollst\u00e4ndig in 24 Stunden.<\/p>\n","protected":false},"excerpt":{"rendered":"<p>Ammo by Mig AMIG0254 &#8211; RLM 75 Grauviolett<\/p>\n","protected":false},"featured_media":17914,"template":"","meta":[],"product_brand":[],"product_cat":[4582,4541],"product_tag":[4542,5516,4543],"class_list":{"0":"post-17741","1":"product","2":"type-product","3":"status-publish","4":"has-post-thumbnail","6":"product_cat-ammo-by-mig","7":"product_cat-farben-pinsel-zubehoer","8":"product_tag-acrylfarbe","9":"product_tag-modellbaufarbe","10":"product_tag-wasserbasis","11":"product_shipping_class-warensendung","13":"first","14":"instock","15":"taxable","16":"shipping-taxable","17":"purchasable","18":"product-type-simple"},"_links":{"self":[{"href":"https:\/\/www.miniwelt24.de\/vorruebergehend-geschlossen\/wp-json\/wp\/v2\/product\/17741","targetHints":{"allow":["GET"]}}],"collection":[{"href":"https:\/\/www.miniwelt24.de\/vorruebergehend-geschlossen\/wp-json\/wp\/v2\/product"}],"about":[{"href":"https:\/\/www.miniwelt24.de\/vorruebergehend-geschlossen\/wp-json\/wp\/v2\/types\/product"}],"wp:featuredmedia":[{"embeddable":true,"href":"https:\/\/www.miniwelt24.de\/vorruebergehend-geschlossen\/wp-json\/wp\/v2\/media\/17914"}],"wp:attachment":[{"href":"https:\/\/www.miniwelt24.de\/vorruebergehend-geschlossen\/wp-json\/wp\/v2\/media?parent=17741"}],"wp:term":[{"taxonomy":"product_brand","embeddable":true,"href":"https:\/\/www.miniwelt24.de\/vorruebergehend-geschlossen\/wp-json\/wp\/v2\/product_brand?post=17741"},{"taxonomy":"product_cat","embeddable":true,"href":"https:\/\/www.miniwelt24.de\/vorruebergehend-geschlossen\/wp-json\/wp\/v2\/product_cat?post=17741"},{"taxonomy":"product_tag","embeddable":true,"href":"https:\/\/www.miniwelt24.de\/vorruebergehend-geschlossen\/wp-json\/wp\/v2\/product_tag?post=17741"}],"curies":[{"name":"wp","href":"https:\/\/api.w.org\/{rel}","templated":true}]}}