{"id":17743,"date":"2020-10-16T22:32:08","date_gmt":"2020-10-16T20:32:08","guid":{"rendered":"https:\/\/www.miniwelt24.de\/produkt\/ammo-by-mig-amig0256-rlm-84-graublau\/"},"modified":"2024-03-11T11:04:10","modified_gmt":"2024-03-11T10:04:10","slug":"ammo-by-mig-amig0256-rlm-84-graublau","status":"publish","type":"product","link":"https:\/\/www.miniwelt24.de\/vorruebergehend-geschlossen\/produkt\/ammo-by-mig-amig0256-rlm-84-graublau\/","title":{"rendered":"Ammo by Mig AMIG0256 &#8211; RLM 84 Graublau"},"content":{"rendered":"<p>RLM 84 Graublau wurde in den letzten Monaten des Zweiten Weltkrieges, in der Regel in Kombination mit anderen Farben zu den oberen Oberfl\u00e4chen des Luftwaffe&#8217;s Flugzeugs aufgetragen. Unter den Flugzeugtypen diese Farbe zu tragen waren die letzten Versionen der ber\u00fchmten Bf 109. Diese Farbe Acryl ist und f\u00fcr eine maximale Leistung formuliert sowohl mit Pinsel und Airbrush, pr\u00e4zise und leicht f\u00fcr Skala Reduktionseffekt aufgehellt. Wasserl\u00f6sliche, geruchlos und ungiftig. Gut sch\u00fctteln vor jedem Gebrauch. Jedes Gef\u00e4\u00df enth\u00e4lt ein Edelstahl-R\u00fchrwerk Mischung zu erleichtern. Wir empfehlen A.MIG-2000 Acryl Verd\u00fcnner f\u00fcr die korrekte Verd\u00fcnnung. Trocknet vollst\u00e4ndig innerhalb von 24 Stunden<\/p>\n","protected":false},"excerpt":{"rendered":"<p>Ammo by Mig AMIG0256 &#8211; RLM 84 Graublau<\/p>\n","protected":false},"featured_media":17916,"template":"","meta":[],"product_brand":[],"product_cat":[4582,4541],"product_tag":[4542,5516,4543],"class_list":{"0":"post-17743","1":"product","2":"type-product","3":"status-publish","4":"has-post-thumbnail","6":"product_cat-ammo-by-mig","7":"product_cat-farben-pinsel-zubehoer","8":"product_tag-acrylfarbe","9":"product_tag-modellbaufarbe","10":"product_tag-wasserbasis","11":"product_shipping_class-warensendung","13":"first","14":"instock","15":"taxable","16":"shipping-taxable","17":"purchasable","18":"product-type-simple"},"_links":{"self":[{"href":"https:\/\/www.miniwelt24.de\/vorruebergehend-geschlossen\/wp-json\/wp\/v2\/product\/17743","targetHints":{"allow":["GET"]}}],"collection":[{"href":"https:\/\/www.miniwelt24.de\/vorruebergehend-geschlossen\/wp-json\/wp\/v2\/product"}],"about":[{"href":"https:\/\/www.miniwelt24.de\/vorruebergehend-geschlossen\/wp-json\/wp\/v2\/types\/product"}],"wp:featuredmedia":[{"embeddable":true,"href":"https:\/\/www.miniwelt24.de\/vorruebergehend-geschlossen\/wp-json\/wp\/v2\/media\/17916"}],"wp:attachment":[{"href":"https:\/\/www.miniwelt24.de\/vorruebergehend-geschlossen\/wp-json\/wp\/v2\/media?parent=17743"}],"wp:term":[{"taxonomy":"product_brand","embeddable":true,"href":"https:\/\/www.miniwelt24.de\/vorruebergehend-geschlossen\/wp-json\/wp\/v2\/product_brand?post=17743"},{"taxonomy":"product_cat","embeddable":true,"href":"https:\/\/www.miniwelt24.de\/vorruebergehend-geschlossen\/wp-json\/wp\/v2\/product_cat?post=17743"},{"taxonomy":"product_tag","embeddable":true,"href":"https:\/\/www.miniwelt24.de\/vorruebergehend-geschlossen\/wp-json\/wp\/v2\/product_tag?post=17743"}],"curies":[{"name":"wp","href":"https:\/\/api.w.org\/{rel}","templated":true}]}}