{"id":17770,"date":"2020-10-16T22:34:19","date_gmt":"2020-10-16T20:34:19","guid":{"rendered":"https:\/\/www.miniwelt24.de\/produkt\/ammo-by-mig-amig0934-russian-high-light\/"},"modified":"2024-03-11T11:04:39","modified_gmt":"2024-03-11T10:04:39","slug":"ammo-by-mig-amig0934-russian-high-light","status":"publish","type":"product","link":"https:\/\/www.miniwelt24.de\/vorruebergehend-geschlossen\/produkt\/ammo-by-mig-amig0934-russian-high-light\/","title":{"rendered":"Ammo by Mig AMIG0934 &#8211; RUSSIAN HIGH LIGHT"},"content":{"rendered":"<p>Acrylfarbe in Kombination mit anderen T\u00f6nen der gleichen Farbpalette, um den Modulationseffekt, interessanten Lichteffekten und Volumeneffekten mit unseren Modellen Basis colors.This zu erhalten Farbe f\u00fcr maximale Pinsel und Airbrush-Leistung formuliert wurde &#8211; 17ml. Wasserl\u00f6sliche, geruchlos und ungiftig. Sch\u00fctteln gr\u00fcndlich vor jedem Gebrauch. Wir empfehlen A.MIG-2000 Acryl Verd\u00fcnner zum Verd\u00fcnnen. Trocknet vollst\u00e4ndig in 24 Stunden.<\/p>\n","protected":false},"excerpt":{"rendered":"<p>Ammo by Mig AMIG0934 &#8211; RUSSIAN HIGH LIGHT<\/p>\n","protected":false},"featured_media":17943,"template":"","meta":[],"product_brand":[],"product_cat":[4582,4541],"product_tag":[],"class_list":{"0":"post-17770","1":"product","2":"type-product","3":"status-publish","4":"has-post-thumbnail","6":"product_cat-ammo-by-mig","7":"product_cat-farben-pinsel-zubehoer","8":"product_shipping_class-warensendung","10":"first","11":"instock","12":"taxable","13":"shipping-taxable","14":"purchasable","15":"product-type-simple"},"_links":{"self":[{"href":"https:\/\/www.miniwelt24.de\/vorruebergehend-geschlossen\/wp-json\/wp\/v2\/product\/17770","targetHints":{"allow":["GET"]}}],"collection":[{"href":"https:\/\/www.miniwelt24.de\/vorruebergehend-geschlossen\/wp-json\/wp\/v2\/product"}],"about":[{"href":"https:\/\/www.miniwelt24.de\/vorruebergehend-geschlossen\/wp-json\/wp\/v2\/types\/product"}],"wp:featuredmedia":[{"embeddable":true,"href":"https:\/\/www.miniwelt24.de\/vorruebergehend-geschlossen\/wp-json\/wp\/v2\/media\/17943"}],"wp:attachment":[{"href":"https:\/\/www.miniwelt24.de\/vorruebergehend-geschlossen\/wp-json\/wp\/v2\/media?parent=17770"}],"wp:term":[{"taxonomy":"product_brand","embeddable":true,"href":"https:\/\/www.miniwelt24.de\/vorruebergehend-geschlossen\/wp-json\/wp\/v2\/product_brand?post=17770"},{"taxonomy":"product_cat","embeddable":true,"href":"https:\/\/www.miniwelt24.de\/vorruebergehend-geschlossen\/wp-json\/wp\/v2\/product_cat?post=17770"},{"taxonomy":"product_tag","embeddable":true,"href":"https:\/\/www.miniwelt24.de\/vorruebergehend-geschlossen\/wp-json\/wp\/v2\/product_tag?post=17770"}],"curies":[{"name":"wp","href":"https:\/\/api.w.org\/{rel}","templated":true}]}}