{"id":17776,"date":"2020-10-17T17:20:42","date_gmt":"2020-10-17T15:20:42","guid":{"rendered":"https:\/\/www.miniwelt24.de\/produkt\/ammo-by-mig-amig0093-crystal-red\/"},"modified":"2024-07-01T08:05:46","modified_gmt":"2024-07-01T06:05:46","slug":"ammo-by-mig-amig0093-crystal-red","status":"publish","type":"product","link":"https:\/\/www.miniwelt24.de\/vorruebergehend-geschlossen\/produkt\/ammo-by-mig-amig0093-crystal-red\/","title":{"rendered":"Ammo by Mig AMIG0093 &#8211; CRYSTAL RED"},"content":{"rendered":"<p>Spezielle Acrylfarbe verwendet, um leicht die Oberfl\u00e4che einer Glasoberfl\u00e4che zu erhalten. Diese Farbe auf Wasserbasis ist geruchlos und ungiftig. Es kann direkt aus dem Glas aufgebracht, sondern auch auf der Airbrush ausged\u00fcnnt und leicht mit Wasser gereinigt. Die rote Farbe ist ideal f\u00fcr eine Vielzahl von roten Glasoberfl\u00e4chen wie Positionslichter von Flugzeugen und Tanks, Infrarotblenden, R\u00fccklichter usw.<\/p>\n","protected":false},"excerpt":{"rendered":"<p>Ammo by Mig AMIG0093 &#8211; CRYSTAL RED<\/p>\n","protected":false},"featured_media":17948,"template":"","meta":[],"product_brand":[],"product_cat":[4582,4541],"product_tag":[4542,5516,4543],"class_list":{"0":"post-17776","1":"product","2":"type-product","3":"status-publish","4":"has-post-thumbnail","6":"product_cat-ammo-by-mig","7":"product_cat-farben-pinsel-zubehoer","8":"product_tag-acrylfarbe","9":"product_tag-modellbaufarbe","10":"product_tag-wasserbasis","11":"product_shipping_class-warensendung","13":"first","14":"outofstock","15":"taxable","16":"shipping-taxable","17":"purchasable","18":"product-type-simple"},"_links":{"self":[{"href":"https:\/\/www.miniwelt24.de\/vorruebergehend-geschlossen\/wp-json\/wp\/v2\/product\/17776","targetHints":{"allow":["GET"]}}],"collection":[{"href":"https:\/\/www.miniwelt24.de\/vorruebergehend-geschlossen\/wp-json\/wp\/v2\/product"}],"about":[{"href":"https:\/\/www.miniwelt24.de\/vorruebergehend-geschlossen\/wp-json\/wp\/v2\/types\/product"}],"wp:featuredmedia":[{"embeddable":true,"href":"https:\/\/www.miniwelt24.de\/vorruebergehend-geschlossen\/wp-json\/wp\/v2\/media\/17948"}],"wp:attachment":[{"href":"https:\/\/www.miniwelt24.de\/vorruebergehend-geschlossen\/wp-json\/wp\/v2\/media?parent=17776"}],"wp:term":[{"taxonomy":"product_brand","embeddable":true,"href":"https:\/\/www.miniwelt24.de\/vorruebergehend-geschlossen\/wp-json\/wp\/v2\/product_brand?post=17776"},{"taxonomy":"product_cat","embeddable":true,"href":"https:\/\/www.miniwelt24.de\/vorruebergehend-geschlossen\/wp-json\/wp\/v2\/product_cat?post=17776"},{"taxonomy":"product_tag","embeddable":true,"href":"https:\/\/www.miniwelt24.de\/vorruebergehend-geschlossen\/wp-json\/wp\/v2\/product_tag?post=17776"}],"curies":[{"name":"wp","href":"https:\/\/api.w.org\/{rel}","templated":true}]}}