{"id":17790,"date":"2020-10-17T17:23:59","date_gmt":"2020-10-17T15:23:59","guid":{"rendered":"https:\/\/www.miniwelt24.de\/produkt\/ammo-by-mig-amig0190-old-brass\/"},"modified":"2024-03-11T11:04:55","modified_gmt":"2024-03-11T10:04:55","slug":"ammo-by-mig-amig0190-old-brass","status":"publish","type":"product","link":"https:\/\/www.miniwelt24.de\/vorruebergehend-geschlossen\/produkt\/ammo-by-mig-amig0190-old-brass\/","title":{"rendered":"Ammo by Mig AMIG0190 &#8211; OLD BRASS"},"content":{"rendered":"<p>Realistisch replizieren Messing Patronenh\u00fclsen, Vorrichtungen auf Marineschiffe, Innen mechanicals und Sci-Fi-Details. Realistisch replizieren das helle Erscheinungsbild des alten Messing zu einem Thema. Acryl-Metall Farben sind f\u00fcr maximale Leistung sowohl mit Pinsel und Airbrush formuliert. 17ml Glas. Wasserl\u00f6sliche, geruchlos und ungiftig. Jedes Gef\u00e4\u00df enth\u00e4lt einen Edelstahl R\u00fchrwerk Mischen zu erleichtern, gut sch\u00fctteln vor jedem Gebrauch. Wir empfehlen A.MIG-2000 Acryl Verd\u00fcnner f\u00fcr die richtige Verd\u00fcnnung. Trocknet vollst\u00e4ndig innerhalb von 24 Stunden.<\/p>\n","protected":false},"excerpt":{"rendered":"<p>Ammo by Mig AMIG0190 &#8211; OLD BRASS<\/p>\n","protected":false},"featured_media":17962,"template":"","meta":[],"product_brand":[],"product_cat":[4582,4541],"product_tag":[4542,5516,4543],"class_list":{"0":"post-17790","1":"product","2":"type-product","3":"status-publish","4":"has-post-thumbnail","6":"product_cat-ammo-by-mig","7":"product_cat-farben-pinsel-zubehoer","8":"product_tag-acrylfarbe","9":"product_tag-modellbaufarbe","10":"product_tag-wasserbasis","11":"product_shipping_class-warensendung","13":"first","14":"instock","15":"taxable","16":"shipping-taxable","17":"purchasable","18":"product-type-simple"},"_links":{"self":[{"href":"https:\/\/www.miniwelt24.de\/vorruebergehend-geschlossen\/wp-json\/wp\/v2\/product\/17790","targetHints":{"allow":["GET"]}}],"collection":[{"href":"https:\/\/www.miniwelt24.de\/vorruebergehend-geschlossen\/wp-json\/wp\/v2\/product"}],"about":[{"href":"https:\/\/www.miniwelt24.de\/vorruebergehend-geschlossen\/wp-json\/wp\/v2\/types\/product"}],"wp:featuredmedia":[{"embeddable":true,"href":"https:\/\/www.miniwelt24.de\/vorruebergehend-geschlossen\/wp-json\/wp\/v2\/media\/17962"}],"wp:attachment":[{"href":"https:\/\/www.miniwelt24.de\/vorruebergehend-geschlossen\/wp-json\/wp\/v2\/media?parent=17790"}],"wp:term":[{"taxonomy":"product_brand","embeddable":true,"href":"https:\/\/www.miniwelt24.de\/vorruebergehend-geschlossen\/wp-json\/wp\/v2\/product_brand?post=17790"},{"taxonomy":"product_cat","embeddable":true,"href":"https:\/\/www.miniwelt24.de\/vorruebergehend-geschlossen\/wp-json\/wp\/v2\/product_cat?post=17790"},{"taxonomy":"product_tag","embeddable":true,"href":"https:\/\/www.miniwelt24.de\/vorruebergehend-geschlossen\/wp-json\/wp\/v2\/product_tag?post=17790"}],"curies":[{"name":"wp","href":"https:\/\/api.w.org\/{rel}","templated":true}]}}