{"id":18176,"date":"2020-10-24T02:32:55","date_gmt":"2020-10-24T00:32:55","guid":{"rendered":"https:\/\/www.miniwelt24.de\/produkt\/kahlert-licht-10431-tischlampe-messingfuss-kunststoffschirm\/"},"modified":"2024-03-11T11:06:16","modified_gmt":"2024-03-11T10:06:16","slug":"kahlert-licht-10431-tischlampe-messingfuss-kunststoffschirm","status":"publish","type":"product","link":"https:\/\/www.miniwelt24.de\/vorruebergehend-geschlossen\/produkt\/kahlert-licht-10431-tischlampe-messingfuss-kunststoffschirm\/","title":{"rendered":"Kahlert-Licht 10431 &#8211; Tischlampe Messingfu\u00df, Kunststoffschirm"},"content":{"rendered":"<p>Tischlampe Messingfu\u00df mit Kunststoffschirm ROSE H\u00f6he 50 mm  Ersatzgl\u00fchlampe 53511<\/p>\n","protected":false},"excerpt":{"rendered":"<p>Kahlert-Licht 10431 &#8211; Tischlampe Messingfu\u00df, Kunststoffschirm<\/p>\n","protected":false},"featured_media":18198,"template":"","meta":[],"product_brand":[],"product_cat":[4592],"product_tag":[5518],"class_list":{"0":"post-18176","1":"product","2":"type-product","3":"status-publish","4":"has-post-thumbnail","6":"product_cat-puppenland","7":"product_tag-puppenstube","8":"product_shipping_class-warensendung","10":"first","11":"instock","12":"taxable","13":"shipping-taxable","14":"purchasable","15":"product-type-simple"},"_links":{"self":[{"href":"https:\/\/www.miniwelt24.de\/vorruebergehend-geschlossen\/wp-json\/wp\/v2\/product\/18176","targetHints":{"allow":["GET"]}}],"collection":[{"href":"https:\/\/www.miniwelt24.de\/vorruebergehend-geschlossen\/wp-json\/wp\/v2\/product"}],"about":[{"href":"https:\/\/www.miniwelt24.de\/vorruebergehend-geschlossen\/wp-json\/wp\/v2\/types\/product"}],"wp:featuredmedia":[{"embeddable":true,"href":"https:\/\/www.miniwelt24.de\/vorruebergehend-geschlossen\/wp-json\/wp\/v2\/media\/18198"}],"wp:attachment":[{"href":"https:\/\/www.miniwelt24.de\/vorruebergehend-geschlossen\/wp-json\/wp\/v2\/media?parent=18176"}],"wp:term":[{"taxonomy":"product_brand","embeddable":true,"href":"https:\/\/www.miniwelt24.de\/vorruebergehend-geschlossen\/wp-json\/wp\/v2\/product_brand?post=18176"},{"taxonomy":"product_cat","embeddable":true,"href":"https:\/\/www.miniwelt24.de\/vorruebergehend-geschlossen\/wp-json\/wp\/v2\/product_cat?post=18176"},{"taxonomy":"product_tag","embeddable":true,"href":"https:\/\/www.miniwelt24.de\/vorruebergehend-geschlossen\/wp-json\/wp\/v2\/product_tag?post=18176"}],"curies":[{"name":"wp","href":"https:\/\/api.w.org\/{rel}","templated":true}]}}