{"id":18178,"date":"2020-10-24T02:35:48","date_gmt":"2020-10-24T00:35:48","guid":{"rendered":"https:\/\/www.miniwelt24.de\/produkt\/kahlert-licht-10465-tischlampe-holzfuss-schirm-rot\/"},"modified":"2024-03-11T11:06:17","modified_gmt":"2024-03-11T10:06:17","slug":"kahlert-licht-10465-tischlampe-holzfuss-schirm-rot","status":"publish","type":"product","link":"https:\/\/www.miniwelt24.de\/vorruebergehend-geschlossen\/produkt\/kahlert-licht-10465-tischlampe-holzfuss-schirm-rot\/","title":{"rendered":"Kahlert-Licht 10465 &#8211; Tischlampe Holzfu\u00df, Schirm rot"},"content":{"rendered":"<p>Tischlampe Holzfu\u00df Schirm rot H\u00f6he 25 mm, Ersatzgl\u00fchlampe 53570<\/p>\n","protected":false},"excerpt":{"rendered":"<p>Kahlert-Licht 10465 &#8211; Tischlampe Holzfu\u00df, Schirm rot<\/p>\n","protected":false},"featured_media":18200,"template":"","meta":[],"product_brand":[],"product_cat":[4592],"product_tag":[5518],"class_list":{"0":"post-18178","1":"product","2":"type-product","3":"status-publish","4":"has-post-thumbnail","6":"product_cat-puppenland","7":"product_tag-puppenstube","8":"product_shipping_class-warensendung","10":"first","11":"instock","12":"taxable","13":"shipping-taxable","14":"purchasable","15":"product-type-simple"},"_links":{"self":[{"href":"https:\/\/www.miniwelt24.de\/vorruebergehend-geschlossen\/wp-json\/wp\/v2\/product\/18178","targetHints":{"allow":["GET"]}}],"collection":[{"href":"https:\/\/www.miniwelt24.de\/vorruebergehend-geschlossen\/wp-json\/wp\/v2\/product"}],"about":[{"href":"https:\/\/www.miniwelt24.de\/vorruebergehend-geschlossen\/wp-json\/wp\/v2\/types\/product"}],"wp:featuredmedia":[{"embeddable":true,"href":"https:\/\/www.miniwelt24.de\/vorruebergehend-geschlossen\/wp-json\/wp\/v2\/media\/18200"}],"wp:attachment":[{"href":"https:\/\/www.miniwelt24.de\/vorruebergehend-geschlossen\/wp-json\/wp\/v2\/media?parent=18178"}],"wp:term":[{"taxonomy":"product_brand","embeddable":true,"href":"https:\/\/www.miniwelt24.de\/vorruebergehend-geschlossen\/wp-json\/wp\/v2\/product_brand?post=18178"},{"taxonomy":"product_cat","embeddable":true,"href":"https:\/\/www.miniwelt24.de\/vorruebergehend-geschlossen\/wp-json\/wp\/v2\/product_cat?post=18178"},{"taxonomy":"product_tag","embeddable":true,"href":"https:\/\/www.miniwelt24.de\/vorruebergehend-geschlossen\/wp-json\/wp\/v2\/product_tag?post=18178"}],"curies":[{"name":"wp","href":"https:\/\/api.w.org\/{rel}","templated":true}]}}