{"id":24581,"date":"2021-03-06T19:47:14","date_gmt":"2021-03-06T18:47:14","guid":{"rendered":"https:\/\/www.miniwelt24.de\/produkt\/jamara-231601-cover-coat-schwarz-250ml-dose\/"},"modified":"2024-03-11T11:19:03","modified_gmt":"2024-03-11T10:19:03","slug":"jamara-231601-cover-coat-schwarz-250ml-dose","status":"publish","type":"product","link":"https:\/\/www.miniwelt24.de\/vorruebergehend-geschlossen\/produkt\/jamara-231601-cover-coat-schwarz-250ml-dose\/","title":{"rendered":"Jamara 231601 &#8211; Cover Coat schwarz 250ml Dose"},"content":{"rendered":"<p>Beschreibung<\/p>\n<p>Cover Coat ist ein dauerelastischer Fl\u00fcssiggummi made in EU der nicht nur zum Isolieren von elektr. Verbindungen, sondern auch zur Optischen Verfeinerung und zum Schutz von KFZ-Felgen, Sto\u00dfstangen, K\u00fchlergrills, Karosserieteilen etc. geeignet ist. Cover Coat ist ein fertiges Gemisch das sofort ohne Grundierung etc. auf das jeweilige Teil aufgetragen werden kann. Der \u00dcberzug kann nach dem trocknen jederzeit wieder R\u00fcckstandsfrei abgezogen werden. Die Dosenversion kann gepinselt werden oder das zu isolierende Teil direkt darin getaucht werden, w\u00e4hrend Cover Coat in der Spraydose zur Verwendung an gro\u00dfen Fl\u00e4chen geeignet ist. Mit dem Cover Coat Verd\u00fcnner ist es m\u00f6glich die Dosenversion mit professionellen Lackierpistolen zu verarbeiten.<\/p>\n<p>Die  Liste  der  m\u00f6glichen  Anwendungen  wurde  von  einer  Kundenbefragung erstellt und kann nicht als komplett oder ausschlie\u00dflich betrachtet werden. Obwohl viele dieser  Anwendungen getestet wurden, \u00fcbernimmt JAMARA keine Haftung  und  es  besteht  die  Gefahr,  dass Cover  Coat  nicht  in  jedem  Fall  f\u00fcr  diese Anwendung geeignet ist.<br \/>\nWir  empfehlen  daher,  dass  Sie  vor  dem  Gebrauch  einen  kleinen  Test  an  einer nicht auff\u00e4lligen Stelle durchf\u00fchren, um zu sehen ob die Oberfl\u00e4che kompatible mit Cover Coat ist und der Verwendungszweck erreicht wird.<\/p>\n<p>ANLEITUNG:<br \/>\n1.  Die  Oberfl\u00e4che  muss  \u00f6l-,  fett-,  wachs-,  schmutz-  und  rostfrei  sein.<br \/>\nCover  Coat  nicht  auf  Oberfl\u00e4chen  auftragen,  welche  mit  einem 1-Komponentenlack beschichtet sind. Immer vor dem Auftrag an einer nicht sichtbaren Stelle testen ob Cover Coat mit der Oberfl\u00e4che reagiert.<br \/>\n2.  Die  Spr\u00fchflasche  muss  vor  dem  Gebrauch  ca.  3  Minuten  lang gut gesch\u00fcttelt werden. Die fl\u00fc\u00dfige Cover Coat Farbe sollte vor dem Gebrauch gut gemischt werden.<br \/>\n3. In einem Abstand von circa 15cm &#8211; 20cm in langsamen und gleichm\u00e4\u00dfigen  Bewegungen  spr\u00fchen.  Der  Auftrag  sollte  im  Kreuzgang vertikal und horizontal geschehen.<br \/>\n4.  Es  wird  empfohlen  mindestens  4  Oberfl\u00e4chenaufgetr\u00e4ge durchzuf\u00fchren,  damit  eine  ausreichende  Oberfl\u00e4chenst\u00e4rke erreicht  wird.  F\u00fcr  die  Anwendung  am  PKW  empfehlen  wir  6  Oberfl\u00e4chenauftr\u00e4ge.  Zwischen  jeden  Auftrag  sollte  die  Oberfl\u00e4che ca. 15 Minuten trocknen bis die Oberfl\u00e4che staubtrocken ist. Bei zu schnellen und zu starken Auftr\u00e4gen kann es zum Verlaufen der Oberfl\u00e4che kommen.<br \/>\n5. Zur Reinigung des Spr\u00fchkopfes die Spr\u00fchdose kurz kopf\u00fcber spr\u00fchen, bis nur noch Treibgas aus dem Ventil austritt. Spr\u00fchkopf kann, wenn n\u00f6tig, mit einen Lappen gereinigt werden.<\/p>\n<p>Anleitung zur Nutzung von Cover Coat mit einer Spr\u00fchpistole:<br \/>\nVerd\u00fcnnen  Sie  1 Liter Cover  Coat mit  300  ml  Cover  Coat Verd\u00fcnnung,  \u00b1  5  %.<br \/>\nVor  dem  Gebrauch  gut  durchmischen.  Wir  empfehlen  Cover  Coat mit  einem  elektrischen  Spr\u00fchger\u00e4t  aufzutragen.  Elektrische  Spr\u00fchger\u00e4te  sind  schneller  und  spr\u00fchen  mehr  Material  was  eine  st\u00e4rkere  Oberfl\u00e4che  erzeugt,  mit  einem geringeren Spr\u00fchnebelverlust. Die Einstellung ist von dem Maschinentyp abh\u00e4ngig.  F\u00fcr  pneumatische  Spr\u00fchger\u00e4te  empfehlen  wir  einen  Kompressor-Druck  von  maximal  2,5  bar  und  eine  Spr\u00fch\u00f6ffnung  von  1,5  &#8211;  2,5  mm.  Es sollten mindestens 6 Auftr\u00e4ge vorgenommen werden.<\/p>\n<p>Auftrag mit dem Pinsel<br \/>\nWir empfehlen 2 dicke aber gleichm\u00e4\u00dfige Oberfl\u00e4chen aufzutragen.<br \/>\nZwischen dem Auftrag sollte die Oberfl\u00e4che ca. 4 Stunden trocknen.<\/p>\n<p>Anwendung auf Holz<br \/>\nBei  dem  Einsatz  von  einem CoverCoat Farbton  auf  ungesch\u00fctzten  Holz  k\u00f6nnte es zu einer Verf\u00e4rbung des Holzes kommen, daher empfehlen wir die Oberfl\u00e4che zuerst mit einem Klarlack zu beschichten.<\/p>\n<p>Trocknung<br \/>\nTrocknungszeiten bei + 20 \u00b0C und 50 % Luftfeuchtigkeit.<br \/>\nStaubtrocken:  in ca. 10 &#8211; 20 Minuten<br \/>\nBer\u00fchrbar:  in ca. 30 Minuten<br \/>\nTrocken:    in ca. 4 &#8211; 8 Stunden<br \/>\nDurchgeh\u00e4rtet:  in ca. 48 Stunden<\/p>\n<p>Die Trocknungszeit ist abh\u00e4ngig von der Beschichtungsst\u00e4rke und der Umgebungstemperatur.  Bei  zu  niedrigen  Temperaturen  kann  die  Filmbildung  der  Oberfl\u00e4che beeintr\u00e4chtigen werden und die Trocknungszeiten verl\u00e4ngern sich.<br \/>\nDie v\u00f6llige Oberfl\u00e4chenh\u00e4rte wird erst nach ca. 2 Tagen erreicht. Vor dem Auftrag von Cover Coat sollten alle Oberfl\u00e4chen gut gewaschen<br \/>\nwerden und alle Unreinheiten entfernt werden.  <\/p>\n<p>Behandlung<br \/>\nNicht in die Waschanlage fahren, da sich durch starkes reiben die Kanten des Gummis l\u00f6sen. Hochdruckreiniger und SB-Anlagen m\u00f6glich.<\/p>\n","protected":false},"excerpt":{"rendered":"<p>Cover Coat schwarz 250ml Dose<\/p>\n","protected":false},"featured_media":24596,"template":"","meta":[],"product_brand":[],"product_cat":[5292],"product_tag":[5978,5977,5979],"class_list":{"0":"post-24581","1":"product","2":"type-product","3":"status-publish","4":"has-post-thumbnail","6":"product_cat-jamara","7":"product_tag-coat","8":"product_tag-cover","9":"product_tag-fluessiggummi","10":"product_shipping_class-dhl-paket","12":"first","13":"instock","14":"taxable","15":"shipping-taxable","16":"purchasable","17":"product-type-simple"},"_links":{"self":[{"href":"https:\/\/www.miniwelt24.de\/vorruebergehend-geschlossen\/wp-json\/wp\/v2\/product\/24581","targetHints":{"allow":["GET"]}}],"collection":[{"href":"https:\/\/www.miniwelt24.de\/vorruebergehend-geschlossen\/wp-json\/wp\/v2\/product"}],"about":[{"href":"https:\/\/www.miniwelt24.de\/vorruebergehend-geschlossen\/wp-json\/wp\/v2\/types\/product"}],"wp:featuredmedia":[{"embeddable":true,"href":"https:\/\/www.miniwelt24.de\/vorruebergehend-geschlossen\/wp-json\/wp\/v2\/media\/24596"}],"wp:attachment":[{"href":"https:\/\/www.miniwelt24.de\/vorruebergehend-geschlossen\/wp-json\/wp\/v2\/media?parent=24581"}],"wp:term":[{"taxonomy":"product_brand","embeddable":true,"href":"https:\/\/www.miniwelt24.de\/vorruebergehend-geschlossen\/wp-json\/wp\/v2\/product_brand?post=24581"},{"taxonomy":"product_cat","embeddable":true,"href":"https:\/\/www.miniwelt24.de\/vorruebergehend-geschlossen\/wp-json\/wp\/v2\/product_cat?post=24581"},{"taxonomy":"product_tag","embeddable":true,"href":"https:\/\/www.miniwelt24.de\/vorruebergehend-geschlossen\/wp-json\/wp\/v2\/product_tag?post=24581"}],"curies":[{"name":"wp","href":"https:\/\/api.w.org\/{rel}","templated":true}]}}