{"id":26122,"date":"2021-04-29T13:37:58","date_gmt":"2021-04-29T11:37:58","guid":{"rendered":"https:\/\/www.miniwelt24.de\/produkt\/maerklin-024903-maerklin-start-up-c-gleis-ergaenzungspackung-c3\/"},"modified":"2024-03-11T11:23:17","modified_gmt":"2024-03-11T10:23:17","slug":"maerklin-024903-maerklin-start-up-c-gleis-ergaenzungspackung-c3","status":"publish","type":"product","link":"https:\/\/www.miniwelt24.de\/vorruebergehend-geschlossen\/produkt\/maerklin-024903-maerklin-start-up-c-gleis-ergaenzungspackung-c3\/","title":{"rendered":"M\u00e4rklin 024903 &#8211; M\u00e4rklin Start up &#8211; C-Gleis-Erg\u00e4nzungspackung C3"},"content":{"rendered":"<h1 class=\"product--title\" itemprop=\"name\"><span style=\"font-size: 20px;\">Modelleisenbahn M&auml;rklin Start up &#8211; C-Gleis-Erg&auml;nzungspackung C3<\/span><\/h1>\n<p><strong>Artikel-Nr.: <\/strong> <span class=\"entry--content\" data-article-link-de=\"\/detail\/index\/sArticle\/51318\" data-article-link-en=\"\/en\/detail\/index\/sArticle\/51318\" itemprop=\"sku\"> 24903<\/span><\/p>\n<p>Inhalt: 7 gerade Gleise 24188, 7 gerade Gleise 24172, 2 gebogene Gleise 24130, 1 Bogenweiche 24671, 1 Bogenweiche 24672 und Aufbauanleitung.<\/p>\n<p>Zur Erweiterung der C-Gleis-Startpackungen um ein Ausweichgleis mit Bogenweichen.<\/p>\n","protected":false},"excerpt":{"rendered":"<p>M\u00e4rklin Start up &#8211; C-Gleis-Erg\u00e4nzungspackung C3<\/p>\n","protected":false},"featured_media":26123,"template":"","meta":[],"product_brand":[],"product_cat":[3239],"product_tag":[5247,4727,5512],"class_list":{"0":"post-26122","1":"product","2":"type-product","3":"status-publish","4":"has-post-thumbnail","6":"product_cat-gleis-schienen","7":"product_tag-modellbahn","8":"product_tag-modellbahngleis","9":"product_tag-spur-h0","10":"product_shipping_class-dhl-paket","12":"first","13":"instock","14":"taxable","15":"shipping-taxable","16":"purchasable","17":"product-type-simple"},"_links":{"self":[{"href":"https:\/\/www.miniwelt24.de\/vorruebergehend-geschlossen\/wp-json\/wp\/v2\/product\/26122","targetHints":{"allow":["GET"]}}],"collection":[{"href":"https:\/\/www.miniwelt24.de\/vorruebergehend-geschlossen\/wp-json\/wp\/v2\/product"}],"about":[{"href":"https:\/\/www.miniwelt24.de\/vorruebergehend-geschlossen\/wp-json\/wp\/v2\/types\/product"}],"wp:featuredmedia":[{"embeddable":true,"href":"https:\/\/www.miniwelt24.de\/vorruebergehend-geschlossen\/wp-json\/wp\/v2\/media\/26123"}],"wp:attachment":[{"href":"https:\/\/www.miniwelt24.de\/vorruebergehend-geschlossen\/wp-json\/wp\/v2\/media?parent=26122"}],"wp:term":[{"taxonomy":"product_brand","embeddable":true,"href":"https:\/\/www.miniwelt24.de\/vorruebergehend-geschlossen\/wp-json\/wp\/v2\/product_brand?post=26122"},{"taxonomy":"product_cat","embeddable":true,"href":"https:\/\/www.miniwelt24.de\/vorruebergehend-geschlossen\/wp-json\/wp\/v2\/product_cat?post=26122"},{"taxonomy":"product_tag","embeddable":true,"href":"https:\/\/www.miniwelt24.de\/vorruebergehend-geschlossen\/wp-json\/wp\/v2\/product_tag?post=26122"}],"curies":[{"name":"wp","href":"https:\/\/api.w.org\/{rel}","templated":true}]}}