{"id":26146,"date":"2021-04-19T14:05:53","date_gmt":"2021-04-19T12:05:53","guid":{"rendered":"https:\/\/www.miniwelt24.de\/produkt\/maerklin-44822-maerklin-start-up-piraten-gueterwagen-set-schatz-der-wilden-13\/"},"modified":"2024-03-11T11:22:28","modified_gmt":"2024-03-11T10:22:28","slug":"maerklin-44822-maerklin-start-up-piraten-gueterwagen-set-schatz-der-wilden-13","status":"publish","type":"product","link":"https:\/\/www.miniwelt24.de\/vorruebergehend-geschlossen\/produkt\/maerklin-44822-maerklin-start-up-piraten-gueterwagen-set-schatz-der-wilden-13\/","title":{"rendered":"M\u00e4rklin 44822 &#8211; M\u00e4rklin Start up &#8211; Piraten G\u00fcterwagen-Set \u201eSchatz der Wilden 13\u201c"},"content":{"rendered":"<h1 class=\"product--title\" itemprop=\"name\">Modelleisenbahn M&auml;rklin Start up &#8211; Piraten G&uuml;terwagen-Set &bdquo;Schatz der Wilden 13&ldquo;<\/h1>\n<p>Spur H0 &#8211; Art.Nr. 44822<\/p>\n<p>Die &bdquo;Wilde 13&ldquo; sind die schrecklichsten Piraten aller Weltmeere. Ihre Heimat ist das &bdquo;Land, das nicht sein darf&ldquo;. Dorthin gelangt man nur durch einen gef&auml;hrlichen Sturm. Zum Gl&uuml;ck verstehen die Piraten das Segeln wie kein anderer. Jim folgt ihnen zu ihrer H&ouml;hle und befreit seine Freunde mit Hilfe einer List.<\/p>\n<p>Die Freunde finden den unermesslichen Schatz der Wilden 13. Dort kann Jim auch das Geheimnis seiner Herkunft l&ouml;sen.<\/p>\n<p><b>Highlights<\/b><\/p>\n<ul>\n<li>Zwei Kippwagen beladen mit dem Schatz der Wilden 13.<\/li>\n<li>Inklusive einer Piratenaugenklappe.<\/li>\n<li>Relex-Kupplung f&uuml;r schnelles und einfaches zusammenkuppeln.<\/li>\n<\/ul>\n","protected":false},"excerpt":{"rendered":"<p>M\u00e4rklin 44822 &#8211; M\u00e4rklin Start up &#8211; Piraten G\u00fcterwagen-Set \u201eSchatz der Wilden 13\u201c<\/p>\n","protected":false},"featured_media":31546,"template":"","meta":[],"product_brand":[],"product_cat":[320],"product_tag":[4909],"class_list":{"0":"post-26146","1":"product","2":"type-product","3":"status-publish","4":"has-post-thumbnail","6":"product_cat-wagen","7":"product_tag-wagen","8":"product_shipping_class-dhl-paket","10":"first","11":"instock","12":"taxable","13":"shipping-taxable","14":"purchasable","15":"product-type-simple"},"_links":{"self":[{"href":"https:\/\/www.miniwelt24.de\/vorruebergehend-geschlossen\/wp-json\/wp\/v2\/product\/26146","targetHints":{"allow":["GET"]}}],"collection":[{"href":"https:\/\/www.miniwelt24.de\/vorruebergehend-geschlossen\/wp-json\/wp\/v2\/product"}],"about":[{"href":"https:\/\/www.miniwelt24.de\/vorruebergehend-geschlossen\/wp-json\/wp\/v2\/types\/product"}],"wp:featuredmedia":[{"embeddable":true,"href":"https:\/\/www.miniwelt24.de\/vorruebergehend-geschlossen\/wp-json\/wp\/v2\/media\/31546"}],"wp:attachment":[{"href":"https:\/\/www.miniwelt24.de\/vorruebergehend-geschlossen\/wp-json\/wp\/v2\/media?parent=26146"}],"wp:term":[{"taxonomy":"product_brand","embeddable":true,"href":"https:\/\/www.miniwelt24.de\/vorruebergehend-geschlossen\/wp-json\/wp\/v2\/product_brand?post=26146"},{"taxonomy":"product_cat","embeddable":true,"href":"https:\/\/www.miniwelt24.de\/vorruebergehend-geschlossen\/wp-json\/wp\/v2\/product_cat?post=26146"},{"taxonomy":"product_tag","embeddable":true,"href":"https:\/\/www.miniwelt24.de\/vorruebergehend-geschlossen\/wp-json\/wp\/v2\/product_tag?post=26146"}],"curies":[{"name":"wp","href":"https:\/\/api.w.org\/{rel}","templated":true}]}}