{"id":27654,"date":"2021-04-17T14:40:38","date_gmt":"2021-04-17T12:40:38","guid":{"rendered":"https:\/\/www.miniwelt24.de\/produkt\/wiking-036162-fendt-1050-vario-mit-bei-miniwelt24-in-crimmitschau-kaufen\/"},"modified":"2024-03-11T11:21:35","modified_gmt":"2024-03-11T10:21:35","slug":"wiking-036162-fendt-1050-vario-mit-bei-miniwelt24-in-crimmitschau-kaufen","status":"publish","type":"product","link":"https:\/\/www.miniwelt24.de\/vorruebergehend-geschlossen\/produkt\/wiking-036162-fendt-1050-vario-mit-bei-miniwelt24-in-crimmitschau-kaufen\/","title":{"rendered":"Wiking 036162 &#8211; Fendt 1050 Vario mit"},"content":{"rendered":"<p>Mit Doppelbereifung Fendt-Gigant unter WIKING-Schleppern Es ist der gr\u00f6\u00dfte Fendt-Schlepper, den WIKING jemals 87-fach miniaturisiert hat. Allein die Zwillingsr\u00e4der verhelfen dem Fendt 1050 Vario zu einem imposanten Acker- und Feldauftritt. Wer den Gro\u00dfschlepper schon mal im Ernteeinsatz erlebt hat, wei\u00df, warum das WIKING-Modell so faszinierend wirkt. Die breite Spur der Zwillingsr\u00e4der l\u00e4sst die Proportionen besonders volumin\u00f6s erscheinen. In Wirklichkeit nutzen Landwirte die Doppelbereifung zur besseren Verteilung der Radlast auf eben zwei R\u00e4der, weil sich dadurch die Aufstandsfl\u00e4che erheblich vergr\u00f6\u00dfert. Damit sinkt die Bodenbelastung und der Schlepper durchf\u00e4hrt das Gel\u00e4nde mit h\u00f6heren Zugkr\u00e4ften im Vergleich zur Standardbereifung. Bei der Wahl der Doppelr\u00e4der ist lediglich darauf zu achten, dass gen\u00fcgend Zwischenraum zwischen den parallelen Einzelr\u00e4dern besteht, da ansonsten Gefahr besteht, dass die Seitenw\u00e4nde der Reifen aneinander reiben oder sich gar Steine zwischen den Reifen verkeilen. Das spielt freilich in der 87-fachen Miniaturisierung keine Rolle \u2013 der Gesamteindruck z\u00e4hlt und \u00fcberzeugt! Der Fendt 1050 Vario zeigt in der Miniaturisierung, dass sein Vorbild von stattlicher Schleppergr\u00f6\u00dfe ist und keinen Vergleich scheuen braucht. Mit dem Fendt 1050 Vario l\u00e4sst WIKING den Marktoberdorfer Leistungsprimus an den Start gehen. In der Leistungsklasse zwischen 380 bis 500 PS gilt die Baureihe mit dem Spitzentraktor 1050 Vario als neuer Leistungstr\u00e4ger im Schlepper-Weltmarkt. WIKING miniaturisiert das evolution\u00e4re Fendt-Design und kann mit der kompakten Bauweise von Chassis und neuer \u201ex5 S\u201c-Kabine \u00fcberzeugen. Dank der Konstruktionserfahrung schafft auch die miniaturisierte \u201ex5 S\u201c-Kabine durch noch mehr Glas einen faszinierenden modellbauerischen Durchblick \u2013 die Seiten- und Frontscheiben wurden zur Vorg\u00e4ngergeneration nochmals abgesenkt. Fendt spricht seit Serienstart zu recht vom \u201eGerman Meisterwerk\u201c. Wer den faszinierenden Ma\u00dfstabsvergleich sucht, wird ebenfalls bei WIKING f\u00fcndig: Den Fendt 1050 Vario mit Zwillingsreifen gibt es sowohl in 1:87 als auch in 1:32! Fahrerkabine und Motorhaube in gr\u00fcn, eingesetzter K\u00fchlergrill mit silbernem Fendt-Schriftzug in schwarzgrau. Fahrgestell sowie Heckaggregate in schwarzgrau. Lenkrad, Inneneinrichtung und Konsole in hell grau gehalten. Kabinendach in wei\u00df, Frontscheinwerfer transparent, Heckscheinwerfer rottransparent eingesteckt. Auspuffrohr schwarz, Felgen in karminrot. Motorhaube mit beidseitiger Bedruckung des Schriftzuges Fendt 1050 aluminiumsilber, L\u00fcftungsgitter schiefergrau. Scheinwerfer vorn und hinten gesilbert.<\/p>\n","protected":false},"excerpt":{"rendered":"<p>Fendt 1050 Vario mit<\/p>\n","protected":false},"featured_media":31520,"template":"","meta":[],"product_brand":[],"product_cat":[5478],"product_tag":[3207,5253,6062],"class_list":{"0":"post-27654","1":"product","2":"type-product","3":"status-publish","4":"has-post-thumbnail","6":"product_cat-landwirtschaft","7":"product_tag-fertigmodell","8":"product_tag-modellauto","9":"product_tag-sammlermodell","10":"product_shipping_class-dhl-paket","12":"first","13":"instock","14":"taxable","15":"shipping-taxable","16":"purchasable","17":"product-type-simple"},"_links":{"self":[{"href":"https:\/\/www.miniwelt24.de\/vorruebergehend-geschlossen\/wp-json\/wp\/v2\/product\/27654","targetHints":{"allow":["GET"]}}],"collection":[{"href":"https:\/\/www.miniwelt24.de\/vorruebergehend-geschlossen\/wp-json\/wp\/v2\/product"}],"about":[{"href":"https:\/\/www.miniwelt24.de\/vorruebergehend-geschlossen\/wp-json\/wp\/v2\/types\/product"}],"wp:featuredmedia":[{"embeddable":true,"href":"https:\/\/www.miniwelt24.de\/vorruebergehend-geschlossen\/wp-json\/wp\/v2\/media\/31520"}],"wp:attachment":[{"href":"https:\/\/www.miniwelt24.de\/vorruebergehend-geschlossen\/wp-json\/wp\/v2\/media?parent=27654"}],"wp:term":[{"taxonomy":"product_brand","embeddable":true,"href":"https:\/\/www.miniwelt24.de\/vorruebergehend-geschlossen\/wp-json\/wp\/v2\/product_brand?post=27654"},{"taxonomy":"product_cat","embeddable":true,"href":"https:\/\/www.miniwelt24.de\/vorruebergehend-geschlossen\/wp-json\/wp\/v2\/product_cat?post=27654"},{"taxonomy":"product_tag","embeddable":true,"href":"https:\/\/www.miniwelt24.de\/vorruebergehend-geschlossen\/wp-json\/wp\/v2\/product_tag?post=27654"}],"curies":[{"name":"wp","href":"https:\/\/api.w.org\/{rel}","templated":true}]}}