{"id":27660,"date":"2021-04-17T15:05:08","date_gmt":"2021-04-17T13:05:08","guid":{"rendered":"https:\/\/www.miniwelt24.de\/produkt\/wiking-037810-lemken-kreiselegge-bei-miniwelt24-in-crimmitschau-kaufen\/"},"modified":"2024-03-11T11:21:37","modified_gmt":"2024-03-11T10:21:37","slug":"wiking-037810-lemken-kreiselegge-bei-miniwelt24-in-crimmitschau-kaufen","status":"publish","type":"product","link":"https:\/\/www.miniwelt24.de\/vorruebergehend-geschlossen\/produkt\/wiking-037810-lemken-kreiselegge-bei-miniwelt24-in-crimmitschau-kaufen\/","title":{"rendered":"Wiking 037810 &#8211; Lemken Kreiselegge"},"content":{"rendered":"<p>Es ist der gro\u00dfe Landmaschinenklassiker \u2013 die Egge.<br \/>\nWIKING schlie\u00dft nun auch diese Landmaschinenl\u00fccke.<br \/>\nDie Bodenbearbeitungsexperten von Lemken, die bereits das Vorbild f\u00fcr den WIKING-Pflug bereitstellten, kennen sich aus und wissen, wie die optimale Saatbettbereitung dank der Kreiselegge Zirkon funktioniert.<br \/>\nIn Wirklichkeit geht es um die intensive Misch- und Kr\u00fcmelwirkung, die notwendig ist, um den Boden f\u00fcr die Aussaat vorzubereiten.<br \/>\nDas Vorbild f\u00fcr die filigrane Kreiselegge Zirkon 12 verf\u00fcgt \u00fcber eine Arbeitsbreite von drei oder vier Metern.<br \/>\nWIKING komplettiert damit das Sortiment topaktueller Landmaschinen und schafft f\u00fcr die zahlreichen Schlepper attraktive Gespannoptionen.<\/p>\n<p>Front- und R\u00fcckrahmen himmelblau, die detaillierten Kreiselzinken ebenfalls himmelblau.<br \/>\nFrontrahmen mit Lemken-Schriftzug in wei\u00df, R\u00fcckrahmen mit wei\u00dfem Typenschriftzug Zirkon\u201c.<\/p>\n","protected":false},"excerpt":{"rendered":"<p>Lemken Kreiselegge<\/p>\n","protected":false},"featured_media":27721,"template":"","meta":[],"product_brand":[],"product_cat":[5478],"product_tag":[3207,5253,6062],"class_list":{"0":"post-27660","1":"product","2":"type-product","3":"status-publish","4":"has-post-thumbnail","6":"product_cat-landwirtschaft","7":"product_tag-fertigmodell","8":"product_tag-modellauto","9":"product_tag-sammlermodell","10":"product_shipping_class-warensendung","12":"first","13":"instock","14":"taxable","15":"shipping-taxable","16":"purchasable","17":"product-type-simple"},"_links":{"self":[{"href":"https:\/\/www.miniwelt24.de\/vorruebergehend-geschlossen\/wp-json\/wp\/v2\/product\/27660","targetHints":{"allow":["GET"]}}],"collection":[{"href":"https:\/\/www.miniwelt24.de\/vorruebergehend-geschlossen\/wp-json\/wp\/v2\/product"}],"about":[{"href":"https:\/\/www.miniwelt24.de\/vorruebergehend-geschlossen\/wp-json\/wp\/v2\/types\/product"}],"wp:featuredmedia":[{"embeddable":true,"href":"https:\/\/www.miniwelt24.de\/vorruebergehend-geschlossen\/wp-json\/wp\/v2\/media\/27721"}],"wp:attachment":[{"href":"https:\/\/www.miniwelt24.de\/vorruebergehend-geschlossen\/wp-json\/wp\/v2\/media?parent=27660"}],"wp:term":[{"taxonomy":"product_brand","embeddable":true,"href":"https:\/\/www.miniwelt24.de\/vorruebergehend-geschlossen\/wp-json\/wp\/v2\/product_brand?post=27660"},{"taxonomy":"product_cat","embeddable":true,"href":"https:\/\/www.miniwelt24.de\/vorruebergehend-geschlossen\/wp-json\/wp\/v2\/product_cat?post=27660"},{"taxonomy":"product_tag","embeddable":true,"href":"https:\/\/www.miniwelt24.de\/vorruebergehend-geschlossen\/wp-json\/wp\/v2\/product_tag?post=27660"}],"curies":[{"name":"wp","href":"https:\/\/api.w.org\/{rel}","templated":true}]}}