{"id":27662,"date":"2021-04-17T15:06:42","date_gmt":"2021-04-17T13:06:42","guid":{"rendered":"https:\/\/www.miniwelt24.de\/produkt\/wiking-037819-lemken-bestellkombination-bei-miniwelt24-in-crimmitschau-kaufen\/"},"modified":"2024-03-11T11:21:38","modified_gmt":"2024-03-11T10:21:38","slug":"wiking-037819-lemken-bestellkombination-bei-miniwelt24-in-crimmitschau-kaufen","status":"publish","type":"product","link":"https:\/\/www.miniwelt24.de\/vorruebergehend-geschlossen\/produkt\/wiking-037819-lemken-bestellkombination-bei-miniwelt24-in-crimmitschau-kaufen\/","title":{"rendered":"Wiking 037819 &#8211; Lemken Bestellkombination"},"content":{"rendered":"<p>Lemken Kombi mit Solitair und Heliodor Mit der Lemken Bestellkombination kn\u00fcpft WIKING an eine verl\u00e4ssliche Zusammenarbeit mit dem renommierten Landmaschinenunternehmen Lemken an. Die Niederrheiner gelten als profilierter Anbieter, der sich seit langem auf den Pflanzenanbau spezialisiert hat. Insgesamt 12.809 Lemken-Ger\u00e4te wurden allein im abgelaufenen Jahr produziert. Den gr\u00f6\u00dften Anteil daran hatte die Produktgruppe Pfl\u00fcge, die gegen\u00fcber dem Vorjahr am st\u00e4rksten gewachsen ist und bereits im WIKING-Programm 87-fach miniaturisiert pr\u00e4sent sind. Zu den neuen Lemken-Ger\u00e4ten, die 2017 an den Start gingen, geh\u00f6rt die pneumatische S\u00e4maschinen-Generation Solitair 25. Und genau diese pr\u00e4sentiert WIKING in der Bestellkombination mit Heliodor. Das Flaggschiff der Lemken S\u00e4maschinen wird k\u00fcnftig die landwirtschaftlichen \u00c4cker erobern, um f\u00fcr die pr\u00e4zise und schlagkr\u00e4ftige Aussaat zu sorgen. \u00c4u\u00dferlich ist die Solitair 25 vor allem am neuen Kunststoffbeh\u00e4lter zu erkennen, der 3.000 Liter fasst. Tats\u00e4chlich geht es Lemken um Flexibilit\u00e4t und Effizienz. So kann die Solitair 25 in der Kombination mit verschiedenen Bodenbearbeitungsger\u00e4ten betrieben werden \u2013 und das sowohl aufgesetzt als auch solo. All diese Funktionen lassen sich auch im Ma\u00dfstab 1:87 nachahmen. Dazu steht die Kurzscheibenegge Heliodor 9 bereit. In Wirklichkeit hilft ein Wechsel des Anbauverfahrens je nach Vorfrucht, Fruchtfolge, Witterung und Erntebedingungen von konventioneller zu konservierender Bestellung, um Kosteneinsparungen zu erzielen \u2013 die neuesten landwirtschaftlichen Erkenntnisse sind eingeflossen. Solitair mit Halterungsrahmen und Frontabdeckung grau, Beh\u00e4lter und r\u00fcckw\u00e4rtiger Rahmen himmelblau, Abdeckung rot, erste und zweite Rollen schwarz, seitliche Bedruckung mit Schriftz\u00fcgen Lemken und Solitair 25 in wei\u00df. Heliodor mit Rahmen sowie ersten und zweiten Laufr\u00e4dern himmelblau, dritte Laufr\u00e4der schwarz. R\u00fcckw\u00e4rtige Rahmenbedruckung Lemken und Heliodor 9 wei\u00df gehalten.<\/p>\n","protected":false},"excerpt":{"rendered":"<p>Lemken Bestellkombination<\/p>\n","protected":false},"featured_media":27723,"template":"","meta":[],"product_brand":[],"product_cat":[5478],"product_tag":[3207,5253,6062],"class_list":{"0":"post-27662","1":"product","2":"type-product","3":"status-publish","4":"has-post-thumbnail","6":"product_cat-landwirtschaft","7":"product_tag-fertigmodell","8":"product_tag-modellauto","9":"product_tag-sammlermodell","10":"product_shipping_class-dhl-paket","12":"first","13":"instock","14":"taxable","15":"shipping-taxable","16":"purchasable","17":"product-type-simple"},"_links":{"self":[{"href":"https:\/\/www.miniwelt24.de\/vorruebergehend-geschlossen\/wp-json\/wp\/v2\/product\/27662","targetHints":{"allow":["GET"]}}],"collection":[{"href":"https:\/\/www.miniwelt24.de\/vorruebergehend-geschlossen\/wp-json\/wp\/v2\/product"}],"about":[{"href":"https:\/\/www.miniwelt24.de\/vorruebergehend-geschlossen\/wp-json\/wp\/v2\/types\/product"}],"wp:featuredmedia":[{"embeddable":true,"href":"https:\/\/www.miniwelt24.de\/vorruebergehend-geschlossen\/wp-json\/wp\/v2\/media\/27723"}],"wp:attachment":[{"href":"https:\/\/www.miniwelt24.de\/vorruebergehend-geschlossen\/wp-json\/wp\/v2\/media?parent=27662"}],"wp:term":[{"taxonomy":"product_brand","embeddable":true,"href":"https:\/\/www.miniwelt24.de\/vorruebergehend-geschlossen\/wp-json\/wp\/v2\/product_brand?post=27662"},{"taxonomy":"product_cat","embeddable":true,"href":"https:\/\/www.miniwelt24.de\/vorruebergehend-geschlossen\/wp-json\/wp\/v2\/product_cat?post=27662"},{"taxonomy":"product_tag","embeddable":true,"href":"https:\/\/www.miniwelt24.de\/vorruebergehend-geschlossen\/wp-json\/wp\/v2\/product_tag?post=27662"}],"curies":[{"name":"wp","href":"https:\/\/api.w.org\/{rel}","templated":true}]}}