{"id":27684,"date":"2021-04-17T15:39:19","date_gmt":"2021-04-17T13:39:19","guid":{"rendered":"https:\/\/www.miniwelt24.de\/produkt\/wiking-038960-fendt-katana-65-mit-bei-miniwelt24-in-crimmitschau-kaufen\/"},"modified":"2024-03-11T11:21:55","modified_gmt":"2024-03-11T10:21:55","slug":"wiking-038960-fendt-katana-65-mit-bei-miniwelt24-in-crimmitschau-kaufen","status":"publish","type":"product","link":"https:\/\/www.miniwelt24.de\/vorruebergehend-geschlossen\/produkt\/wiking-038960-fendt-katana-65-mit-bei-miniwelt24-in-crimmitschau-kaufen\/","title":{"rendered":"Wiking 038960 &#8211; Fendt Katana 65 mit"},"content":{"rendered":"<p>Fendt Katana 65 sammelt dank pick-up auch Gr\u00fcnfutter Jede Menge Landwirtschaftskompetenz mit modellbauerischer WIKING-Detailphilosophie verschafft dem Fendt Katana 65 in der 87-fachen Miniaturisierung auf den ersten Blick Hinguckerwirkung. Der Fendt Katana 65 macht mit Filigranit\u00e4t deutlich, wie WIKING eine vorbildgerechte Funktionalit\u00e4t nachbaut. Statt des Maisgebisses tr\u00e4gt der Katana 65 jetzt den Gras pick-up, der den Selbstfahrer damit zu einem weiteren Ernteeinsatz r\u00fcstet. Auch beim Modell ist der Auswurfbogen des Sammelguts wie beim Original schwenkbar, so dass sich mit zahlreichen WIKING-Schleppern und Ladewagen ma\u00dfstabsgerechte Feldarbeit simulieren l\u00e4sst. Auch die Kabine bereitet Freude: Der Blick ins Kabineninnere offenbart die vielen Pr\u00e4missen, die die Entwickler bei der komplett neu konstruierten Visio5-Kabine ber\u00fccksichtigt haben. Der Arbeitsplatz des Katana-Fahrers \u00fcberzeugt durch Ergonomie, Bedienkomfort und eine perfekte Sicht auf den Arbeitsbereich. Beim WIKING-Modell werden auch in 1:87 Details wie Sitz und Bedieneinrichtungen mit Multifunktionsjoystick nachgebildet. Fahrgestell mit Kotfl\u00fcgeln und Trittstufen in grau gehalten, Heckhaube in Fendt-gr\u00fcn. Inneneinrichtung der Kabine mit Sitz sowie Armaturenbrett sowie Lenkrad in cremebeige. Pick-up-Vorbau in Fendt-gr\u00fcn gehalten. Auswurf in grau. Seitliche Heckhaubenbedruckung \u201eFendt Katana\u201c in grau und rot. Kabinenscheibenbegrenzung schwarz bedruckt. Felgen rot.<\/p>\n","protected":false},"excerpt":{"rendered":"<p>Fendt Katana 65 mit<\/p>\n","protected":false},"featured_media":27745,"template":"","meta":[],"product_brand":[],"product_cat":[5478],"product_tag":[3207,5253,6062],"class_list":{"0":"post-27684","1":"product","2":"type-product","3":"status-publish","4":"has-post-thumbnail","6":"product_cat-landwirtschaft","7":"product_tag-fertigmodell","8":"product_tag-modellauto","9":"product_tag-sammlermodell","10":"product_shipping_class-dhl-paket","12":"first","13":"instock","14":"taxable","15":"shipping-taxable","16":"purchasable","17":"product-type-simple"},"_links":{"self":[{"href":"https:\/\/www.miniwelt24.de\/vorruebergehend-geschlossen\/wp-json\/wp\/v2\/product\/27684","targetHints":{"allow":["GET"]}}],"collection":[{"href":"https:\/\/www.miniwelt24.de\/vorruebergehend-geschlossen\/wp-json\/wp\/v2\/product"}],"about":[{"href":"https:\/\/www.miniwelt24.de\/vorruebergehend-geschlossen\/wp-json\/wp\/v2\/types\/product"}],"wp:featuredmedia":[{"embeddable":true,"href":"https:\/\/www.miniwelt24.de\/vorruebergehend-geschlossen\/wp-json\/wp\/v2\/media\/27745"}],"wp:attachment":[{"href":"https:\/\/www.miniwelt24.de\/vorruebergehend-geschlossen\/wp-json\/wp\/v2\/media?parent=27684"}],"wp:term":[{"taxonomy":"product_brand","embeddable":true,"href":"https:\/\/www.miniwelt24.de\/vorruebergehend-geschlossen\/wp-json\/wp\/v2\/product_brand?post=27684"},{"taxonomy":"product_cat","embeddable":true,"href":"https:\/\/www.miniwelt24.de\/vorruebergehend-geschlossen\/wp-json\/wp\/v2\/product_cat?post=27684"},{"taxonomy":"product_tag","embeddable":true,"href":"https:\/\/www.miniwelt24.de\/vorruebergehend-geschlossen\/wp-json\/wp\/v2\/product_tag?post=27684"}],"curies":[{"name":"wp","href":"https:\/\/api.w.org\/{rel}","templated":true}]}}