{"id":27691,"date":"2021-04-17T15:45:49","date_gmt":"2021-04-17T13:45:49","guid":{"rendered":"https:\/\/www.miniwelt24.de\/produkt\/wiking-039603-fendt-1270s-quaderballenpress-bei-miniwelt24-in-crimmitschau-kaufen\/"},"modified":"2024-03-11T11:22:05","modified_gmt":"2024-03-11T10:22:05","slug":"wiking-039603-fendt-1270s-quaderballenpress-bei-miniwelt24-in-crimmitschau-kaufen","status":"publish","type":"product","link":"https:\/\/www.miniwelt24.de\/vorruebergehend-geschlossen\/produkt\/wiking-039603-fendt-1270s-quaderballenpress-bei-miniwelt24-in-crimmitschau-kaufen\/","title":{"rendered":"Wiking 039603 &#8211; Fendt 1270S Quaderballenpress"},"content":{"rendered":"<p>Quaderballen aus der Fendt-Presse Es ist inzwischen eine Frage der Philosophie, ob landwirtschaftliche Betriebe Rundballen oder Quaderballen pressen und lagern. Fendt liefert mit der Quaderballenpresse 1270S das Vorbild f\u00fcr die WIKING-Miniatur, dessen Vorbild im amerikanischen AGCO-Werk in Hesston im US-Bundesstaat Kansas gefertigt wird. Vorzugsweise Stroh, Heu und Silage findet sich in den gepressten Quaderballen wieder. Neben den landwirtschaftlichen Gro\u00dfbetrieben steht die Hochleistungspresse vor allem in Diensten von Lohnunternehmern sowie Strohlieferanten, die f\u00fcr die industrielle Verwertung arbeiten. Anders als die Rundballen, sind die Quaderballen besser zu handhaben und nat\u00fcrlich stapelf\u00e4higer. Und noch etwas macht das Pressenvorbild ungew\u00f6hnlich: Die Tandemachse hat selbstlenkende Hinterr\u00e4der und sorgt f\u00fcr ein optimiertes Fahrverhalten sowie aufgrund der Ballonbereifung f\u00fcr reduzierte Bodenverdichtung. Presskammern und Verkleidungen mit Leiter gr\u00fcn. Heckseitiger Ballenauswurf sowie obenliegendes Maschinenteil und Kette schwarz. Fahrgestell mit Unterboden und Presskanal sowie Deichsel und Kupplung schwarzgrau. Felgen rot. Seitlich dreifarbiger Fendt-Schriftzug. Aufgesetztes orangefarbenes Warnlicht.<\/p>\n","protected":false},"excerpt":{"rendered":"<p>Fendt 1270S Quaderballenpress<\/p>\n","protected":false},"featured_media":27752,"template":"","meta":[],"product_brand":[],"product_cat":[5478],"product_tag":[3207,5253,6062],"class_list":{"0":"post-27691","1":"product","2":"type-product","3":"status-publish","4":"has-post-thumbnail","6":"product_cat-landwirtschaft","7":"product_tag-fertigmodell","8":"product_tag-modellauto","9":"product_tag-sammlermodell","10":"product_shipping_class-dhl-paket","12":"first","13":"instock","14":"taxable","15":"shipping-taxable","16":"purchasable","17":"product-type-simple"},"_links":{"self":[{"href":"https:\/\/www.miniwelt24.de\/vorruebergehend-geschlossen\/wp-json\/wp\/v2\/product\/27691","targetHints":{"allow":["GET"]}}],"collection":[{"href":"https:\/\/www.miniwelt24.de\/vorruebergehend-geschlossen\/wp-json\/wp\/v2\/product"}],"about":[{"href":"https:\/\/www.miniwelt24.de\/vorruebergehend-geschlossen\/wp-json\/wp\/v2\/types\/product"}],"wp:featuredmedia":[{"embeddable":true,"href":"https:\/\/www.miniwelt24.de\/vorruebergehend-geschlossen\/wp-json\/wp\/v2\/media\/27752"}],"wp:attachment":[{"href":"https:\/\/www.miniwelt24.de\/vorruebergehend-geschlossen\/wp-json\/wp\/v2\/media?parent=27691"}],"wp:term":[{"taxonomy":"product_brand","embeddable":true,"href":"https:\/\/www.miniwelt24.de\/vorruebergehend-geschlossen\/wp-json\/wp\/v2\/product_brand?post=27691"},{"taxonomy":"product_cat","embeddable":true,"href":"https:\/\/www.miniwelt24.de\/vorruebergehend-geschlossen\/wp-json\/wp\/v2\/product_cat?post=27691"},{"taxonomy":"product_tag","embeddable":true,"href":"https:\/\/www.miniwelt24.de\/vorruebergehend-geschlossen\/wp-json\/wp\/v2\/product_tag?post=27691"}],"curies":[{"name":"wp","href":"https:\/\/api.w.org\/{rel}","templated":true}]}}