{"id":27813,"date":"2021-04-19T19:26:01","date_gmt":"2021-04-19T17:26:01","guid":{"rendered":"https:\/\/www.miniwelt24.de\/produkt\/wiking-095639-landwirtschaftlicher-anhaenger-bei-miniwelt24-in-crimmitschau-kaufen\/"},"modified":"2024-03-11T11:22:47","modified_gmt":"2024-03-11T10:22:47","slug":"wiking-095639-landwirtschaftlicher-anhaenger-bei-miniwelt24-in-crimmitschau-kaufen","status":"publish","type":"product","link":"https:\/\/www.miniwelt24.de\/vorruebergehend-geschlossen\/produkt\/wiking-095639-landwirtschaftlicher-anhaenger-bei-miniwelt24-in-crimmitschau-kaufen\/","title":{"rendered":"Wiking 095639 &#8211; Landwirtschaftlicher Anh\u00e4nger"},"content":{"rendered":"<p>Der Lastentr\u00e4ger der modernen Landwirtschaft Wenn\u2019s um den wirtschaftlichen Erntebetrieb geht, sind hohe Ladew\u00e4nde bei den zweiachsigen Anh\u00e4ngern unverzichtbar. So findet sich der Anh\u00e4nger nach Krone-Vorbild nahezu auf jedem Hof landwirtschaftlicher Pr\u00e4gung wieder. WIKING aktualisiert damit sein Modellsortiment in diesem Sektor, das kein anderer 1:87-Hersteller so intensiv pflegt wie die Traditionsmodellbauer. Pritsche gr\u00fcn, Fahrgestell mit Drehschemel und Deichsel ebenfalls gr\u00fcn.<\/p>\n","protected":false},"excerpt":{"rendered":"<p>Landwirtschaftlicher Anh\u00e4nger<\/p>\n","protected":false},"featured_media":27846,"template":"","meta":[],"product_brand":[],"product_cat":[5478],"product_tag":[3207,5253,6062],"class_list":{"0":"post-27813","1":"product","2":"type-product","3":"status-publish","4":"has-post-thumbnail","6":"product_cat-landwirtschaft","7":"product_tag-fertigmodell","8":"product_tag-modellauto","9":"product_tag-sammlermodell","10":"product_shipping_class-warensendung","12":"first","13":"instock","14":"taxable","15":"shipping-taxable","16":"purchasable","17":"product-type-simple"},"_links":{"self":[{"href":"https:\/\/www.miniwelt24.de\/vorruebergehend-geschlossen\/wp-json\/wp\/v2\/product\/27813","targetHints":{"allow":["GET"]}}],"collection":[{"href":"https:\/\/www.miniwelt24.de\/vorruebergehend-geschlossen\/wp-json\/wp\/v2\/product"}],"about":[{"href":"https:\/\/www.miniwelt24.de\/vorruebergehend-geschlossen\/wp-json\/wp\/v2\/types\/product"}],"wp:featuredmedia":[{"embeddable":true,"href":"https:\/\/www.miniwelt24.de\/vorruebergehend-geschlossen\/wp-json\/wp\/v2\/media\/27846"}],"wp:attachment":[{"href":"https:\/\/www.miniwelt24.de\/vorruebergehend-geschlossen\/wp-json\/wp\/v2\/media?parent=27813"}],"wp:term":[{"taxonomy":"product_brand","embeddable":true,"href":"https:\/\/www.miniwelt24.de\/vorruebergehend-geschlossen\/wp-json\/wp\/v2\/product_brand?post=27813"},{"taxonomy":"product_cat","embeddable":true,"href":"https:\/\/www.miniwelt24.de\/vorruebergehend-geschlossen\/wp-json\/wp\/v2\/product_cat?post=27813"},{"taxonomy":"product_tag","embeddable":true,"href":"https:\/\/www.miniwelt24.de\/vorruebergehend-geschlossen\/wp-json\/wp\/v2\/product_tag?post=27813"}],"curies":[{"name":"wp","href":"https:\/\/api.w.org\/{rel}","templated":true}]}}