{"id":27859,"date":"2021-04-17T16:06:12","date_gmt":"2021-04-17T14:06:12","guid":{"rendered":"https:\/\/www.miniwelt24.de\/produkt\/wiking-099090-set-alte-wiking-marken-bei-miniwelt24-in-crimmitschau-kaufen\/"},"modified":"2024-03-11T11:22:21","modified_gmt":"2024-03-11T10:22:21","slug":"wiking-099090-set-alte-wiking-marken-bei-miniwelt24-in-crimmitschau-kaufen","status":"publish","type":"product","link":"https:\/\/www.miniwelt24.de\/vorruebergehend-geschlossen\/produkt\/wiking-099090-set-alte-wiking-marken-bei-miniwelt24-in-crimmitschau-kaufen\/","title":{"rendered":"Wiking 099090 &#8211; Set &#8220;Alte WIKING Marken&#8221;"},"content":{"rendered":"<p>Die WIKING-Markenwelt der 1950er- und 1960er-Jahre Unter dem vielsagenden Titel \u201eAlte WIKING-Marken\u201c stellen die Traditionsmodellbauer eine Modell-Edition im Ma\u00dfstab 1:87 aus historischen Original-Formen zur Erinnerung an die facettenreichen Eigenmarken von Wiking-Modellbau vor. WIKING-Freunde wissen, dass die ersten Programmjahrzehnte vergingen, in denen die Modellbauer eine eigene, ganz individuelle Markenwelt ihrer Automodelle gestalteten. Mehr Aussage, weniger Vorbildn\u00e4he wurde gew\u00fcnscht. Gr\u00fcnder Friedrich Peltzer war es, der mit gro\u00dfer Kreativit\u00e4t seine eigene Marke auf den Miniaturen thematisierte. Immer wieder neu, aber immer sehr glaubw\u00fcrdig. So entstand die WIKING-Spedition, aber auch Wimo-Sip, jene Fantasiemarke, die einst auf den Getr\u00e4nke-Lkw, aber auch auf den Berliner Doppeldeckerbussen Werbung machte. Dank der vielf\u00e4ltigen Eigensch\u00f6pfungen in immer gleicher grafischer Optik und manchmal auch ohne Markenbezug erlebten die WIKING-Modellfreunde schon fr\u00fch die in sich geschlossene gro\u00dfe Welt der kleinen Automodelle. Nur sehr wenige Ausnahmen machte WIKING in den 1950er- und 1960er-Jahren, um existierenden Unternehmen zu einem Auftritt zu verhelfen. Dazu z\u00e4hlten vor allem die Mineral\u00f6lmarken Aral, Esso oder Shell. WIKING erreichte mit seinen eigenst\u00e4ndigen Fantasiemarken \u00fcber Jahrzehnte hinweg eine gro\u00dfe Kontinuit\u00e4t, denn auf diese Weise erg\u00e4nzten sich die hinzugef\u00fcgten WIKING-Neuheiten wechselseitig \u2013 die modellbauerische Landschaft im kleinen Ma\u00dfstab bereicherte sich von Jahr zu Jahr. Und auf den Modellbahnanlagen in Deutschland erhielten WIKING-Modelle eine willkommene Gelegenheit, um f\u00fcr sich zu werben. Diese Edition erinnert an ein gro\u00dfes Kapitel der WIKING-Historie, die bis heute fortgeschrieben wird. Koffer-Lkw Mercedes-Benz LP 321 \u2013 \u201eWM\u201d 1957-69 Fahrerhaus lichtblau mit kobaltblauer K\u00fchlergrillblende und per Hand gesilberten Scheinwerfern sowie silbern bedrucktem Mercedes-Benz-Stern und Zierrahmen. Inneneinrichtung perlgrau. Fahrgestell und Kardanteil, aber auch Aufbau mit Dach und Heckt\u00fcren lichtblau gehalten. Felgen lichtblau. Seitlich kobaltblaue Fl\u00e4chenbedruckung mit wei\u00dfer Horizontallinie und zentriertem WM-Logo in wei\u00dfem Rahmen eingefasst. Frontseitige Blinkleuchten verkehrsorange bedruckt. Frontseitige und seitliche Zierleisten sowie Mercedes-Benz-Stern gesilbert. Ackermann M\u00f6belwagen \u2013 \u201eM\u00f6bel Transporte WIKING\u201c 1956-58 Aufbau mit Fahrerhaus sowie Heckt\u00fcren sandgelb, Fahrgestell und Dach in blau. Inneneinrichtung rehbraun, Felgen sandgelb gehalten. Frontseitige Scheinwerfer per Hand gesilbert. Seitliche Bedruckung mit Schriftzug \u201eM\u00f6bel Transporte WIKING\u201c in blau mit schwarzem Schatten. Frontseitiger K\u00fchlergrill und Mercedes-Benz-Stern gesilbert. Ackermann-Zierschwingen an den Flankenspitzen gesilbert. Blinker vorn verkehrsorange bedruckt. Stirnfeld mit silbernem Zierrahmen. Pritschensattelzug (Mercedes-Benz Kurzhauber) \u2013 \u201eSpedition\u201c 1961-67 Zugmaschine mit olivbraunem Fahrerhaus, perlgrauer Inneneinrichtung und rotem Fahrgestell. Sattelplatte silber, heckseitige Kotfl\u00fcgel olivbraun. Felgen in rot gehalten. K\u00fchlergrill mit gesilbertem Zierrat und Mercedes-Benz-Stern. Seitliche T\u00fcrgriffe gesilbert, Blinker tieforange bedruckt. Auflieger mit olivbrauner Pritsche auf rotem Fahrgestell und mit beiger Plane. Hintere Kotfl\u00fcgel olivbraun, Felgen rot. Verkehrsrote Fl\u00e4chenbedruckung an den Pritschenseiten mit schmaler Schraffur und zentriertem Schriftzug \u201eSpedition\u201c in wei\u00df.<\/p>\n","protected":false},"excerpt":{"rendered":"<p>Set &#8220;Alte WIKING Marken&#8221;<\/p>\n","protected":false},"featured_media":27890,"template":"","meta":[],"product_brand":[],"product_cat":[272],"product_tag":[3207,5253,6062],"class_list":{"0":"post-27859","1":"product","2":"type-product","3":"status-publish","4":"has-post-thumbnail","6":"product_cat-modellauto","7":"product_tag-fertigmodell","8":"product_tag-modellauto","9":"product_tag-sammlermodell","10":"product_shipping_class-dhl-paket","12":"first","13":"instock","14":"taxable","15":"shipping-taxable","16":"purchasable","17":"product-type-simple"},"_links":{"self":[{"href":"https:\/\/www.miniwelt24.de\/vorruebergehend-geschlossen\/wp-json\/wp\/v2\/product\/27859","targetHints":{"allow":["GET"]}}],"collection":[{"href":"https:\/\/www.miniwelt24.de\/vorruebergehend-geschlossen\/wp-json\/wp\/v2\/product"}],"about":[{"href":"https:\/\/www.miniwelt24.de\/vorruebergehend-geschlossen\/wp-json\/wp\/v2\/types\/product"}],"wp:featuredmedia":[{"embeddable":true,"href":"https:\/\/www.miniwelt24.de\/vorruebergehend-geschlossen\/wp-json\/wp\/v2\/media\/27890"}],"wp:attachment":[{"href":"https:\/\/www.miniwelt24.de\/vorruebergehend-geschlossen\/wp-json\/wp\/v2\/media?parent=27859"}],"wp:term":[{"taxonomy":"product_brand","embeddable":true,"href":"https:\/\/www.miniwelt24.de\/vorruebergehend-geschlossen\/wp-json\/wp\/v2\/product_brand?post=27859"},{"taxonomy":"product_cat","embeddable":true,"href":"https:\/\/www.miniwelt24.de\/vorruebergehend-geschlossen\/wp-json\/wp\/v2\/product_cat?post=27859"},{"taxonomy":"product_tag","embeddable":true,"href":"https:\/\/www.miniwelt24.de\/vorruebergehend-geschlossen\/wp-json\/wp\/v2\/product_tag?post=27859"}],"curies":[{"name":"wp","href":"https:\/\/api.w.org\/{rel}","templated":true}]}}