{"id":27863,"date":"2021-04-17T16:12:08","date_gmt":"2021-04-17T14:12:08","guid":{"rendered":"https:\/\/www.miniwelt24.de\/produkt\/wiking-217001-geschenkpackung-vw-t1-bei-miniwelt24-in-crimmitschau-kaufen\/"},"modified":"2024-03-11T11:22:28","modified_gmt":"2024-03-11T10:22:28","slug":"wiking-217001-geschenkpackung-vw-t1-bei-miniwelt24-in-crimmitschau-kaufen","status":"publish","type":"product","link":"https:\/\/www.miniwelt24.de\/vorruebergehend-geschlossen\/produkt\/wiking-217001-geschenkpackung-vw-t1-bei-miniwelt24-in-crimmitschau-kaufen\/","title":{"rendered":"Wiking 217001 &#8211; Geschenkpackung &#8211; VW T1"},"content":{"rendered":"<p>Der VW-Bulli erz\u00e4hlt lebendige WIKING-Geschichte Diesmal erz\u00e4hlt der VW-Bulli lebendige WIKING-Geschichte \u2013 und die ist durchaus wechselvoll! WIKING war immerhin der erste Modellbauer, der nach 1948 zun\u00e4chst in 1:100, dann im angen\u00e4herten Ma\u00dfstab 1:87 den VW T1 miniaturisierte. Diesem Klassiker widmet WIKING nun das limitierte Modellquartett, das ausschlie\u00dflich an die Markenhistorie der Traditionsmodellbauer erinnert. So f\u00e4hrt ein T1 in den legend\u00e4ren Farben von \u201eWimo-Sip\u201c vor, jener WIKING-Eigenmarke, die \u00fcber viele Jahre lang als modellbauerischer Fantasiename f\u00fcr ein verlockendes Getr\u00e4nk stand. Au\u00dferdem erinnert ein weiterer Bulli an die einstige Zweigstelle in Kiel, die viele Jahrzehnte den Berliner Stammsitz in der Fertigung und Montage von Modellen unterst\u00fctzte. Ein ganz besonderes Vergn\u00fcgen bereitet die R\u00fcckkehr mit dem farbenfrohen VW Transporter, der an \u201eden kleinen Gartenfreund\u201c erinnert. Auf Gehei\u00df des WIKING-Gr\u00fcnders Friedrich Peltzer fertigten die Modellbauer in der unternehmerischen Orientierungsphase gleich nach dem Krieg ein Spielset mit vier Gartenger\u00e4ten, einer Schubkarre sowie einer Gie\u00dfkanne. Die Gestaltung ist der damals beigelegten Produktgestaltung angelehnt. Au\u00dferdem thematisiert die Themen-Edition den beliebten Kleber Fixogum, der so manchen WIKING-Freund gut bekannt sein d\u00fcrfte. Abgerundet wird das Quartett mit einem zeitgen\u00f6ssischen WIKING-Aufsteller \u2013 nat\u00fcrlich ebenfalls aus Original-Formen. \u2022 VW T1 Transporter \u201eWimo Sip\u201c Karosserieober- und -unterteil in blutorange. Inneneinrichtung in mausgrau mit perlwei\u00dfem Lenkrad. Sto\u00dfstangen vorn und hinten grau eingesetzt, Fahrgestell schwarz. Scheinwerfer vorn transparent, heckseitig rottransparent eingef\u00fcgt. Scheinwerferfl\u00e4che silbern hinterdruckt, Blinkerfl\u00e4che verkehrsorange. Buckelradkappe in grau. \u201eWimo-Sip\u201c-Aufdruck in wei\u00df auf den Seitenflanken sowie auf den vorderen T\u00fcren. \u2022 VW T1 Transporter \u201eWIKING MODELLBAU KIEL\u201c Karosserieober- und -unterteil taubenblau. Inneneinrichtung in mausgrau mit perlwei\u00dfem Lenkrad. Sto\u00dfstangen vorn und hinten hellelfenbein eingesetzt, Fahrgestell schwarz. Scheinwerfer vorn transparent, heckseitig rottransparent eingef\u00fcgt. Scheinwerferfl\u00e4che silbern hinterdruckt, Blinkerfl\u00e4che verkehrsorange. Bullinase mit WIKING-Logo in hellelfenbein, seitliche Gestaltung mit Schriftzug \u201eWIKING MODELLBAU KIEL\u201c ebenfalls in hellelfenbein gehalten. Buckelradkappe in taubenblau. \u2022 VW T1 Transporter \u201eF\u00fcr den kleinen Gartenfreund\u201c Karosserieober- und -unterteil in verkehrsgelb. Inneneinrichtung in mausgrau mit wei\u00dfem Lenkrad. Sto\u00dfstangen vorn und hinten minzgr\u00fcn eingesteckt, Fahrgestell schwarz. Scheinwerfer vorn transparent, heckseitig rottransparent eingef\u00fcgt. Scheinwerferfl\u00e4che silbern hinterdruckt, Blinkerfl\u00e4che verkehrsorange. Buckelradkappe in verkehrsgelb gehalten. VW-Logo auf der Bullinase in minzgr\u00fcn. Seitliche Originalgestaltung mit historischem Blumenbild und Schriftzug \u201eF\u00fcr den kleinen Gartenfreund\u201c. Dazu Abbildungen von Gie\u00dfkanne, Harke und Hacke sowie Spaten. \u2022 VW T1 Transporter \u201eFixogum\u201c Karosserieunterteil perlwei\u00df, Karosserieoberteil in gr\u00fcn gehalten. Inneneinrichtung mausgrau, Lenkrad und Sto\u00dfstangen perlwei\u00df gehalten. Fahrgestell schwarz, Buckelradkappe perlwei\u00df. Scheinwerfer vorn transparent, heckseitig rottransparent eingef\u00fcgt. Scheinwerferfl\u00e4che silbern hinterdruckt, Blinkerfl\u00e4che verkehrsorange. VW-Logo auf der Bulli-Nase in gr\u00fcn. Seitliche Bedruckung von gr\u00fcnem Logo \u201eFixogum\u201c und \u201eMarabu\u201c-Logo \u00fcber Karosserieober- und unterteil. \u2022 WIKING-Aufsteller Reinorange gehalten<\/p>\n","protected":false},"excerpt":{"rendered":"<p>Geschenkpackung &#8211; VW T1<\/p>\n","protected":false},"featured_media":31541,"template":"","meta":[],"product_brand":[],"product_cat":[272],"product_tag":[3207,5253,6062],"class_list":{"0":"post-27863","1":"product","2":"type-product","3":"status-publish","4":"has-post-thumbnail","6":"product_cat-modellauto","7":"product_tag-fertigmodell","8":"product_tag-modellauto","9":"product_tag-sammlermodell","10":"product_shipping_class-dhl-paket","12":"first","13":"instock","14":"taxable","15":"shipping-taxable","16":"purchasable","17":"product-type-simple"},"_links":{"self":[{"href":"https:\/\/www.miniwelt24.de\/vorruebergehend-geschlossen\/wp-json\/wp\/v2\/product\/27863","targetHints":{"allow":["GET"]}}],"collection":[{"href":"https:\/\/www.miniwelt24.de\/vorruebergehend-geschlossen\/wp-json\/wp\/v2\/product"}],"about":[{"href":"https:\/\/www.miniwelt24.de\/vorruebergehend-geschlossen\/wp-json\/wp\/v2\/types\/product"}],"wp:featuredmedia":[{"embeddable":true,"href":"https:\/\/www.miniwelt24.de\/vorruebergehend-geschlossen\/wp-json\/wp\/v2\/media\/31541"}],"wp:attachment":[{"href":"https:\/\/www.miniwelt24.de\/vorruebergehend-geschlossen\/wp-json\/wp\/v2\/media?parent=27863"}],"wp:term":[{"taxonomy":"product_brand","embeddable":true,"href":"https:\/\/www.miniwelt24.de\/vorruebergehend-geschlossen\/wp-json\/wp\/v2\/product_brand?post=27863"},{"taxonomy":"product_cat","embeddable":true,"href":"https:\/\/www.miniwelt24.de\/vorruebergehend-geschlossen\/wp-json\/wp\/v2\/product_cat?post=27863"},{"taxonomy":"product_tag","embeddable":true,"href":"https:\/\/www.miniwelt24.de\/vorruebergehend-geschlossen\/wp-json\/wp\/v2\/product_tag?post=27863"}],"curies":[{"name":"wp","href":"https:\/\/api.w.org\/{rel}","templated":true}]}}