{"id":28082,"date":"2021-12-24T21:23:48","date_gmt":"2021-12-24T20:23:48","guid":{"rendered":"https:\/\/www.miniwelt24.de\/produkt\/siku-1393-fendt-1050-vario-mit-modellauto-bei-miniwelt24-in-crimmitschau-kaufen\/"},"modified":"2025-04-28T21:20:29","modified_gmt":"2025-04-28T19:20:29","slug":"siku-1393-fendt-1050-vario-mit-frontlader","status":"publish","type":"product","link":"https:\/\/www.miniwelt24.de\/vorruebergehend-geschlossen\/produkt\/siku-1393-fendt-1050-vario-mit-frontlader\/","title":{"rendered":"Siku 1393 &#8211; Fendt 1050 Vario mit Frontlader"},"content":{"rendered":"<p>Kompakter Gro\u00dftraktor f\u00fcr Acker und HofDer Fendt 1050 Vario ist der Star in der 1000er-Baureihe. Als Tractor of the Year und mit Designpreisen ausgezeichnet zeigt der kompakte Gro\u00dftraktor vor allem mit dem Frontlader seine Qualit\u00e4ten als Allrounder. Auf dem Acker wie auf dem Hof ist der Fendt mit 517 PS \u00fcppig motorisiert. siku hat den Kraftprotz mit einem beweglichen Frontlader und der beweglichen Schaufel ausgestattet. Der Fendt macht mit den R\u00e4dern mit gummierten Reifen und dem grobstolligen Profil auch im Kinderzimmer m\u00e4chtig Eindruck. Die abnehmbare Kabine und die Anh\u00e4ngerkupplung und versprechen viel Spielspa\u00df und Abwechslung.<\/p>\n","protected":false},"excerpt":{"rendered":"<p>Fendt 1050 Vario mit Frontlader<\/p>\n","protected":false},"featured_media":28119,"template":"","meta":[],"product_brand":[],"product_cat":[272],"product_tag":[3207,3421,5253],"class_list":{"0":"post-28082","1":"product","2":"type-product","3":"status-publish","4":"has-post-thumbnail","6":"product_cat-modellauto","7":"product_tag-fertigmodell","8":"product_tag-landwirtschaft","9":"product_tag-modellauto","10":"product_shipping_class-warensendung","12":"first","13":"instock","14":"taxable","15":"shipping-taxable","16":"purchasable","17":"product-type-simple"},"_links":{"self":[{"href":"https:\/\/www.miniwelt24.de\/vorruebergehend-geschlossen\/wp-json\/wp\/v2\/product\/28082","targetHints":{"allow":["GET"]}}],"collection":[{"href":"https:\/\/www.miniwelt24.de\/vorruebergehend-geschlossen\/wp-json\/wp\/v2\/product"}],"about":[{"href":"https:\/\/www.miniwelt24.de\/vorruebergehend-geschlossen\/wp-json\/wp\/v2\/types\/product"}],"wp:featuredmedia":[{"embeddable":true,"href":"https:\/\/www.miniwelt24.de\/vorruebergehend-geschlossen\/wp-json\/wp\/v2\/media\/28119"}],"wp:attachment":[{"href":"https:\/\/www.miniwelt24.de\/vorruebergehend-geschlossen\/wp-json\/wp\/v2\/media?parent=28082"}],"wp:term":[{"taxonomy":"product_brand","embeddable":true,"href":"https:\/\/www.miniwelt24.de\/vorruebergehend-geschlossen\/wp-json\/wp\/v2\/product_brand?post=28082"},{"taxonomy":"product_cat","embeddable":true,"href":"https:\/\/www.miniwelt24.de\/vorruebergehend-geschlossen\/wp-json\/wp\/v2\/product_cat?post=28082"},{"taxonomy":"product_tag","embeddable":true,"href":"https:\/\/www.miniwelt24.de\/vorruebergehend-geschlossen\/wp-json\/wp\/v2\/product_tag?post=28082"}],"curies":[{"name":"wp","href":"https:\/\/api.w.org\/{rel}","templated":true}]}}