{"id":28097,"date":"2021-12-24T22:11:32","date_gmt":"2021-12-24T21:11:32","guid":{"rendered":"https:\/\/www.miniwelt24.de\/produkt\/siku-1693-ford-f150-pick-up-camper-modellauto-bei-miniwelt24-in-crimmitschau-kaufen\/"},"modified":"2025-04-28T21:20:56","modified_gmt":"2025-04-28T19:20:56","slug":"siku-1693-ford-f150-pick-up-camper-modellauto-bei-miniwelt24-in-crimmitschau-kaufen","status":"publish","type":"product","link":"https:\/\/www.miniwelt24.de\/vorruebergehend-geschlossen\/produkt\/siku-1693-ford-f150-pick-up-camper-modellauto-bei-miniwelt24-in-crimmitschau-kaufen\/","title":{"rendered":"Siku 1693 &#8211; Ford F150 Pick-Up Camper"},"content":{"rendered":"<p>Mit dem Offroader zum Camping &#8211; Der Ford F150 ist das meistverkaufte Auto in den USA. Der Pick-Up ist in den USA Kult, vor allem mit dem gro\u00dfen V8-Motor. Der Ford F150 ist Familienauto, Lastesel, Zugmaschine und auch Campingmobil. Die Wohnkabine l\u00e4sst sich f\u00fcr den Offroad-Wochenendtrip einfach aufladen. Die T\u00fcr zur Kabine l\u00e4sst sich \u00f6ffnen, die Markise herausziehen und mit zwei St\u00fchlen, zwei Hockern und einem Tisch ist alles vorbereitet f\u00fcr ein Outdoor-Barbecue.<\/p>\n","protected":false},"excerpt":{"rendered":"<p>Ford F150 Pick-Up Camper<\/p>\n","protected":false},"featured_media":28153,"template":"","meta":[],"product_brand":[],"product_cat":[272],"product_tag":[3207,5253,5489],"class_list":{"0":"post-28097","1":"product","2":"type-product","3":"status-publish","4":"has-post-thumbnail","6":"product_cat-modellauto","7":"product_tag-fertigmodell","8":"product_tag-modellauto","9":"product_tag-pkw","10":"product_shipping_class-warensendung","12":"first","13":"instock","14":"taxable","15":"shipping-taxable","16":"purchasable","17":"product-type-simple"},"_links":{"self":[{"href":"https:\/\/www.miniwelt24.de\/vorruebergehend-geschlossen\/wp-json\/wp\/v2\/product\/28097","targetHints":{"allow":["GET"]}}],"collection":[{"href":"https:\/\/www.miniwelt24.de\/vorruebergehend-geschlossen\/wp-json\/wp\/v2\/product"}],"about":[{"href":"https:\/\/www.miniwelt24.de\/vorruebergehend-geschlossen\/wp-json\/wp\/v2\/types\/product"}],"wp:featuredmedia":[{"embeddable":true,"href":"https:\/\/www.miniwelt24.de\/vorruebergehend-geschlossen\/wp-json\/wp\/v2\/media\/28153"}],"wp:attachment":[{"href":"https:\/\/www.miniwelt24.de\/vorruebergehend-geschlossen\/wp-json\/wp\/v2\/media?parent=28097"}],"wp:term":[{"taxonomy":"product_brand","embeddable":true,"href":"https:\/\/www.miniwelt24.de\/vorruebergehend-geschlossen\/wp-json\/wp\/v2\/product_brand?post=28097"},{"taxonomy":"product_cat","embeddable":true,"href":"https:\/\/www.miniwelt24.de\/vorruebergehend-geschlossen\/wp-json\/wp\/v2\/product_cat?post=28097"},{"taxonomy":"product_tag","embeddable":true,"href":"https:\/\/www.miniwelt24.de\/vorruebergehend-geschlossen\/wp-json\/wp\/v2\/product_tag?post=28097"}],"curies":[{"name":"wp","href":"https:\/\/api.w.org\/{rel}","templated":true}]}}