{"id":28099,"date":"2021-12-24T22:25:16","date_gmt":"2021-12-24T21:25:16","guid":{"rendered":"https:\/\/www.miniwelt24.de\/produkt\/siku-1790-man-lkw-mit-modellauto-bei-miniwelt24-in-crimmitschau-kaufen\/"},"modified":"2025-04-28T21:20:59","modified_gmt":"2025-04-28T19:20:59","slug":"siku-1790-man-lkw-mit-tieflader-und-jcb-radlader","status":"publish","type":"product","link":"https:\/\/www.miniwelt24.de\/vorruebergehend-geschlossen\/produkt\/siku-1790-man-lkw-mit-tieflader-und-jcb-radlader\/","title":{"rendered":"Siku 1790 &#8211; MAN LKW mit Tieflader und JCB Radlader"},"content":{"rendered":"<p>Mit schwerer Last zur BaustelleScheinbar leicht zieht die 3-Achs-Zugmaschine den JCB Radlader auf dem 3-Achs-Tieflader zur n\u00e4chsten Baustelle. Die Lkw-R\u00e4der mit Reifen aus gummiertem Material finden auch abseits der Stra\u00dfe gen\u00fcgend Halt. Zeit zum Abladen: Die Auffahrrampe l\u00e4sst sich klappen und der schwere JCB Radlader rollt langsam r\u00fcckw\u00e4rts. Das Fahrerhaus der MAN TGX-Baureihe und der Tieflader sind f\u00fcr den harten Baustelleinsatz aus Metall gefertigt. Der Ladearm und die m\u00e4chtige Baggerschaufel des Radladers sind beweglich und gehen nach dem Abladen sofort in Arbeitsposition.<\/p>\n","protected":false},"excerpt":{"rendered":"<p>MAN LKW mit Tieflader und JCB Radlader<\/p>\n","protected":false},"featured_media":28167,"template":"","meta":[],"product_brand":[],"product_cat":[272],"product_tag":[3207,5253],"class_list":{"0":"post-28099","1":"product","2":"type-product","3":"status-publish","4":"has-post-thumbnail","6":"product_cat-modellauto","7":"product_tag-fertigmodell","8":"product_tag-modellauto","9":"product_shipping_class-dhl-paket","11":"first","12":"outofstock","13":"taxable","14":"shipping-taxable","15":"purchasable","16":"product-type-simple"},"_links":{"self":[{"href":"https:\/\/www.miniwelt24.de\/vorruebergehend-geschlossen\/wp-json\/wp\/v2\/product\/28099","targetHints":{"allow":["GET"]}}],"collection":[{"href":"https:\/\/www.miniwelt24.de\/vorruebergehend-geschlossen\/wp-json\/wp\/v2\/product"}],"about":[{"href":"https:\/\/www.miniwelt24.de\/vorruebergehend-geschlossen\/wp-json\/wp\/v2\/types\/product"}],"wp:featuredmedia":[{"embeddable":true,"href":"https:\/\/www.miniwelt24.de\/vorruebergehend-geschlossen\/wp-json\/wp\/v2\/media\/28167"}],"wp:attachment":[{"href":"https:\/\/www.miniwelt24.de\/vorruebergehend-geschlossen\/wp-json\/wp\/v2\/media?parent=28099"}],"wp:term":[{"taxonomy":"product_brand","embeddable":true,"href":"https:\/\/www.miniwelt24.de\/vorruebergehend-geschlossen\/wp-json\/wp\/v2\/product_brand?post=28099"},{"taxonomy":"product_cat","embeddable":true,"href":"https:\/\/www.miniwelt24.de\/vorruebergehend-geschlossen\/wp-json\/wp\/v2\/product_cat?post=28099"},{"taxonomy":"product_tag","embeddable":true,"href":"https:\/\/www.miniwelt24.de\/vorruebergehend-geschlossen\/wp-json\/wp\/v2\/product_tag?post=28099"}],"curies":[{"name":"wp","href":"https:\/\/api.w.org\/{rel}","templated":true}]}}