{"id":28508,"date":"2021-12-24T22:22:57","date_gmt":"2021-12-24T21:22:57","guid":{"rendered":"https:\/\/www.miniwelt24.de\/produkt\/siku-1720-kreuzfahrtschiff-aida-modellauto-bei-miniwelt24-in-crimmitschau-kaufen\/"},"modified":"2025-04-28T21:20:57","modified_gmt":"2025-04-28T19:20:57","slug":"siku-1720-kreuzfahrtschiff-aida-modellauto-bei-miniwelt24-in-crimmitschau-kaufen","status":"publish","type":"product","link":"https:\/\/www.miniwelt24.de\/vorruebergehend-geschlossen\/produkt\/siku-1720-kreuzfahrtschiff-aida-modellauto-bei-miniwelt24-in-crimmitschau-kaufen\/","title":{"rendered":"Siku 1720 &#8211; Kreuzfahrtschiff AIDA"},"content":{"rendered":"<p>Durch den im SIKU-Sortiment aussergew\u00f6hnlichen Ma\u00dfstab 1:1400 wird die \u00fcber 250 Meter lange AIDALuna auf ein handliche und kindgerechte Gr\u00f6\u00dfe reduziert. Das mit Metallrumpf und einem Aufbau aus Kunststoff ausgestattete Modell ist sehr detailliert gearbeitet und besticht durch die AIDA-typische farbenfrohe Lackierung mit dem unverwechselbaren Kussmund. Das Modell ist NICHT schwimmf\u00e4hig.<\/p>\n","protected":false},"excerpt":{"rendered":"<p>Kreuzfahrtschiff AIDA<\/p>\n","protected":false},"featured_media":28509,"template":"","meta":[],"product_brand":[],"product_cat":[272],"product_tag":[3207,5253],"class_list":{"0":"post-28508","1":"product","2":"type-product","3":"status-publish","4":"has-post-thumbnail","6":"product_cat-modellauto","7":"product_tag-fertigmodell","8":"product_tag-modellauto","9":"product_shipping_class-dhl-paket","11":"first","12":"outofstock","13":"taxable","14":"shipping-taxable","15":"purchasable","16":"product-type-simple"},"_links":{"self":[{"href":"https:\/\/www.miniwelt24.de\/vorruebergehend-geschlossen\/wp-json\/wp\/v2\/product\/28508","targetHints":{"allow":["GET"]}}],"collection":[{"href":"https:\/\/www.miniwelt24.de\/vorruebergehend-geschlossen\/wp-json\/wp\/v2\/product"}],"about":[{"href":"https:\/\/www.miniwelt24.de\/vorruebergehend-geschlossen\/wp-json\/wp\/v2\/types\/product"}],"wp:featuredmedia":[{"embeddable":true,"href":"https:\/\/www.miniwelt24.de\/vorruebergehend-geschlossen\/wp-json\/wp\/v2\/media\/28509"}],"wp:attachment":[{"href":"https:\/\/www.miniwelt24.de\/vorruebergehend-geschlossen\/wp-json\/wp\/v2\/media?parent=28508"}],"wp:term":[{"taxonomy":"product_brand","embeddable":true,"href":"https:\/\/www.miniwelt24.de\/vorruebergehend-geschlossen\/wp-json\/wp\/v2\/product_brand?post=28508"},{"taxonomy":"product_cat","embeddable":true,"href":"https:\/\/www.miniwelt24.de\/vorruebergehend-geschlossen\/wp-json\/wp\/v2\/product_cat?post=28508"},{"taxonomy":"product_tag","embeddable":true,"href":"https:\/\/www.miniwelt24.de\/vorruebergehend-geschlossen\/wp-json\/wp\/v2\/product_tag?post=28508"}],"curies":[{"name":"wp","href":"https:\/\/api.w.org\/{rel}","templated":true}]}}