{"id":29962,"date":"2021-02-26T20:25:07","date_gmt":"2021-02-26T19:25:07","guid":{"rendered":"https:\/\/www.miniwelt24.de\/produkt\/maerklin-60976-maerklin-sounddecoder-msd3-diesellok-geraeusch\/"},"modified":"2024-03-11T11:18:56","modified_gmt":"2024-03-11T10:18:56","slug":"maerklin-60976-maerklin-sounddecoder-msd3-diesellok-geraeusch","status":"publish","type":"product","link":"https:\/\/www.miniwelt24.de\/vorruebergehend-geschlossen\/produkt\/maerklin-60976-maerklin-sounddecoder-msd3-diesellok-geraeusch\/","title":{"rendered":"M\u00e4rklin 60976 &#8211; M\u00e4rklin SoundDecoder mSD3 Diesellok-Ger\u00e4usch"},"content":{"rendered":"<p><span class=\"subline-product-detail block top-5m\">Spur H0 &#8211; Art.Nr. <span itemprop=\"productID\">60976<\/span> <\/span><\/p>\n<h1 class=\"hdl-product-detail\" itemprop=\"name\">M&auml;rklin SoundDecoder mSD3 Diesellok-Ger&auml;usch<\/h1>\n<p>Zum Umr&uuml;sten von M&auml;rklin\/Trix H0 Lokomotiven mit eingebautem Hochleistungsmotor oder anderen Gleichstrommotoren. Der m&auml;rklin SoundDecoder3 besitzt eine 21-polige Schnittstelle und dazu passend eine Schnittstellenplatine zum Nachr&uuml;sten von analogen und digitalen Lokomotiven.<br \/>\nDer m&auml;rklin SoundDecoder3 unterst&uuml;tzt die Digitalformate mfx, MM1, MM2 und DCC.<br \/>\nVoreingestellter Sound einer Diesellokomotive.<\/p>\n<p><span class=\"picto-text\">ACHTUNG: Nur f&uuml;r Erwachsene<\/span><\/p>\n","protected":false},"excerpt":{"rendered":"<p>mSD\/3-Diesellok mit Leiterpla<\/p>\n","protected":false},"featured_media":29963,"template":"","meta":[],"product_brand":[],"product_cat":[5266],"product_tag":[5264,4855,4729,5247],"class_list":{"0":"post-29962","1":"product","2":"type-product","3":"status-publish","4":"has-post-thumbnail","6":"product_cat-modellbahn-digital","7":"product_tag-decoder","8":"product_tag-digital","9":"product_tag-elektrik","10":"product_tag-modellbahn","11":"product_shipping_class-dhl-paket","13":"first","14":"instock","15":"taxable","16":"shipping-taxable","17":"purchasable","18":"product-type-simple"},"_links":{"self":[{"href":"https:\/\/www.miniwelt24.de\/vorruebergehend-geschlossen\/wp-json\/wp\/v2\/product\/29962","targetHints":{"allow":["GET"]}}],"collection":[{"href":"https:\/\/www.miniwelt24.de\/vorruebergehend-geschlossen\/wp-json\/wp\/v2\/product"}],"about":[{"href":"https:\/\/www.miniwelt24.de\/vorruebergehend-geschlossen\/wp-json\/wp\/v2\/types\/product"}],"wp:featuredmedia":[{"embeddable":true,"href":"https:\/\/www.miniwelt24.de\/vorruebergehend-geschlossen\/wp-json\/wp\/v2\/media\/29963"}],"wp:attachment":[{"href":"https:\/\/www.miniwelt24.de\/vorruebergehend-geschlossen\/wp-json\/wp\/v2\/media?parent=29962"}],"wp:term":[{"taxonomy":"product_brand","embeddable":true,"href":"https:\/\/www.miniwelt24.de\/vorruebergehend-geschlossen\/wp-json\/wp\/v2\/product_brand?post=29962"},{"taxonomy":"product_cat","embeddable":true,"href":"https:\/\/www.miniwelt24.de\/vorruebergehend-geschlossen\/wp-json\/wp\/v2\/product_cat?post=29962"},{"taxonomy":"product_tag","embeddable":true,"href":"https:\/\/www.miniwelt24.de\/vorruebergehend-geschlossen\/wp-json\/wp\/v2\/product_tag?post=29962"}],"curies":[{"name":"wp","href":"https:\/\/api.w.org\/{rel}","templated":true}]}}