{"id":3769,"date":"2020-06-16T15:09:36","date_gmt":"2020-06-16T13:09:36","guid":{"rendered":"https:\/\/www.miniwelt24.de\/produkt\/faller-fa-130197-milchabladestelle-mit-waage\/"},"modified":"2024-03-11T10:55:59","modified_gmt":"2024-03-11T09:55:59","slug":"faller-130197-milchabladestelle-mit-waage","status":"publish","type":"product","link":"https:\/\/www.miniwelt24.de\/vorruebergehend-geschlossen\/produkt\/faller-130197-milchabladestelle-mit-waage\/","title":{"rendered":"Faller 130197 &#8211; Milchabladestelle mit Waage"},"content":{"rendered":"<p>Umf\u00fcllstation mit Erfassung der Warenfl\u00fcsse. Heller, kubischer Funktionsbau mit zwei separaten Durchfahrtsm\u00f6glichkeiten f\u00fcr Milchsammelwagen sowie Armaturen und Schl\u00e4uchen f\u00fcr die Durchleitung der Rohmilch. Die geringe Bauh\u00f6he der beiliegenden Komplettfahrzeugwaage erm\u00f6glicht einen ebenerdigen Einbau oder die \u00fcberflurige Aufstellung mit niedriger Auf- und Abfahrh\u00f6he.<\/p>\n","protected":false},"excerpt":{"rendered":"<p>Milchabladestelle mit Waage<\/p>\n","protected":false},"featured_media":12791,"template":"","meta":[],"product_brand":[],"product_cat":[343,269],"product_tag":[4844,5540,5247],"class_list":{"0":"post-3769","1":"product","2":"type-product","3":"status-publish","4":"has-post-thumbnail","6":"product_cat-haeuser-u-figuren","7":"product_cat-modellbahn","8":"product_tag-gebaeude","9":"product_tag-h0","10":"product_tag-modellbahn","11":"product_shipping_class-dhl-paket","13":"first","14":"instock","15":"taxable","16":"shipping-taxable","17":"purchasable","18":"product-type-simple"},"_links":{"self":[{"href":"https:\/\/www.miniwelt24.de\/vorruebergehend-geschlossen\/wp-json\/wp\/v2\/product\/3769","targetHints":{"allow":["GET"]}}],"collection":[{"href":"https:\/\/www.miniwelt24.de\/vorruebergehend-geschlossen\/wp-json\/wp\/v2\/product"}],"about":[{"href":"https:\/\/www.miniwelt24.de\/vorruebergehend-geschlossen\/wp-json\/wp\/v2\/types\/product"}],"wp:featuredmedia":[{"embeddable":true,"href":"https:\/\/www.miniwelt24.de\/vorruebergehend-geschlossen\/wp-json\/wp\/v2\/media\/12791"}],"wp:attachment":[{"href":"https:\/\/www.miniwelt24.de\/vorruebergehend-geschlossen\/wp-json\/wp\/v2\/media?parent=3769"}],"wp:term":[{"taxonomy":"product_brand","embeddable":true,"href":"https:\/\/www.miniwelt24.de\/vorruebergehend-geschlossen\/wp-json\/wp\/v2\/product_brand?post=3769"},{"taxonomy":"product_cat","embeddable":true,"href":"https:\/\/www.miniwelt24.de\/vorruebergehend-geschlossen\/wp-json\/wp\/v2\/product_cat?post=3769"},{"taxonomy":"product_tag","embeddable":true,"href":"https:\/\/www.miniwelt24.de\/vorruebergehend-geschlossen\/wp-json\/wp\/v2\/product_tag?post=3769"}],"curies":[{"name":"wp","href":"https:\/\/api.w.org\/{rel}","templated":true}]}}