{"id":3778,"date":"2020-06-16T15:09:52","date_gmt":"2020-06-16T13:09:52","guid":{"rendered":"https:\/\/www.miniwelt24.de\/produkt\/faller-fa-139-kompressorhaus-rohrblasgerues\/"},"modified":"2024-03-11T10:56:07","modified_gmt":"2024-03-11T09:56:07","slug":"faller-120139-kompressorhaus-rohrblasgerues","status":"publish","type":"product","link":"https:\/\/www.miniwelt24.de\/vorruebergehend-geschlossen\/produkt\/faller-120139-kompressorhaus-rohrblasgerues\/","title":{"rendered":"Faller 120139 &#8211; Kompressorhaus, Rohrblasger\u00fcs"},"content":{"rendered":"<p>Der Bausatz enth\u00e4lt ein Kompressorhaus mit Anbau und Zubeh\u00f6rteilen, ein station\u00e4res Rohrblasger\u00fcst und ein Sch\u00fcrhakengestell mit den entsprechenden Handger\u00e4ten zum Reinigen und Entschlacken der Dampfloks.<br \/>\nJede BW-Anlage besitzt zur Versorgung des Druckluftnetzes ein Kompressorhaus. Von hier aus werden u. a. Lokwerkstatt, Besandungsturm und Rohrblasger\u00fcst mit Pressluft beschickt. Die Kesselrohre der Loks m\u00fcssen von Zeit zu Zeit durch Ausblasen mit der Rohrlanze gr\u00fcndlich gereinigt werden.<\/p>\n","protected":false},"excerpt":{"rendered":"<p>Kompressorhaus, Rohrblasger\u00fcs<\/p>\n","protected":false},"featured_media":12820,"template":"","meta":[],"product_brand":[],"product_cat":[343,269],"product_tag":[5682,3406,4844],"class_list":{"0":"post-3778","1":"product","2":"type-product","3":"status-publish","4":"has-post-thumbnail","6":"product_cat-haeuser-u-figuren","7":"product_cat-modellbahn","8":"product_tag-bahnbauten","9":"product_tag-bausatz","10":"product_tag-gebaeude","11":"product_shipping_class-dhl-paket","13":"first","14":"outofstock","15":"taxable","16":"shipping-taxable","17":"purchasable","18":"product-type-simple"},"_links":{"self":[{"href":"https:\/\/www.miniwelt24.de\/vorruebergehend-geschlossen\/wp-json\/wp\/v2\/product\/3778","targetHints":{"allow":["GET"]}}],"collection":[{"href":"https:\/\/www.miniwelt24.de\/vorruebergehend-geschlossen\/wp-json\/wp\/v2\/product"}],"about":[{"href":"https:\/\/www.miniwelt24.de\/vorruebergehend-geschlossen\/wp-json\/wp\/v2\/types\/product"}],"wp:featuredmedia":[{"embeddable":true,"href":"https:\/\/www.miniwelt24.de\/vorruebergehend-geschlossen\/wp-json\/wp\/v2\/media\/12820"}],"wp:attachment":[{"href":"https:\/\/www.miniwelt24.de\/vorruebergehend-geschlossen\/wp-json\/wp\/v2\/media?parent=3778"}],"wp:term":[{"taxonomy":"product_brand","embeddable":true,"href":"https:\/\/www.miniwelt24.de\/vorruebergehend-geschlossen\/wp-json\/wp\/v2\/product_brand?post=3778"},{"taxonomy":"product_cat","embeddable":true,"href":"https:\/\/www.miniwelt24.de\/vorruebergehend-geschlossen\/wp-json\/wp\/v2\/product_cat?post=3778"},{"taxonomy":"product_tag","embeddable":true,"href":"https:\/\/www.miniwelt24.de\/vorruebergehend-geschlossen\/wp-json\/wp\/v2\/product_tag?post=3778"}],"curies":[{"name":"wp","href":"https:\/\/api.w.org\/{rel}","templated":true}]}}