{"id":3779,"date":"2020-06-16T15:09:54","date_gmt":"2020-06-16T13:09:54","guid":{"rendered":"https:\/\/www.miniwelt24.de\/produkt\/faller-fa-143-wasserturm-haltingen\/"},"modified":"2024-03-11T10:56:08","modified_gmt":"2024-03-11T09:56:08","slug":"faller-120143-wasserturm-haltingen","status":"publish","type":"product","link":"https:\/\/www.miniwelt24.de\/vorruebergehend-geschlossen\/produkt\/faller-120143-wasserturm-haltingen\/","title":{"rendered":"Faller 120143 &#8211; Wasserturm Haltingen"},"content":{"rendered":"<p>Ein sch\u00f6ner, alter Wasserturm mit Kugelbeh\u00e4lter und filigraner Stahltr\u00e4gerkonstruktion. Eingangsh\u00e4uschen zur Pumpstation, Brunnenschachtabdeckung und Entl\u00fcftungsrohr als Zubeh\u00f6r.<br \/>\nDas 1908 erbaute Original mit 500 m\u00b3-Beh\u00e4lter steht in Haltingen im Markgr\u00e4fler Land, in der N\u00e4he der Grenze zur Schweiz (Basel).<\/p>\n","protected":false},"excerpt":{"rendered":"<p>Wasserturm Haltingen<\/p>\n","protected":false},"featured_media":12823,"template":"","meta":[],"product_brand":[],"product_cat":[343,269],"product_tag":[4844,5540,5247],"class_list":{"0":"post-3779","1":"product","2":"type-product","3":"status-publish","4":"has-post-thumbnail","6":"product_cat-haeuser-u-figuren","7":"product_cat-modellbahn","8":"product_tag-gebaeude","9":"product_tag-h0","10":"product_tag-modellbahn","11":"product_shipping_class-dhl-paket","13":"first","14":"outofstock","15":"taxable","16":"shipping-taxable","17":"purchasable","18":"product-type-simple"},"_links":{"self":[{"href":"https:\/\/www.miniwelt24.de\/vorruebergehend-geschlossen\/wp-json\/wp\/v2\/product\/3779","targetHints":{"allow":["GET"]}}],"collection":[{"href":"https:\/\/www.miniwelt24.de\/vorruebergehend-geschlossen\/wp-json\/wp\/v2\/product"}],"about":[{"href":"https:\/\/www.miniwelt24.de\/vorruebergehend-geschlossen\/wp-json\/wp\/v2\/types\/product"}],"wp:featuredmedia":[{"embeddable":true,"href":"https:\/\/www.miniwelt24.de\/vorruebergehend-geschlossen\/wp-json\/wp\/v2\/media\/12823"}],"wp:attachment":[{"href":"https:\/\/www.miniwelt24.de\/vorruebergehend-geschlossen\/wp-json\/wp\/v2\/media?parent=3779"}],"wp:term":[{"taxonomy":"product_brand","embeddable":true,"href":"https:\/\/www.miniwelt24.de\/vorruebergehend-geschlossen\/wp-json\/wp\/v2\/product_brand?post=3779"},{"taxonomy":"product_cat","embeddable":true,"href":"https:\/\/www.miniwelt24.de\/vorruebergehend-geschlossen\/wp-json\/wp\/v2\/product_cat?post=3779"},{"taxonomy":"product_tag","embeddable":true,"href":"https:\/\/www.miniwelt24.de\/vorruebergehend-geschlossen\/wp-json\/wp\/v2\/product_tag?post=3779"}],"curies":[{"name":"wp","href":"https:\/\/api.w.org\/{rel}","templated":true}]}}