{"id":4666,"date":"2020-06-24T21:46:22","date_gmt":"2020-06-24T19:46:22","guid":{"rendered":"https:\/\/www.miniwelt24.de\/produkt\/eitech-00019-c19-metallbaukasten-mega-raupe-kettenbagger\/"},"modified":"2024-03-11T10:56:25","modified_gmt":"2024-03-11T09:56:25","slug":"eitech-00019-c19-metallbaukasten-mega-raupe-kettenbagger","status":"publish","type":"product","link":"https:\/\/www.miniwelt24.de\/vorruebergehend-geschlossen\/produkt\/eitech-00019-c19-metallbaukasten-mega-raupe-kettenbagger\/","title":{"rendered":"Eitech 00019 &#8211; C19 &#8211; Metallbaukasten &#8211; Mega-Raupe \/ Kettenbagger"},"content":{"rendered":"<p>F\u00fcr angehende Bauarbeiter ist dieser Baukasten genau das Richtige, mit \u00fcber 1470 Teilen und vielen mechanischen Funktionen lassen sich mindestens 2 verschiedene Modelle bauen. Das passende Montagewerkzeug und eine detaillierte Bauanleitung sind im Lieferumfang des Artikels dazu enthalten.<\/p>\n<p>Made in Germany<\/p>\n<p>F\u00f6rdert motorischen F\u00e4higkeiten, Kreativit\u00e4t, Innovation und die kognitive Entwicklung<\/p>\n<p>\u00dcber 1470 Teile, inkl. Kugellager und vielen mechanischen Funktionen<\/p>\n<p>Inklusive bebilderte Schritt-f\u00fcr-Schritt-Bauanleitung<\/p>\n<p>Achtung f\u00fcr Kinder unter 36 Monaten nicht geeignet. Erstickungsgefahr.<\/p>\n","protected":false},"excerpt":{"rendered":"<p>Mega-Raupe \/ Kettenbagger<\/p>\n","protected":false},"featured_media":12900,"template":"","meta":[],"product_brand":[],"product_cat":[3196],"product_tag":[3426,3406,4873,5663,4674],"class_list":{"0":"post-4666","1":"product","2":"type-product","3":"status-publish","4":"has-post-thumbnail","6":"product_cat-metallbaukasten-holzbaukasten-plstikbaukasten-elektronikbaukasten-steinbaukasten","7":"product_tag-baukasten","8":"product_tag-bausatz","9":"product_tag-fahrzeug","10":"product_tag-metall","11":"product_tag-metallbaukasten","12":"product_shipping_class-dhl-paket","14":"first","15":"outofstock","16":"taxable","17":"shipping-taxable","18":"purchasable","19":"product-type-simple"},"_links":{"self":[{"href":"https:\/\/www.miniwelt24.de\/vorruebergehend-geschlossen\/wp-json\/wp\/v2\/product\/4666","targetHints":{"allow":["GET"]}}],"collection":[{"href":"https:\/\/www.miniwelt24.de\/vorruebergehend-geschlossen\/wp-json\/wp\/v2\/product"}],"about":[{"href":"https:\/\/www.miniwelt24.de\/vorruebergehend-geschlossen\/wp-json\/wp\/v2\/types\/product"}],"wp:featuredmedia":[{"embeddable":true,"href":"https:\/\/www.miniwelt24.de\/vorruebergehend-geschlossen\/wp-json\/wp\/v2\/media\/12900"}],"wp:attachment":[{"href":"https:\/\/www.miniwelt24.de\/vorruebergehend-geschlossen\/wp-json\/wp\/v2\/media?parent=4666"}],"wp:term":[{"taxonomy":"product_brand","embeddable":true,"href":"https:\/\/www.miniwelt24.de\/vorruebergehend-geschlossen\/wp-json\/wp\/v2\/product_brand?post=4666"},{"taxonomy":"product_cat","embeddable":true,"href":"https:\/\/www.miniwelt24.de\/vorruebergehend-geschlossen\/wp-json\/wp\/v2\/product_cat?post=4666"},{"taxonomy":"product_tag","embeddable":true,"href":"https:\/\/www.miniwelt24.de\/vorruebergehend-geschlossen\/wp-json\/wp\/v2\/product_tag?post=4666"}],"curies":[{"name":"wp","href":"https:\/\/api.w.org\/{rel}","templated":true}]}}