{"id":4684,"date":"2020-06-24T22:35:36","date_gmt":"2020-06-24T20:35:36","guid":{"rendered":"https:\/\/www.miniwelt24.de\/produkt\/eitech-00023-c23-metallbaukasten-2-4-ghz-rc-traktor-mit-anhaenger\/"},"modified":"2024-03-11T10:56:26","modified_gmt":"2024-03-11T09:56:26","slug":"eitech-00023-c23-metallbaukasten-2-4-ghz-rc-traktor-mit-anhaenger","status":"publish","type":"product","link":"https:\/\/www.miniwelt24.de\/vorruebergehend-geschlossen\/produkt\/eitech-00023-c23-metallbaukasten-2-4-ghz-rc-traktor-mit-anhaenger\/","title":{"rendered":"Eitech 00023 &#8211; C23 &#8211; Metallbaukasten &#8211; 2.4 GHZ RC Traktor mit Anh\u00e4nger"},"content":{"rendered":"<p>Mit diesem RC-Traktor mit Anh\u00e4nger k\u00f6nnen kleine und gro\u00dfe Konstrukteure spielerisch die Welt der Landwirtschaft erkunden. Durch denn kippbaren Anh\u00e4nger k\u00f6nnen kleine Teile Transportiert und auf- &#038; abgeladen werden. Aus \u00fcber 350 Teilen wird das Modell in einem Ma\u00dfstab von 1:28 gebaut.Das passende Montagewerkzeug, eine Funkfernbedienung (inkl. Batterien) und eine detaillierte bebilderte Bauanleitung sind im Lieferumfang des Artikels enthalten.<\/p>\n<p>Made in Germany<\/p>\n<p>F\u00f6rdert motorischen F\u00e4higkeiten, Kreativit\u00e4t, Innovation und die kognitive Entwicklung<\/p>\n<p>\u00dcber 350 Teile, inkl. Fernsteuerung (2.4 GHz-Technik), Batterien und kippbarern Anh\u00e4nger<\/p>\n<p>Inklusive bebilderte Schritt-f\u00fcr-Schritt-Bauanleitung<\/p>\n<p>Achtung f\u00fcr Kinder unter 36 Monaten nicht geeignet. Erstickungsgefahr.<\/p>\n","protected":false},"excerpt":{"rendered":"<p>2.4 GHZ RC Traktor mit Anh\u00e4nger<\/p>\n","protected":false},"featured_media":12918,"template":"","meta":[],"product_brand":[],"product_cat":[3196],"product_tag":[3426,3406,5663,4674,5519],"class_list":{"0":"post-4684","1":"product","2":"type-product","3":"status-publish","4":"has-post-thumbnail","6":"product_cat-metallbaukasten-holzbaukasten-plstikbaukasten-elektronikbaukasten-steinbaukasten","7":"product_tag-baukasten","8":"product_tag-bausatz","9":"product_tag-metall","10":"product_tag-metallbaukasten","11":"product_tag-rc","12":"product_shipping_class-dhl-paket","14":"first","15":"outofstock","16":"taxable","17":"shipping-taxable","18":"purchasable","19":"product-type-simple"},"_links":{"self":[{"href":"https:\/\/www.miniwelt24.de\/vorruebergehend-geschlossen\/wp-json\/wp\/v2\/product\/4684","targetHints":{"allow":["GET"]}}],"collection":[{"href":"https:\/\/www.miniwelt24.de\/vorruebergehend-geschlossen\/wp-json\/wp\/v2\/product"}],"about":[{"href":"https:\/\/www.miniwelt24.de\/vorruebergehend-geschlossen\/wp-json\/wp\/v2\/types\/product"}],"wp:featuredmedia":[{"embeddable":true,"href":"https:\/\/www.miniwelt24.de\/vorruebergehend-geschlossen\/wp-json\/wp\/v2\/media\/12918"}],"wp:attachment":[{"href":"https:\/\/www.miniwelt24.de\/vorruebergehend-geschlossen\/wp-json\/wp\/v2\/media?parent=4684"}],"wp:term":[{"taxonomy":"product_brand","embeddable":true,"href":"https:\/\/www.miniwelt24.de\/vorruebergehend-geschlossen\/wp-json\/wp\/v2\/product_brand?post=4684"},{"taxonomy":"product_cat","embeddable":true,"href":"https:\/\/www.miniwelt24.de\/vorruebergehend-geschlossen\/wp-json\/wp\/v2\/product_cat?post=4684"},{"taxonomy":"product_tag","embeddable":true,"href":"https:\/\/www.miniwelt24.de\/vorruebergehend-geschlossen\/wp-json\/wp\/v2\/product_tag?post=4684"}],"curies":[{"name":"wp","href":"https:\/\/api.w.org\/{rel}","templated":true}]}}