{"id":4748,"date":"2020-06-25T01:31:06","date_gmt":"2020-06-24T23:31:06","guid":{"rendered":"https:\/\/www.miniwelt24.de\/produkt\/eitech-00088-c88-metallbaukasten-doppeldecker-propellermaschine\/"},"modified":"2024-03-11T10:56:42","modified_gmt":"2024-03-11T09:56:42","slug":"eitech-00088-c88-metallbaukasten-doppeldecker-propellermaschine","status":"publish","type":"product","link":"https:\/\/www.miniwelt24.de\/vorruebergehend-geschlossen\/produkt\/eitech-00088-c88-metallbaukasten-doppeldecker-propellermaschine\/","title":{"rendered":"Eitech 00088 &#8211; C88 &#8211; Metallbaukasten &#8211; Doppeldecker \/ Propellermaschine"},"content":{"rendered":"<p>Der ideale Einstieg in die Solarwelt f\u00fcr Techniker ab 8 Jahren. Mit diesem Baukasten k\u00f6nnen sie ihren ersten Hubschrauber mit Hilfe einer 0,5 V Solarzelle und einem Motor steigen in Bewegung bringen. Aus \u00fcber 135 Teilen k\u00f6nnen mindestens zwei verschiedene Modellvarianten gebaut werden. Die Bauteile des Artikels bestehen zum gr\u00f6\u00dften Teil aus verzinktem Bandstahl. Das passende Montagewerkzeug und eine detaillierte, bebilderte Bauanleitung sind im Lieferumfang des Artikels enthalten.<\/p>\n<p>Made in Germany<\/p>\n<p>F\u00f6rdert motorischen F\u00e4higkeiten, Kreativit\u00e4t, Innovation und die kognitive Entwicklung<\/p>\n<p>Mindestens 2 verschiedene Modelle aus \u00fcber 170 Teilen baubar<\/p>\n<p>Inklusive bebilderte Schritt-f\u00fcr-Schritt-Bauanleitung<\/p>\n<p>Achtung! Nicht geeignet f\u00fcr Kinder unter 3 Jahren. Enth\u00e4lt verschluckbare Kleinteile. Erstickungsgefahr!<\/p>\n","protected":false},"excerpt":{"rendered":"<p>Doppeldecker \/ Propellermaschine<\/p>\n","protected":false},"featured_media":0,"template":"","meta":[],"product_brand":[],"product_cat":[3196],"product_tag":[3426,3406,3404,5663,4674],"class_list":{"0":"post-4748","1":"product","2":"type-product","3":"status-publish","5":"product_cat-metallbaukasten-holzbaukasten-plstikbaukasten-elektronikbaukasten-steinbaukasten","6":"product_tag-baukasten","7":"product_tag-bausatz","8":"product_tag-flugzeug","9":"product_tag-metall","10":"product_tag-metallbaukasten","11":"product_shipping_class-dhl-paket","13":"first","14":"outofstock","15":"taxable","16":"shipping-taxable","17":"purchasable","18":"product-type-simple"},"_links":{"self":[{"href":"https:\/\/www.miniwelt24.de\/vorruebergehend-geschlossen\/wp-json\/wp\/v2\/product\/4748","targetHints":{"allow":["GET"]}}],"collection":[{"href":"https:\/\/www.miniwelt24.de\/vorruebergehend-geschlossen\/wp-json\/wp\/v2\/product"}],"about":[{"href":"https:\/\/www.miniwelt24.de\/vorruebergehend-geschlossen\/wp-json\/wp\/v2\/types\/product"}],"wp:attachment":[{"href":"https:\/\/www.miniwelt24.de\/vorruebergehend-geschlossen\/wp-json\/wp\/v2\/media?parent=4748"}],"wp:term":[{"taxonomy":"product_brand","embeddable":true,"href":"https:\/\/www.miniwelt24.de\/vorruebergehend-geschlossen\/wp-json\/wp\/v2\/product_brand?post=4748"},{"taxonomy":"product_cat","embeddable":true,"href":"https:\/\/www.miniwelt24.de\/vorruebergehend-geschlossen\/wp-json\/wp\/v2\/product_cat?post=4748"},{"taxonomy":"product_tag","embeddable":true,"href":"https:\/\/www.miniwelt24.de\/vorruebergehend-geschlossen\/wp-json\/wp\/v2\/product_tag?post=4748"}],"curies":[{"name":"wp","href":"https:\/\/api.w.org\/{rel}","templated":true}]}}