{"id":6652,"date":"2019-03-31T22:36:09","date_gmt":"2019-03-31T20:36:09","guid":{"rendered":"https:\/\/www.miniwelt24.de\/produkt\/gw-bl-04100181231-horus-heresy-der-rote-koenig-pb\/"},"modified":"2024-03-11T10:42:59","modified_gmt":"2024-03-11T09:42:59","slug":"gw-bl-04100181231-horus-heresy-der-rote-koenig-pb","status":"publish","type":"product","link":"https:\/\/www.miniwelt24.de\/vorruebergehend-geschlossen\/produkt\/gw-bl-04100181231-horus-heresy-der-rote-koenig-pb\/","title":{"rendered":"GW-BL-04100181231 &#8211; HORUS HERESY: DER ROTE K\u00d6NIG PB"},"content":{"rendered":"<p>The Horus Heresy Buch 44<\/p>\n<p>Ausgesto\u00dfen, gejagt und verabscheut &#8211; die Legion der Thousand Sons hat jeglichen Halt verloren, ebenso wie ihr Primarch, Magnus. Dessen Macht und Pers\u00f6nlichkeit sind gebrochen und drastische Handlungen sind n\u00f6tig, wenn die Legion ihren Genvater nicht f\u00fcr immer verlieren will.<\/p>\n<p>DIE GESCHICHTE<br \/>\nNach der Zerst\u00f6rung von Prospero, nutzte Magnus der Rote seine Kr\u00e4fte, um die Thousand Sons zum Planeten der Zauberer tief im Auge des Schreckens zu bringen. Fernab der Ereignisse in der Galaxis beobachtet Magnus die Rebellion des Kriegsherrn Horus mit kaltem Gleichmut und widmet sein leeres Dasein der Bewahrung des Wissens, welches die gro\u00dfen Bibliotheken von Tizca einst enthielten, sollte die Menschheit eines Tages erneut danach streben. Doch seine S\u00f6hne erkennen die Ver\u00e4nderungen, die in ihrem Primarchen vorgehen. Er ist eine gebrochene Seele, deren Verstand und Erinnerung langsam im Tumult des Warp versinkt. Nur durch eine R\u00fcckkehr an die Orte seiner gr\u00f6\u00dften Siege und Niederlagen besteht die Hoffnung, ihn zu heilen und den Roten K\u00f6nig erneut von den Verderbten M\u00e4chten kr\u00f6nen zu lassen.<\/p>\n<p>Von Graham McNeill. <\/p>\n","protected":false},"excerpt":{"rendered":"<p>Graham McNeills langerwartete Fortsetzung von Thousand Sons ist endlich erh\u00e4ltlich! Magnus und seine Legion sind nun definitiv auf dem Weg, eine Verr\u00e4terlegion zu werden und dieser Roman bereitet die B\u00fchne f\u00fcr die ber\u00fcchtigten Taten, welche sie f\u00fcr immer verfluchen werden.<\/p>\n","protected":false},"featured_media":11493,"template":"","meta":[],"product_brand":[],"product_cat":[1953,69],"product_tag":[6087,5707,5710,5520,5706,5708,5521],"class_list":{"0":"post-6652","1":"product","2":"type-product","3":"status-publish","4":"has-post-thumbnail","6":"product_cat-buecher-zeitschriften","7":"product_cat-table-top","8":"product_tag-6087","9":"product_tag-black","10":"product_tag-crimmitschau","11":"product_tag-games","12":"product_tag-gw","13":"product_tag-library","14":"product_tag-workshop","15":"product_shipping_class-dhl-paket","17":"first","18":"outofstock","19":"taxable","20":"shipping-taxable","21":"purchasable","22":"product-type-simple"},"_links":{"self":[{"href":"https:\/\/www.miniwelt24.de\/vorruebergehend-geschlossen\/wp-json\/wp\/v2\/product\/6652","targetHints":{"allow":["GET"]}}],"collection":[{"href":"https:\/\/www.miniwelt24.de\/vorruebergehend-geschlossen\/wp-json\/wp\/v2\/product"}],"about":[{"href":"https:\/\/www.miniwelt24.de\/vorruebergehend-geschlossen\/wp-json\/wp\/v2\/types\/product"}],"wp:featuredmedia":[{"embeddable":true,"href":"https:\/\/www.miniwelt24.de\/vorruebergehend-geschlossen\/wp-json\/wp\/v2\/media\/11493"}],"wp:attachment":[{"href":"https:\/\/www.miniwelt24.de\/vorruebergehend-geschlossen\/wp-json\/wp\/v2\/media?parent=6652"}],"wp:term":[{"taxonomy":"product_brand","embeddable":true,"href":"https:\/\/www.miniwelt24.de\/vorruebergehend-geschlossen\/wp-json\/wp\/v2\/product_brand?post=6652"},{"taxonomy":"product_cat","embeddable":true,"href":"https:\/\/www.miniwelt24.de\/vorruebergehend-geschlossen\/wp-json\/wp\/v2\/product_cat?post=6652"},{"taxonomy":"product_tag","embeddable":true,"href":"https:\/\/www.miniwelt24.de\/vorruebergehend-geschlossen\/wp-json\/wp\/v2\/product_tag?post=6652"}],"curies":[{"name":"wp","href":"https:\/\/api.w.org\/{rel}","templated":true}]}}