{"id":6687,"date":"2019-03-31T23:01:22","date_gmt":"2019-03-31T21:01:22","guid":{"rendered":"https:\/\/www.miniwelt24.de\/produkt\/gw-bl-04100281026-callis-toll-der-silbersplitter-pb\/"},"modified":"2024-03-11T10:43:17","modified_gmt":"2024-03-11T09:43:17","slug":"gw-bl-04100281026-callis-toll-der-silbersplitter-pb","status":"publish","type":"product","link":"https:\/\/www.miniwelt24.de\/vorruebergehend-geschlossen\/produkt\/gw-bl-04100281026-callis-toll-der-silbersplitter-pb\/","title":{"rendered":"GW-BL-04100281026 &#8211; CALLIS &amp; TOLL: DER SILBERSPLITTER (PB)"},"content":{"rendered":"<p>Ein \u203aWarhammer Age of Sigmar\u2039-Roman<\/p>\n<p>Der Hexenj\u00e4ger Hanniver Toll und sein Gef\u00e4hrte Armand Callis stellen sich den Gefahren der Klauenk\u00fcste, um einen Hexer davon abzuhalten, ein Artefakt zu erlangen, welches die Realit\u00e4t neu formen kann.<\/p>\n<p>DIE GESCHICHTE<br \/>\nIn der Stadt Excelsis stellen Hexenj\u00e4ger Hanniver Toll und der Freigildensoldat Armand Callis einem Kult der M\u00e4chte des Chaos nach. Schon bald stellen sie fest, dass dessen Machenschaften weit \u00fcber die Stadt hinausgehen. Zusammen mit der gef\u00e4hrlichen Korsarenk\u00f6nigin Arika Zenthe und dem aelfischen Schatzj\u00e4ger Shev Arclis m\u00fcssen die beiden den gef\u00e4hrlichen Gew\u00e4ssern und Dschungeln der Klauenk\u00fcste trotzen, um den Kult aufzuhalten, bevor dieser die verlorene Stadt Xoantica erreicht. In deren vergessenen Ruinen liegt der Silbersplitter, ein Artefakt aus einer anderen Welt mit der Macht, die Realit\u00e4t selbst zu ver\u00e4ndern. Sollte er den Verr\u00e4tern in die H\u00e4nde fallen, steht das Schicksal von Excelsis und vielleicht sogar aller gro\u00dfen Sigmarst\u00e4dte in Ghur \u2013 dem Reich der Bestien \u2013 auf dem Spiel.<\/p>\n<p>Von Nick Horth. <\/p>\n","protected":false},"excerpt":{"rendered":"<p>Jenseits der legend\u00e4ren Schlachtfelder stellen sich einfache Menschen auf ihre eigene Art den Dunklen M\u00e4chten. Nick Horth zeigt in seinem Deb\u00fctroman die d\u00fcstere Seite der Reiche der Sterblichen. Au\u00dferdem enthalten: Die Novelle Die Stadt der Geheimnisse \u2013 die Vorgeschichte zum Roman!<\/p>\n","protected":false},"featured_media":30843,"template":"","meta":[],"product_brand":[],"product_cat":[1953,69],"product_tag":[6087,5707,5710,5520,5706,5708,5521],"class_list":{"0":"post-6687","1":"product","2":"type-product","3":"status-publish","4":"has-post-thumbnail","6":"product_cat-buecher-zeitschriften","7":"product_cat-table-top","8":"product_tag-6087","9":"product_tag-black","10":"product_tag-crimmitschau","11":"product_tag-games","12":"product_tag-gw","13":"product_tag-library","14":"product_tag-workshop","15":"product_shipping_class-dhl-paket","17":"first","18":"outofstock","19":"taxable","20":"shipping-taxable","21":"purchasable","22":"product-type-simple"},"_links":{"self":[{"href":"https:\/\/www.miniwelt24.de\/vorruebergehend-geschlossen\/wp-json\/wp\/v2\/product\/6687","targetHints":{"allow":["GET"]}}],"collection":[{"href":"https:\/\/www.miniwelt24.de\/vorruebergehend-geschlossen\/wp-json\/wp\/v2\/product"}],"about":[{"href":"https:\/\/www.miniwelt24.de\/vorruebergehend-geschlossen\/wp-json\/wp\/v2\/types\/product"}],"wp:featuredmedia":[{"embeddable":true,"href":"https:\/\/www.miniwelt24.de\/vorruebergehend-geschlossen\/wp-json\/wp\/v2\/media\/30843"}],"wp:attachment":[{"href":"https:\/\/www.miniwelt24.de\/vorruebergehend-geschlossen\/wp-json\/wp\/v2\/media?parent=6687"}],"wp:term":[{"taxonomy":"product_brand","embeddable":true,"href":"https:\/\/www.miniwelt24.de\/vorruebergehend-geschlossen\/wp-json\/wp\/v2\/product_brand?post=6687"},{"taxonomy":"product_cat","embeddable":true,"href":"https:\/\/www.miniwelt24.de\/vorruebergehend-geschlossen\/wp-json\/wp\/v2\/product_cat?post=6687"},{"taxonomy":"product_tag","embeddable":true,"href":"https:\/\/www.miniwelt24.de\/vorruebergehend-geschlossen\/wp-json\/wp\/v2\/product_tag?post=6687"}],"curies":[{"name":"wp","href":"https:\/\/api.w.org\/{rel}","templated":true}]}}