{"id":6693,"date":"2019-03-31T23:04:52","date_gmt":"2019-03-31T21:04:52","guid":{"rendered":"https:\/\/www.miniwelt24.de\/produkt\/gw-bl-04100181124-horus-heresy-praetorianer-des-dorn-pb\/"},"modified":"2024-03-11T10:43:18","modified_gmt":"2024-03-11T09:43:18","slug":"gw-bl-04100181124-horus-heresy-praetorianer-des-dorn-pb","status":"publish","type":"product","link":"https:\/\/www.miniwelt24.de\/vorruebergehend-geschlossen\/produkt\/gw-bl-04100181124-horus-heresy-praetorianer-des-dorn-pb\/","title":{"rendered":"GW-BL-04100181124 &#8211; HORUS HERESY: PR\u00c4TORIANER DES DORN (PB)"},"content":{"rendered":"<p>Ein Horus-Heresy-Roman<\/p>\n<p>Als der Angriff auf das Sol-System beginnt, m\u00fcssen die Imperial Fists beweisen, was das von ihnen errichtete Bollwerk wert ist.<\/p>\n<p>DIE GESCHICHTE<br \/>\nAls Pr\u00e4torianer des Imperators werden Rogal Dorn und seine VII. Legion vom Gro\u00dfen Kreuzzug zur\u00fcckgerufen, doch erst als der Verrat des Kriegsherrn ans Licht kommt, offenbart sich das ganze Ausma\u00df ihrer Pflicht. Zum ersten Mal seit Ausbruch des Krieges wird das Sol-System direkt angegriffen und viele der scheinbar un\u00fcberwindlichen Verteidigungsanlagen, die von den Imperial Fists errichtet wurden, erweisen sich als unzureichend. Doch w\u00e4hrend sich alle Augen auf die Bedrohung vor Terras Toren richten, hat der Feind bereits seinen Fu\u00df auf Terras Boden gesetzt.<\/p>\n<p>Geschrieben von John French. <\/p>\n","protected":false},"excerpt":{"rendered":"<p>Dieser Horus-Heresy-Roman r\u00fcckt Terras Verteidiger ins Zentrum der Aufmerksamkeit. Rogal Dorn und seine VII. Legion stehen an vorderster Front, als der Angriff auf das Sol-System beginnt. Oder ist alles ganz anders?<\/p>\n","protected":false},"featured_media":11519,"template":"","meta":[],"product_brand":[],"product_cat":[1953,69],"product_tag":[6087,5707,5710,5520,5706,5708,5521],"class_list":{"0":"post-6693","1":"product","2":"type-product","3":"status-publish","4":"has-post-thumbnail","6":"product_cat-buecher-zeitschriften","7":"product_cat-table-top","8":"product_tag-6087","9":"product_tag-black","10":"product_tag-crimmitschau","11":"product_tag-games","12":"product_tag-gw","13":"product_tag-library","14":"product_tag-workshop","15":"product_shipping_class-dhl-paket","17":"first","18":"outofstock","19":"taxable","20":"shipping-taxable","21":"purchasable","22":"product-type-simple"},"_links":{"self":[{"href":"https:\/\/www.miniwelt24.de\/vorruebergehend-geschlossen\/wp-json\/wp\/v2\/product\/6693","targetHints":{"allow":["GET"]}}],"collection":[{"href":"https:\/\/www.miniwelt24.de\/vorruebergehend-geschlossen\/wp-json\/wp\/v2\/product"}],"about":[{"href":"https:\/\/www.miniwelt24.de\/vorruebergehend-geschlossen\/wp-json\/wp\/v2\/types\/product"}],"wp:featuredmedia":[{"embeddable":true,"href":"https:\/\/www.miniwelt24.de\/vorruebergehend-geschlossen\/wp-json\/wp\/v2\/media\/11519"}],"wp:attachment":[{"href":"https:\/\/www.miniwelt24.de\/vorruebergehend-geschlossen\/wp-json\/wp\/v2\/media?parent=6693"}],"wp:term":[{"taxonomy":"product_brand","embeddable":true,"href":"https:\/\/www.miniwelt24.de\/vorruebergehend-geschlossen\/wp-json\/wp\/v2\/product_brand?post=6693"},{"taxonomy":"product_cat","embeddable":true,"href":"https:\/\/www.miniwelt24.de\/vorruebergehend-geschlossen\/wp-json\/wp\/v2\/product_cat?post=6693"},{"taxonomy":"product_tag","embeddable":true,"href":"https:\/\/www.miniwelt24.de\/vorruebergehend-geschlossen\/wp-json\/wp\/v2\/product_tag?post=6693"}],"curies":[{"name":"wp","href":"https:\/\/api.w.org\/{rel}","templated":true}]}}