{"id":989,"date":"2019-11-06T20:49:15","date_gmt":"2019-11-06T19:49:15","guid":{"rendered":"https:\/\/www.miniwelt24.de\/produkt\/maerklin-72218-maerklin-my-world-baustein-set-hochbahn-bruecke-neu-ovp\/"},"modified":"2024-03-11T10:48:04","modified_gmt":"2024-03-11T09:48:04","slug":"maerklin-72218-my-world-baustein-set-hochbahn-bruecke","status":"publish","type":"product","link":"https:\/\/www.miniwelt24.de\/vorruebergehend-geschlossen\/produkt\/maerklin-72218-my-world-baustein-set-hochbahn-bruecke\/","title":{"rendered":"M\u00e4rklin 72218 &#8211; My World &#8211; Baustein-Set Hochbahn-Br\u00fccke"},"content":{"rendered":"","protected":false},"excerpt":{"rendered":"<p>M\u00e4rklin &#8211; My World &#8211; Baustein-Set Hochbahn-Br\u00fccke<\/p>\n","protected":false},"featured_media":11956,"template":"","meta":[],"product_brand":[],"product_cat":[420],"product_tag":[5247,5440,5030,5512],"class_list":{"0":"post-989","1":"product","2":"type-product","3":"status-publish","4":"has-post-thumbnail","6":"product_cat-ab-3-jahre-3","7":"product_tag-modellbahn","8":"product_tag-my-world","9":"product_tag-set","10":"product_tag-spur-h0","11":"product_shipping_class-dhl-paket","13":"first","14":"instock","15":"taxable","16":"shipping-taxable","17":"purchasable","18":"product-type-simple"},"_links":{"self":[{"href":"https:\/\/www.miniwelt24.de\/vorruebergehend-geschlossen\/wp-json\/wp\/v2\/product\/989","targetHints":{"allow":["GET"]}}],"collection":[{"href":"https:\/\/www.miniwelt24.de\/vorruebergehend-geschlossen\/wp-json\/wp\/v2\/product"}],"about":[{"href":"https:\/\/www.miniwelt24.de\/vorruebergehend-geschlossen\/wp-json\/wp\/v2\/types\/product"}],"wp:featuredmedia":[{"embeddable":true,"href":"https:\/\/www.miniwelt24.de\/vorruebergehend-geschlossen\/wp-json\/wp\/v2\/media\/11956"}],"wp:attachment":[{"href":"https:\/\/www.miniwelt24.de\/vorruebergehend-geschlossen\/wp-json\/wp\/v2\/media?parent=989"}],"wp:term":[{"taxonomy":"product_brand","embeddable":true,"href":"https:\/\/www.miniwelt24.de\/vorruebergehend-geschlossen\/wp-json\/wp\/v2\/product_brand?post=989"},{"taxonomy":"product_cat","embeddable":true,"href":"https:\/\/www.miniwelt24.de\/vorruebergehend-geschlossen\/wp-json\/wp\/v2\/product_cat?post=989"},{"taxonomy":"product_tag","embeddable":true,"href":"https:\/\/www.miniwelt24.de\/vorruebergehend-geschlossen\/wp-json\/wp\/v2\/product_tag?post=989"}],"curies":[{"name":"wp","href":"https:\/\/api.w.org\/{rel}","templated":true}]}}