{"id":9902,"date":"2020-08-26T15:01:45","date_gmt":"2020-08-26T13:01:45","guid":{"rendered":"https:\/\/www.miniwelt24.de\/produkt\/kibri-37667-n-z-murgtal-bruecke\/"},"modified":"2024-03-11T11:00:22","modified_gmt":"2024-03-11T10:00:22","slug":"kibri-37667-n-z-murgtal-bruecke-eingleisig","status":"publish","type":"product","link":"https:\/\/www.miniwelt24.de\/vorruebergehend-geschlossen\/produkt\/kibri-37667-n-z-murgtal-bruecke-eingleisig\/","title":{"rendered":"Kibri 37667 &#8211; N\/Z Murgtal-Bruecke, eingleisig"},"content":{"rendered":"<p>Bausatz. In doppelter Ausf\u00fchrung ist ein zweigleisiger Aufbau m\u00f6glich. F\u00fcr alle g\u00e4ngigen Gleissysteme und Spur Z geeignet. Die Br\u00fcckenk\u00f6pfe sind enthalten. Dazu passt der Mittelpfeiler Art. 37673 und die Viadukt-Br\u00fcckenk\u00f6pfe Art. 37672. Bei zweigleisigem Aufbau Flexgleise verwenden, um den erforderlichen verbreiterten Parallelabstand auf den Br\u00fccken auszugleichen. Nur bei Verwendung in Spur Z f\u00fcr Oberleitungsbetrieb geeignet. Durchfahrtsh\u00f6he: 4,2 cm. Durchfahrtsbreite: 26,4 cm. Ma\u00dfe: L 31,8 x B 3,4 x H 9,7 cm. Schwierigkeitsgrad: 2 (Fortgeschrittene).<\/p>\n","protected":false},"excerpt":{"rendered":"<p>N\/Z Murgtal-Bruecke, eingleisig<\/p>\n","protected":false},"featured_media":14231,"template":"","meta":[],"product_brand":[],"product_cat":[3250],"product_tag":[3406,5605,5253],"class_list":{"0":"post-9902","1":"product","2":"type-product","3":"status-publish","4":"has-post-thumbnail","6":"product_cat-tunnel-und-bruecken-fuer-die-modellbahn","7":"product_tag-bausatz","8":"product_tag-kibri","9":"product_tag-modellauto","10":"product_shipping_class-dhl-paket","12":"first","13":"instock","14":"taxable","15":"shipping-taxable","16":"purchasable","17":"product-type-simple"},"_links":{"self":[{"href":"https:\/\/www.miniwelt24.de\/vorruebergehend-geschlossen\/wp-json\/wp\/v2\/product\/9902","targetHints":{"allow":["GET"]}}],"collection":[{"href":"https:\/\/www.miniwelt24.de\/vorruebergehend-geschlossen\/wp-json\/wp\/v2\/product"}],"about":[{"href":"https:\/\/www.miniwelt24.de\/vorruebergehend-geschlossen\/wp-json\/wp\/v2\/types\/product"}],"wp:featuredmedia":[{"embeddable":true,"href":"https:\/\/www.miniwelt24.de\/vorruebergehend-geschlossen\/wp-json\/wp\/v2\/media\/14231"}],"wp:attachment":[{"href":"https:\/\/www.miniwelt24.de\/vorruebergehend-geschlossen\/wp-json\/wp\/v2\/media?parent=9902"}],"wp:term":[{"taxonomy":"product_brand","embeddable":true,"href":"https:\/\/www.miniwelt24.de\/vorruebergehend-geschlossen\/wp-json\/wp\/v2\/product_brand?post=9902"},{"taxonomy":"product_cat","embeddable":true,"href":"https:\/\/www.miniwelt24.de\/vorruebergehend-geschlossen\/wp-json\/wp\/v2\/product_cat?post=9902"},{"taxonomy":"product_tag","embeddable":true,"href":"https:\/\/www.miniwelt24.de\/vorruebergehend-geschlossen\/wp-json\/wp\/v2\/product_tag?post=9902"}],"curies":[{"name":"wp","href":"https:\/\/api.w.org\/{rel}","templated":true}]}}